{"id":3715,"date":"2023-04-10T07:45:36","date_gmt":"2023-04-10T07:45:36","guid":{"rendered":"http:\/\/site2.easyceotech.com\/?post_type=product&#038;p=3715"},"modified":"2024-03-12T07:23:15","modified_gmt":"2024-03-12T07:23:15","slug":"quinacridone-red-c-i-p-r-122","status":"publish","type":"product","link":"https:\/\/wpachem.com\/es\/producto\/quinacridone-red-c-i-p-r-122\/","title":{"rendered":"Rojo de quinacridona CIPR 122"},"content":{"rendered":"<p><strong>Caracter\u00edsticas:<\/strong><\/p>\n<p>El rojo de quinacridona es un polvo rojo de color brillante. Tiene una excelente solidez, alta resistencia a los solventes org\u00e1nicos y al calor. No migra en diversos pl\u00e1sticos. Excelente solidez a la luz, por lo que, si se diluye mucho, no reduce la solidez al sol.<\/p>\n<p>&nbsp;<\/p>\n<p><strong>Solicitud:<\/strong><\/p>\n<p>Se utiliza principalmente para colorear pl\u00e1stico, pintura, resina, impresi\u00f3n de pintura, tinta, caucho y plexigl\u00e1s, etc. Tambi\u00e9n se puede utilizar para colorear pulpa de fibra sint\u00e9tica.<\/p>","protected":false},"excerpt":{"rendered":"<p><strong>Nombre del producto:<\/strong> Rojo de quinacridona<\/p>\n<p><strong>Indice de color:<\/strong> CIPR 122<\/p>\n<p><strong>Apariencia:<\/strong> polvo rojo<\/p>\n<p><strong>MF:<\/strong> C20H12N2O2<\/p>","protected":false},"featured_media":3701,"template":"","meta":{"_acf_changed":false,"_gspb_post_css":""},"product_brand":[],"product_cat":[70],"product_tag":[],"class_list":{"0":"post-3715","1":"product","2":"type-product","3":"status-publish","4":"has-post-thumbnail","6":"product_cat-organic-pigment","8":"first","9":"instock","10":"shipping-taxable","11":"product-type-simple"},"acf":[],"_links":{"self":[{"href":"https:\/\/wpachem.com\/es\/wp-json\/wp\/v2\/product\/3715","targetHints":{"allow":["GET"]}}],"collection":[{"href":"https:\/\/wpachem.com\/es\/wp-json\/wp\/v2\/product"}],"about":[{"href":"https:\/\/wpachem.com\/es\/wp-json\/wp\/v2\/types\/product"}],"version-history":[{"count":0,"href":"https:\/\/wpachem.com\/es\/wp-json\/wp\/v2\/product\/3715\/revisions"}],"wp:featuredmedia":[{"embeddable":true,"href":"https:\/\/wpachem.com\/es\/wp-json\/wp\/v2\/media\/3701"}],"wp:attachment":[{"href":"https:\/\/wpachem.com\/es\/wp-json\/wp\/v2\/media?parent=3715"}],"wp:term":[{"taxonomy":"product_brand","embeddable":true,"href":"https:\/\/wpachem.com\/es\/wp-json\/wp\/v2\/product_brand?post=3715"},{"taxonomy":"product_cat","embeddable":true,"href":"https:\/\/wpachem.com\/es\/wp-json\/wp\/v2\/product_cat?post=3715"},{"taxonomy":"product_tag","embeddable":true,"href":"https:\/\/wpachem.com\/es\/wp-json\/wp\/v2\/product_tag?post=3715"}],"curies":[{"name":"wp","href":"https:\/\/api.w.org\/{rel}","templated":true}]}}