{"id":3724,"date":"2023-04-10T08:01:41","date_gmt":"2023-04-10T08:01:41","guid":{"rendered":"http:\/\/site2.easyceotech.com\/?post_type=product&#038;p=3724"},"modified":"2024-03-12T07:21:55","modified_gmt":"2024-03-12T07:21:55","slug":"light-fast-scarlet-bbn","status":"publish","type":"product","link":"https:\/\/wpachem.com\/es\/producto\/light-fast-scarlet-bbn\/","title":{"rendered":"Luz r\u00e1pida escarlata BBN"},"content":{"rendered":"<p><strong>Caracter\u00edsticas:<\/strong><\/p>\n<p>El BBN escarlata ligero y r\u00e1pido es insoluble en agua y etanol, en caso de \u00e1cido sulf\u00farico concentrado se obtiene un rojo p\u00farpura, precipitaci\u00f3n azul-rojiza diluida, en caso de \u00e1cido n\u00edtrico concentrado se obtiene un rojo claro marr\u00f3n.<\/p>\n<p>&nbsp;<\/p>\n<p><strong>Solicitud:<\/strong><\/p>\n<p>Se utiliza principalmente para masterbatch de color, coloraci\u00f3n de pl\u00e1stico, PVC duro\/blando, cuero artificial de PVC, tinta, caucho, guantes de l\u00e1tex, pintura y coloraci\u00f3n de suministros culturales y educativos.<\/p>","protected":false},"excerpt":{"rendered":"<p><strong>Nombre del producto:<\/strong> Luz r\u00e1pida escarlata BBN<\/p>\n<p><strong>Indice de color:<\/strong> CIPR 48:1<\/p>\n<p><strong>Apariencia:<\/strong> Polvo rojo brillante<\/p>\n<p><strong>Otro nombre:<\/strong> 3118 BBN, 3133 2BN, BBN-P<\/p>","protected":false},"featured_media":3722,"template":"","meta":{"_acf_changed":false,"_gspb_post_css":""},"product_brand":[],"product_cat":[24],"product_tag":[],"class_list":{"0":"post-3724","1":"product","2":"type-product","3":"status-publish","4":"has-post-thumbnail","6":"product_cat-uncategorized","8":"first","9":"instock","10":"shipping-taxable","11":"product-type-simple"},"acf":[],"_links":{"self":[{"href":"https:\/\/wpachem.com\/es\/wp-json\/wp\/v2\/product\/3724","targetHints":{"allow":["GET"]}}],"collection":[{"href":"https:\/\/wpachem.com\/es\/wp-json\/wp\/v2\/product"}],"about":[{"href":"https:\/\/wpachem.com\/es\/wp-json\/wp\/v2\/types\/product"}],"version-history":[{"count":0,"href":"https:\/\/wpachem.com\/es\/wp-json\/wp\/v2\/product\/3724\/revisions"}],"wp:featuredmedia":[{"embeddable":true,"href":"https:\/\/wpachem.com\/es\/wp-json\/wp\/v2\/media\/3722"}],"wp:attachment":[{"href":"https:\/\/wpachem.com\/es\/wp-json\/wp\/v2\/media?parent=3724"}],"wp:term":[{"taxonomy":"product_brand","embeddable":true,"href":"https:\/\/wpachem.com\/es\/wp-json\/wp\/v2\/product_brand?post=3724"},{"taxonomy":"product_cat","embeddable":true,"href":"https:\/\/wpachem.com\/es\/wp-json\/wp\/v2\/product_cat?post=3724"},{"taxonomy":"product_tag","embeddable":true,"href":"https:\/\/wpachem.com\/es\/wp-json\/wp\/v2\/product_tag?post=3724"}],"curies":[{"name":"wp","href":"https:\/\/api.w.org\/{rel}","templated":true}]}}