{"id":3731,"date":"2023-04-10T08:21:51","date_gmt":"2023-04-10T08:21:51","guid":{"rendered":"http:\/\/site2.easyceotech.com\/?post_type=product&#038;p=3731"},"modified":"2024-03-12T07:21:46","modified_gmt":"2024-03-12T07:21:46","slug":"pigment-violet-19","status":"publish","type":"product","link":"https:\/\/wpachem.com\/es\/producto\/pigment-violet-19\/","title":{"rendered":"Pigmento Violeta 19"},"content":{"rendered":"<p><strong>Caracter\u00edsticas:<\/strong><\/p>\n<p>Pigment Violet 19 (Pigment Violet 19) es un pigmento de quinacridona de color p\u00farpura con un color muy brillante, que se puede dividir en tipo \u03b2 y tipo \u03b3 seg\u00fan su tipo de cristal. El pigmento de \u03b2-quinacridona produce un color p\u00farpura rojizo, que es similar al color claro del rojo tetraclorotio\u00edndigo (pigmento rojo 88) y tiene una excelente resistencia a la luz y estabilidad al calor. Para recubrimientos industriales de alta calidad, se puede usar con pigmentos inorg\u00e1nicos como \u00f3xido de hierro rojo, rojo de molibdeno y otros colores, el tipo transparente se puede usar para pintura decorativa de metal; Tambi\u00e9n se puede utilizar para colorear pl\u00e1sticos como PVC y PUR.<\/p>\n<p>El pigmento de quinacridona tipo Y tiene un tinte amarillo m\u00e1s fuerte que el tipo \u03b2, y la solidez a la luz del tipo Y con part\u00edculas finas es ligeramente menor que la del tipo \u03b2, pero tiene mayor transparencia. Tama\u00f1o de part\u00edcula gruesa de tipo \u03b3 excelente resistencia a la luz, adecuado para colorear pintura al aire libre; Se puede utilizar para tinta de impresi\u00f3n de decoraci\u00f3n de metales de alta calidad, y el pigmento rojo 122 se puede deletrear cerca del tono magenta est\u00e1ndar, utilizado para laminar pel\u00edculas pl\u00e1sticas y colorear pulpa de PP.<\/p>\n<p>&nbsp;<\/p>\n<p><strong>Solicitud:<\/strong><\/p>\n<p>Adecuado para pintura, tinta, resina pl\u00e1stica de alta calidad, productos de pl\u00e1stico blando, etc.<\/p>","protected":false},"excerpt":{"rendered":"<p><strong>Nombre del producto:<\/strong> Pigmento Violeta 19<\/p>\n<p><strong>Indice de color:<\/strong> CIPV 19<\/p>\n<p><strong>No CAS.:<\/strong>1047-16-1<\/p>\n<p><strong>Apariencia:<\/strong> Polvo morado brillante<\/p>","protected":false},"featured_media":3734,"template":"","meta":{"_acf_changed":false,"_gspb_post_css":""},"product_brand":[],"product_cat":[70],"product_tag":[],"class_list":{"0":"post-3731","1":"product","2":"type-product","3":"status-publish","4":"has-post-thumbnail","6":"product_cat-organic-pigment","8":"first","9":"instock","10":"shipping-taxable","11":"product-type-simple"},"acf":[],"_links":{"self":[{"href":"https:\/\/wpachem.com\/es\/wp-json\/wp\/v2\/product\/3731","targetHints":{"allow":["GET"]}}],"collection":[{"href":"https:\/\/wpachem.com\/es\/wp-json\/wp\/v2\/product"}],"about":[{"href":"https:\/\/wpachem.com\/es\/wp-json\/wp\/v2\/types\/product"}],"version-history":[{"count":0,"href":"https:\/\/wpachem.com\/es\/wp-json\/wp\/v2\/product\/3731\/revisions"}],"wp:featuredmedia":[{"embeddable":true,"href":"https:\/\/wpachem.com\/es\/wp-json\/wp\/v2\/media\/3734"}],"wp:attachment":[{"href":"https:\/\/wpachem.com\/es\/wp-json\/wp\/v2\/media?parent=3731"}],"wp:term":[{"taxonomy":"product_brand","embeddable":true,"href":"https:\/\/wpachem.com\/es\/wp-json\/wp\/v2\/product_brand?post=3731"},{"taxonomy":"product_cat","embeddable":true,"href":"https:\/\/wpachem.com\/es\/wp-json\/wp\/v2\/product_cat?post=3731"},{"taxonomy":"product_tag","embeddable":true,"href":"https:\/\/wpachem.com\/es\/wp-json\/wp\/v2\/product_tag?post=3731"}],"curies":[{"name":"wp","href":"https:\/\/api.w.org\/{rel}","templated":true}]}}