{"id":3735,"date":"2023-04-10T09:07:05","date_gmt":"2023-04-10T09:07:05","guid":{"rendered":"http:\/\/site2.easyceotech.com\/?post_type=product&#038;p=3735"},"modified":"2024-03-12T07:21:12","modified_gmt":"2024-03-12T07:21:12","slug":"bismuth-yellow-p-y-184","status":"publish","type":"product","link":"https:\/\/wpachem.com\/es\/producto\/bismuth-yellow-p-y-184\/","title":{"rendered":"Amarillo Bismuto PY184"},"content":{"rendered":"<p><strong>Caracter\u00edsticas:<\/strong><\/p>\n<p>1. El poder cubriente del amarillo bismuto y los pigmentos org\u00e1nicos utilizados en conjunto pueden producir un brillo muy brillante, con un tono alto y un fuerte poder cubriente.<br \/>\n2. El amarillo de bismuto es un pigmento excelente con una gran resistencia a la intemperie. La resistencia a los disolventes, a los \u00e1cidos y a los \u00e1lcalis es muy buena y la tasa de p\u00e9rdida por exposici\u00f3n al sol tambi\u00e9n es muy baja.<br \/>\n3. La dispersi\u00f3n tiene un excelente rendimiento de dispersi\u00f3n, ya sea que se utilice en recubrimientos a base de agua, recubrimientos en polvo, recubrimientos a base de aceite o tinta, puede ser una muy buena dispersi\u00f3n.<br \/>\n4. El color es amarillo brillante, el brillo es casi cercano al del pigmento org\u00e1nico amarillo de alto rendimiento.<\/p>\n<p>&nbsp;<\/p>\n<p><strong>Solicitud:<\/strong><\/p>\n<p>El amarillo de bismuto se puede utilizar en pintura de autom\u00f3viles, pintura de aluminio, recubrimiento en polvo, recubrimiento de construcci\u00f3n, recubrimiento de fluorocarbono, recubrimiento de bobinas, masterbatch, nailon, etc.<\/p>","protected":false},"excerpt":{"rendered":"<p><strong>Nombre del producto:<\/strong>\u00a0 Bismuto amarillo<\/p>\n<p><strong>Indice de color:<\/strong> PY184<\/p>\n<p><strong>Apariencia:<\/strong> Polvo amarillo<\/p>\n<p><strong>Contenido principal:<\/strong> Bi-V<\/p>","protected":false},"featured_media":3704,"template":"","meta":{"_acf_changed":false,"_gspb_post_css":""},"product_brand":[],"product_cat":[54],"product_tag":[],"class_list":{"0":"post-3735","1":"product","2":"type-product","3":"status-publish","4":"has-post-thumbnail","6":"product_cat-inorganic-pigments","8":"first","9":"instock","10":"shipping-taxable","11":"product-type-simple"},"acf":[],"_links":{"self":[{"href":"https:\/\/wpachem.com\/es\/wp-json\/wp\/v2\/product\/3735","targetHints":{"allow":["GET"]}}],"collection":[{"href":"https:\/\/wpachem.com\/es\/wp-json\/wp\/v2\/product"}],"about":[{"href":"https:\/\/wpachem.com\/es\/wp-json\/wp\/v2\/types\/product"}],"version-history":[{"count":0,"href":"https:\/\/wpachem.com\/es\/wp-json\/wp\/v2\/product\/3735\/revisions"}],"wp:featuredmedia":[{"embeddable":true,"href":"https:\/\/wpachem.com\/es\/wp-json\/wp\/v2\/media\/3704"}],"wp:attachment":[{"href":"https:\/\/wpachem.com\/es\/wp-json\/wp\/v2\/media?parent=3735"}],"wp:term":[{"taxonomy":"product_brand","embeddable":true,"href":"https:\/\/wpachem.com\/es\/wp-json\/wp\/v2\/product_brand?post=3735"},{"taxonomy":"product_cat","embeddable":true,"href":"https:\/\/wpachem.com\/es\/wp-json\/wp\/v2\/product_cat?post=3735"},{"taxonomy":"product_tag","embeddable":true,"href":"https:\/\/wpachem.com\/es\/wp-json\/wp\/v2\/product_tag?post=3735"}],"curies":[{"name":"wp","href":"https:\/\/api.w.org\/{rel}","templated":true}]}}