{"id":3738,"date":"2023-04-10T09:18:02","date_gmt":"2023-04-10T09:18:02","guid":{"rendered":"http:\/\/site2.easyceotech.com\/?post_type=product&#038;p=3738"},"modified":"2024-03-12T07:21:05","modified_gmt":"2024-03-12T07:21:05","slug":"fe-cr-brown","status":"publish","type":"product","link":"https:\/\/wpachem.com\/es\/producto\/fe-cr-brown\/","title":{"rendered":"Fe-Cr Marr\u00f3n"},"content":{"rendered":"<p><strong>Caracter\u00edsticas:<\/strong><\/p>\n<p>El marr\u00f3n Fe-Cr es un pigmento inorg\u00e1nico de tono marr\u00f3n ligeramente rojizo con buena resistencia a la luz, \u00e1cidos, \u00e1lcalis y a la intemperie. Por su car\u00e1cter anti-IR, es rentable, tiene buena resistencia a la luz, \u00e1cidos, \u00e1lcalis y a la intemperie.<\/p>\n<p>&nbsp;<\/p>\n<p><strong>Solicitud:<\/strong><\/p>\n<p>El Fe-Cr Brown se puede utilizar en revestimientos aislantes de edificios, revestimientos de silicio inorg\u00e1nico de alta temperatura, etc.<\/p>","protected":false},"excerpt":{"rendered":"<p><strong>Nombre del producto:<\/strong> Marr\u00f3n Fe-Cr<\/p>\n<p><strong>Indice de color:<\/strong> CI 77500<\/p>\n<p><strong>Composici\u00f3n principal:<\/strong> Fe-Cr<\/p>","protected":false},"featured_media":3703,"template":"","meta":{"_acf_changed":false,"_gspb_post_css":""},"product_brand":[],"product_cat":[54],"product_tag":[],"class_list":{"0":"post-3738","1":"product","2":"type-product","3":"status-publish","4":"has-post-thumbnail","6":"product_cat-inorganic-pigments","8":"first","9":"instock","10":"shipping-taxable","11":"product-type-simple"},"acf":[],"_links":{"self":[{"href":"https:\/\/wpachem.com\/es\/wp-json\/wp\/v2\/product\/3738","targetHints":{"allow":["GET"]}}],"collection":[{"href":"https:\/\/wpachem.com\/es\/wp-json\/wp\/v2\/product"}],"about":[{"href":"https:\/\/wpachem.com\/es\/wp-json\/wp\/v2\/types\/product"}],"version-history":[{"count":0,"href":"https:\/\/wpachem.com\/es\/wp-json\/wp\/v2\/product\/3738\/revisions"}],"wp:featuredmedia":[{"embeddable":true,"href":"https:\/\/wpachem.com\/es\/wp-json\/wp\/v2\/media\/3703"}],"wp:attachment":[{"href":"https:\/\/wpachem.com\/es\/wp-json\/wp\/v2\/media?parent=3738"}],"wp:term":[{"taxonomy":"product_brand","embeddable":true,"href":"https:\/\/wpachem.com\/es\/wp-json\/wp\/v2\/product_brand?post=3738"},{"taxonomy":"product_cat","embeddable":true,"href":"https:\/\/wpachem.com\/es\/wp-json\/wp\/v2\/product_cat?post=3738"},{"taxonomy":"product_tag","embeddable":true,"href":"https:\/\/wpachem.com\/es\/wp-json\/wp\/v2\/product_tag?post=3738"}],"curies":[{"name":"wp","href":"https:\/\/api.w.org\/{rel}","templated":true}]}}