{"id":3741,"date":"2023-04-10T09:26:42","date_gmt":"2023-04-10T09:26:42","guid":{"rendered":"http:\/\/site2.easyceotech.com\/?post_type=product&#038;p=3741"},"modified":"2024-03-12T07:21:00","modified_gmt":"2024-03-12T07:21:00","slug":"pigment-brown-24-chrome-antimony-titanium-buff-rutile","status":"publish","type":"product","link":"https:\/\/wpachem.com\/es\/producto\/pigment-brown-24-chrome-antimony-titanium-buff-rutile\/","title":{"rendered":"Pigmento Marr\u00f3n 24 (Cromo Antimonio Titanio Buff Rutilo)"},"content":{"rendered":"<p><strong>Caracter\u00edsticas:<\/strong><\/p>\n<p>Pigment Brown 24 (Cromo Antimonio Titanio Buff Rutilo), tambi\u00e9n llamado Ti-Cr Brown, tiene excelente dispersi\u00f3n, buen poder cubriente y buena resistencia a la luz, el calor, los qu\u00edmicos y la intemperie, sin sangrado ni migraci\u00f3n.<\/p>\n<p>&nbsp;<\/p>\n<p><strong>Solicitud:<\/strong><\/p>\n<p>El pigmento marr\u00f3n 24 (cromo antimonio titanio ante rutilo) se puede utilizar en paredes exteriores, fluorocarbono, maquinaria de construcci\u00f3n, autom\u00f3viles, marcas viales, frescos de roca, dibujos y polvos, pl\u00e1sticos comunes, pl\u00e1sticos de ingenier\u00eda, pl\u00e1sticos especiales y masterbatch. En vidrio, esmalte dom\u00e9stico, tinta y arena.<\/p>","protected":false},"excerpt":{"rendered":"<p><strong>Nombre del producto:<\/strong>\u00a0 Pigmento Marr\u00f3n 24<\/p>\n<p><strong>Otro nombre:<\/strong> Ti-Cr-Sb, rutilo pulidor de titanio, antimonio y cromo<\/p>\n<p><strong>Composici\u00f3n principal:<\/strong> Ti-Cr-Sb<\/p>\n<p><strong>NO CAS.:<\/strong> 68186-90-3<\/p>\n<p><strong>Apariencia:<\/strong> Polvo marr\u00f3n amarillo<\/p>","protected":false},"featured_media":3744,"template":"","meta":{"_acf_changed":false,"_gspb_post_css":""},"product_brand":[],"product_cat":[54],"product_tag":[],"class_list":{"0":"post-3741","1":"product","2":"type-product","3":"status-publish","4":"has-post-thumbnail","6":"product_cat-inorganic-pigments","8":"first","9":"instock","10":"shipping-taxable","11":"product-type-simple"},"acf":[],"_links":{"self":[{"href":"https:\/\/wpachem.com\/es\/wp-json\/wp\/v2\/product\/3741","targetHints":{"allow":["GET"]}}],"collection":[{"href":"https:\/\/wpachem.com\/es\/wp-json\/wp\/v2\/product"}],"about":[{"href":"https:\/\/wpachem.com\/es\/wp-json\/wp\/v2\/types\/product"}],"version-history":[{"count":0,"href":"https:\/\/wpachem.com\/es\/wp-json\/wp\/v2\/product\/3741\/revisions"}],"wp:featuredmedia":[{"embeddable":true,"href":"https:\/\/wpachem.com\/es\/wp-json\/wp\/v2\/media\/3744"}],"wp:attachment":[{"href":"https:\/\/wpachem.com\/es\/wp-json\/wp\/v2\/media?parent=3741"}],"wp:term":[{"taxonomy":"product_brand","embeddable":true,"href":"https:\/\/wpachem.com\/es\/wp-json\/wp\/v2\/product_brand?post=3741"},{"taxonomy":"product_cat","embeddable":true,"href":"https:\/\/wpachem.com\/es\/wp-json\/wp\/v2\/product_cat?post=3741"},{"taxonomy":"product_tag","embeddable":true,"href":"https:\/\/wpachem.com\/es\/wp-json\/wp\/v2\/product_tag?post=3741"}],"curies":[{"name":"wp","href":"https:\/\/api.w.org\/{rel}","templated":true}]}}