{"id":3745,"date":"2023-04-10T09:35:47","date_gmt":"2023-04-10T09:35:47","guid":{"rendered":"http:\/\/site2.easyceotech.com\/?post_type=product&#038;p=3745"},"modified":"2024-04-07T08:32:01","modified_gmt":"2024-04-07T08:32:01","slug":"cobalt-blue","status":"publish","type":"product","link":"https:\/\/wpachem.com\/es\/producto\/cobalt-blue\/","title":{"rendered":"Azul cobalto"},"content":{"rendered":"<p><strong>Caracter\u00edsticas:<\/strong><\/p>\n<p>El azul cobalto combina excelentes propiedades como buena resistencia al calor, resistencia al clima, resistencia a \u00e1cidos y \u00e1lcalis, resistencia al entizamiento, sin sangrado ni migraci\u00f3n, y es respetuoso con el medio ambiente, no t\u00f3xico, con alto poder cubriente y facilidad de dispersi\u00f3n. El color es puro, vivo y saturado, con un tono rojo brillante. Por su car\u00e1cter anti-IR, se puede utilizar para revestimientos de falsificaci\u00f3n militar y revestimientos aislantes de techos. Al agregar Zn, Cr y otros elementos, el azul Co-Al puede alcanzar un nuevo color como el azul pavo real.<\/p>\n<p>&nbsp;<\/p>\n<p><strong>Solicitud:<\/strong><\/p>\n<p>Nuestro azul cobalto se puede utilizar en colorantes de cer\u00e1mica y esmalte, recubrimiento de bobinas, recubrimiento de alta temperatura, pl\u00e1sticos de ingenier\u00eda, pl\u00e1sticos fluorados, juguetes de pl\u00e1stico y pintura art\u00edstica, etc.<\/p>\n<p>&nbsp;<\/p>","protected":false},"excerpt":{"rendered":"<p><strong>Nombre del producto:<\/strong> Azul cobalto<\/p>\n<p><strong>Otro nombre:<\/strong> \u00d3xido de aluminio y cobalto<\/p>\n<p><strong>No CAS.:<\/strong> 1333-88-6MF: Al2CoO4<\/p>\n<p><strong>Apariencia:<\/strong> polvo azul<\/p>","protected":false},"featured_media":3748,"template":"","meta":{"_acf_changed":false,"_gspb_post_css":""},"product_brand":[],"product_cat":[54],"product_tag":[],"class_list":{"0":"post-3745","1":"product","2":"type-product","3":"status-publish","4":"has-post-thumbnail","6":"product_cat-inorganic-pigments","8":"first","9":"instock","10":"shipping-taxable","11":"product-type-simple"},"acf":[],"_links":{"self":[{"href":"https:\/\/wpachem.com\/es\/wp-json\/wp\/v2\/product\/3745","targetHints":{"allow":["GET"]}}],"collection":[{"href":"https:\/\/wpachem.com\/es\/wp-json\/wp\/v2\/product"}],"about":[{"href":"https:\/\/wpachem.com\/es\/wp-json\/wp\/v2\/types\/product"}],"version-history":[{"count":0,"href":"https:\/\/wpachem.com\/es\/wp-json\/wp\/v2\/product\/3745\/revisions"}],"wp:featuredmedia":[{"embeddable":true,"href":"https:\/\/wpachem.com\/es\/wp-json\/wp\/v2\/media\/3748"}],"wp:attachment":[{"href":"https:\/\/wpachem.com\/es\/wp-json\/wp\/v2\/media?parent=3745"}],"wp:term":[{"taxonomy":"product_brand","embeddable":true,"href":"https:\/\/wpachem.com\/es\/wp-json\/wp\/v2\/product_brand?post=3745"},{"taxonomy":"product_cat","embeddable":true,"href":"https:\/\/wpachem.com\/es\/wp-json\/wp\/v2\/product_cat?post=3745"},{"taxonomy":"product_tag","embeddable":true,"href":"https:\/\/wpachem.com\/es\/wp-json\/wp\/v2\/product_tag?post=3745"}],"curies":[{"name":"wp","href":"https:\/\/api.w.org\/{rel}","templated":true}]}}