{"id":3749,"date":"2023-04-10T09:41:57","date_gmt":"2023-04-10T09:41:57","guid":{"rendered":"http:\/\/site2.easyceotech.com\/?post_type=product&#038;p=3749"},"modified":"2024-03-12T07:20:22","modified_gmt":"2024-03-12T07:20:22","slug":"pigment-yellow-53","status":"publish","type":"product","link":"https:\/\/wpachem.com\/es\/producto\/pigment-yellow-53\/","title":{"rendered":"Pigmento Amarillo 53"},"content":{"rendered":"<p><strong>Caracter\u00edsticas:<\/strong><\/p>\n<p>El pigmento amarillo 53 (amarillo Ni-Ti, amarillo de n\u00edquel, antimonio y titanio rutilo) tiene buena resistencia al calor, resistencia clim\u00e1tica, resistencia a los \u00e1cidos y \u00e1lcalis, resistencia al encalado, no sangra ni migra, es respetuoso con el medio ambiente, no es t\u00f3xico, tiene un alto poder cubriente y es f\u00e1cil de dispersar.<\/p>\n<p>&nbsp;<\/p>\n<p><strong>Solicitud:<\/strong><\/p>\n<p>El pigmento amarillo 53 se puede utilizar en resinas termopl\u00e1sticas y de fraguado en caliente, pl\u00e1sticos modificados de ingenier\u00eda, pl\u00e1sticos fluorados, pl\u00e1sticos de juguetes, pl\u00e1sticos para envases de alimentos, revestimiento de fluorocarbono, revestimiento en polvo, revestimiento de autom\u00f3viles, revestimiento de edificios para exteriores, revestimiento de camuflaje, revestimiento de se\u00f1alizaci\u00f3n vial y tinta para vidrio, tinta art\u00edstica y tinta cer\u00e1mica, etc.<\/p>","protected":false},"excerpt":{"rendered":"<p><strong>Nombre del producto:<\/strong> Pigmento Amarillo 53<\/p>\n<p><strong>Otro nombre:<\/strong> Ni-Ti amarillo, n\u00edquel antimonio titanio amarillo rutilo<\/p>\n<p><strong>Indice de color:<\/strong> CI77788<\/p>\n<p><strong>MF:<\/strong> Ti-Sb-Ni-O<\/p>\n<p>&nbsp;<\/p>","protected":false},"featured_media":3752,"template":"","meta":{"_acf_changed":false,"_gspb_post_css":""},"product_brand":[],"product_cat":[54],"product_tag":[],"class_list":{"0":"post-3749","1":"product","2":"type-product","3":"status-publish","4":"has-post-thumbnail","6":"product_cat-inorganic-pigments","8":"first","9":"instock","10":"shipping-taxable","11":"product-type-simple"},"acf":[],"_links":{"self":[{"href":"https:\/\/wpachem.com\/es\/wp-json\/wp\/v2\/product\/3749","targetHints":{"allow":["GET"]}}],"collection":[{"href":"https:\/\/wpachem.com\/es\/wp-json\/wp\/v2\/product"}],"about":[{"href":"https:\/\/wpachem.com\/es\/wp-json\/wp\/v2\/types\/product"}],"version-history":[{"count":0,"href":"https:\/\/wpachem.com\/es\/wp-json\/wp\/v2\/product\/3749\/revisions"}],"wp:featuredmedia":[{"embeddable":true,"href":"https:\/\/wpachem.com\/es\/wp-json\/wp\/v2\/media\/3752"}],"wp:attachment":[{"href":"https:\/\/wpachem.com\/es\/wp-json\/wp\/v2\/media?parent=3749"}],"wp:term":[{"taxonomy":"product_brand","embeddable":true,"href":"https:\/\/wpachem.com\/es\/wp-json\/wp\/v2\/product_brand?post=3749"},{"taxonomy":"product_cat","embeddable":true,"href":"https:\/\/wpachem.com\/es\/wp-json\/wp\/v2\/product_cat?post=3749"},{"taxonomy":"product_tag","embeddable":true,"href":"https:\/\/wpachem.com\/es\/wp-json\/wp\/v2\/product_tag?post=3749"}],"curies":[{"name":"wp","href":"https:\/\/api.w.org\/{rel}","templated":true}]}}