{"id":3756,"date":"2023-04-10T09:48:40","date_gmt":"2023-04-10T09:48:40","guid":{"rendered":"http:\/\/site2.easyceotech.com\/?post_type=product&#038;p=3756"},"modified":"2023-07-31T02:58:51","modified_gmt":"2023-07-31T02:58:51","slug":"cobalt-titanate-green-p-g-50","status":"publish","type":"product","link":"https:\/\/wpachem.com\/es\/producto\/cobalt-titanate-green-p-g-50\/","title":{"rendered":"Verde Titanato Cobalto PG50"},"content":{"rendered":"<p><strong>Caracter\u00edsticas:<\/strong><\/p>\n<p>El titanato de cobalto verde PG50 tiene buena resistencia al calor, resistencia al clima, resistencia a los \u00e1cidos y \u00e1lcalis, resistencia al encalado, no sangra ni migra, es respetuoso con el medio ambiente, no es t\u00f3xico, tiene un alto poder de ocultaci\u00f3n y es f\u00e1cil de dispersar.<\/p>\n<p>&nbsp;<\/p>\n<p><strong>Solicitud:<\/strong><\/p>\n<p>El titanato de cobalto verde se puede utilizar en recubrimientos de fluorocarbono, recubrimientos para exteriores, recubrimientos de bobinas, recubrimientos en polvo, recubrimientos de transporte, recubrimientos de camuflaje, dibujos, recubrimientos de marcas viales, pl\u00e1sticos de fluorocarbono, perfiles de PVC, pl\u00e1sticos modificados de ingenier\u00eda y juguetes de pl\u00e1stico.<\/p>","protected":false},"excerpt":{"rendered":"<p><strong>Nombre del producto:<\/strong> Titanato de cobalto verde<\/p>\n<p><strong>Indice de color:<\/strong> CI77344<\/p>\n<p><strong>Apariencia:<\/strong> Polvo verde mar<\/p>\n<p><strong>Composici\u00f3n principal:<\/strong> Ti-Co-Ni-Zn<\/p>\n<p><strong>No CAS.:<\/strong> 68186-85-6<\/p>","protected":false},"featured_media":3759,"template":"","meta":{"_acf_changed":false,"_gspb_post_css":""},"product_brand":[],"product_cat":[54],"product_tag":[],"class_list":{"0":"post-3756","1":"product","2":"type-product","3":"status-publish","4":"has-post-thumbnail","6":"product_cat-inorganic-pigments","8":"first","9":"instock","10":"shipping-taxable","11":"product-type-simple"},"acf":[],"_links":{"self":[{"href":"https:\/\/wpachem.com\/es\/wp-json\/wp\/v2\/product\/3756","targetHints":{"allow":["GET"]}}],"collection":[{"href":"https:\/\/wpachem.com\/es\/wp-json\/wp\/v2\/product"}],"about":[{"href":"https:\/\/wpachem.com\/es\/wp-json\/wp\/v2\/types\/product"}],"version-history":[{"count":0,"href":"https:\/\/wpachem.com\/es\/wp-json\/wp\/v2\/product\/3756\/revisions"}],"wp:featuredmedia":[{"embeddable":true,"href":"https:\/\/wpachem.com\/es\/wp-json\/wp\/v2\/media\/3759"}],"wp:attachment":[{"href":"https:\/\/wpachem.com\/es\/wp-json\/wp\/v2\/media?parent=3756"}],"wp:term":[{"taxonomy":"product_brand","embeddable":true,"href":"https:\/\/wpachem.com\/es\/wp-json\/wp\/v2\/product_brand?post=3756"},{"taxonomy":"product_cat","embeddable":true,"href":"https:\/\/wpachem.com\/es\/wp-json\/wp\/v2\/product_cat?post=3756"},{"taxonomy":"product_tag","embeddable":true,"href":"https:\/\/wpachem.com\/es\/wp-json\/wp\/v2\/product_tag?post=3756"}],"curies":[{"name":"wp","href":"https:\/\/api.w.org\/{rel}","templated":true}]}}