{"id":3760,"date":"2023-04-11T03:46:12","date_gmt":"2023-04-11T03:46:12","guid":{"rendered":"http:\/\/site2.easyceotech.com\/?post_type=product&#038;p=3760"},"modified":"2024-03-12T07:19:06","modified_gmt":"2024-03-12T07:19:06","slug":"tartrazine","status":"publish","type":"product","link":"https:\/\/wpachem.com\/es\/producto\/tartrazine\/","title":{"rendered":"tartrazina"},"content":{"rendered":"<p><strong>Caracter\u00edsticas:<\/strong><\/p>\n<p>La tartrazina (amarillo lim\u00f3n) es uno de los tres colores primarios de los pigmentos sint\u00e9ticos comestibles y tambi\u00e9n es el pigmento sint\u00e9tico m\u00e1s utilizado para colorear alimentos en el mundo. Soluble en agua, glicerol y propilenglicol, ligeramente soluble en etanol, insoluble en grasa. Buena resistencia al calor, resistencia a los \u00e1cidos, resistencia a la luz y resistencia a la sal, estable al \u00e1cido c\u00edtrico y al \u00e1cido tart\u00e1rico. Es un polvo o part\u00edcula de color amarillo brillante, estructura heteroc\u00edclica de tipo azo.<\/p>\n<p>&nbsp;<\/p>\n<p><strong>Solicitud:<\/strong><\/p>\n<p>La tartrazina se puede utilizar de forma segura en alimentos, bebidas, productos farmac\u00e9uticos, cosm\u00e9ticos, piensos, tabaco y otros campos de coloraci\u00f3n.<\/p>","protected":false},"excerpt":{"rendered":"<p><strong>Nombre del producto:<\/strong> tartrazina<\/p>\n<p><strong>Indice de color:<\/strong> 19140<\/p>\n<p><strong>\u00cdndice de color de los alimentos:<\/strong> Amarillo 4<\/p>\n<p><strong>No CAS.:\u00a0<\/strong> 1934-21-0<\/p>\n<p><strong>N\u00famero de CNC:<\/strong> 08.005<\/p>","protected":false},"featured_media":3714,"template":"","meta":{"_acf_changed":false,"_gspb_post_css":""},"product_brand":[],"product_cat":[24],"product_tag":[],"class_list":{"0":"post-3760","1":"product","2":"type-product","3":"status-publish","4":"has-post-thumbnail","6":"product_cat-uncategorized","8":"first","9":"instock","10":"shipping-taxable","11":"product-type-simple"},"acf":[],"_links":{"self":[{"href":"https:\/\/wpachem.com\/es\/wp-json\/wp\/v2\/product\/3760","targetHints":{"allow":["GET"]}}],"collection":[{"href":"https:\/\/wpachem.com\/es\/wp-json\/wp\/v2\/product"}],"about":[{"href":"https:\/\/wpachem.com\/es\/wp-json\/wp\/v2\/types\/product"}],"version-history":[{"count":0,"href":"https:\/\/wpachem.com\/es\/wp-json\/wp\/v2\/product\/3760\/revisions"}],"wp:featuredmedia":[{"embeddable":true,"href":"https:\/\/wpachem.com\/es\/wp-json\/wp\/v2\/media\/3714"}],"wp:attachment":[{"href":"https:\/\/wpachem.com\/es\/wp-json\/wp\/v2\/media?parent=3760"}],"wp:term":[{"taxonomy":"product_brand","embeddable":true,"href":"https:\/\/wpachem.com\/es\/wp-json\/wp\/v2\/product_brand?post=3760"},{"taxonomy":"product_cat","embeddable":true,"href":"https:\/\/wpachem.com\/es\/wp-json\/wp\/v2\/product_cat?post=3760"},{"taxonomy":"product_tag","embeddable":true,"href":"https:\/\/wpachem.com\/es\/wp-json\/wp\/v2\/product_tag?post=3760"}],"curies":[{"name":"wp","href":"https:\/\/api.w.org\/{rel}","templated":true}]}}