{"id":3763,"date":"2023-04-11T03:47:03","date_gmt":"2023-04-11T03:47:03","guid":{"rendered":"http:\/\/site2.easyceotech.com\/?post_type=product&#038;p=3763"},"modified":"2024-03-12T07:17:07","modified_gmt":"2024-03-12T07:17:07","slug":"tartrazine-lake","status":"publish","type":"product","link":"https:\/\/wpachem.com\/es\/producto\/tartrazine-lake\/","title":{"rendered":"Lago tartrazina"},"content":{"rendered":"<p><strong>Caracter\u00edsticas:<\/strong><\/p>\n<p>La laca de tartrazina (amarillo alimentario 4:1) tambi\u00e9n se conoce como laca de aluminio amarillo \u00e1cido 23 (CI 19140:1), que es un polvo fino amarillo, inodoro. La resistencia a la luz y al calor es m\u00e1s fuerte que el amarillo lim\u00f3n. Casi insoluble en agua y disolventes org\u00e1nicos. Disolver lentamente en una soluci\u00f3n acuosa que contenga \u00e1cido y \u00e1lcali.<\/p>\n<p>&nbsp;<\/p>\n<p><strong>Solicitud:<\/strong><\/p>\n<p>Tartrazine Lake se puede utilizar para bebidas de jugos de frutas (saborizantes), bebidas carbonatadas, preparaci\u00f3n de vino, dulces, pasteles de color, latas de salsa de sand\u00eda, ciruela verde, bebidas de bacterias del \u00e1cido l\u00e1ctico, bebidas de prote\u00ednas vegetales, coberturas de dulces y helados.<\/p>","protected":false},"excerpt":{"rendered":"<p><strong>Nombre del producto:<\/strong> Lago tartrazina<\/p>\n<p><strong>Indice de color:<\/strong> 19140:1<\/p>\n<p><strong>\u00cdndice de color de los alimentos:<\/strong> Amarillo 4:1<\/p>\n<p><strong>No CAS.:\u00a0<\/strong> 12225-21-7<\/p>\n<p><strong>N\u00famero de CNC:<\/strong> 08.005<\/p>","protected":false},"featured_media":3714,"template":"","meta":{"_acf_changed":false,"_gspb_post_css":""},"product_brand":[],"product_cat":[24],"product_tag":[],"class_list":{"0":"post-3763","1":"product","2":"type-product","3":"status-publish","4":"has-post-thumbnail","6":"product_cat-uncategorized","8":"first","9":"instock","10":"shipping-taxable","11":"product-type-simple"},"acf":[],"_links":{"self":[{"href":"https:\/\/wpachem.com\/es\/wp-json\/wp\/v2\/product\/3763","targetHints":{"allow":["GET"]}}],"collection":[{"href":"https:\/\/wpachem.com\/es\/wp-json\/wp\/v2\/product"}],"about":[{"href":"https:\/\/wpachem.com\/es\/wp-json\/wp\/v2\/types\/product"}],"version-history":[{"count":0,"href":"https:\/\/wpachem.com\/es\/wp-json\/wp\/v2\/product\/3763\/revisions"}],"wp:featuredmedia":[{"embeddable":true,"href":"https:\/\/wpachem.com\/es\/wp-json\/wp\/v2\/media\/3714"}],"wp:attachment":[{"href":"https:\/\/wpachem.com\/es\/wp-json\/wp\/v2\/media?parent=3763"}],"wp:term":[{"taxonomy":"product_brand","embeddable":true,"href":"https:\/\/wpachem.com\/es\/wp-json\/wp\/v2\/product_brand?post=3763"},{"taxonomy":"product_cat","embeddable":true,"href":"https:\/\/wpachem.com\/es\/wp-json\/wp\/v2\/product_cat?post=3763"},{"taxonomy":"product_tag","embeddable":true,"href":"https:\/\/wpachem.com\/es\/wp-json\/wp\/v2\/product_tag?post=3763"}],"curies":[{"name":"wp","href":"https:\/\/api.w.org\/{rel}","templated":true}]}}