{"id":3764,"date":"2023-04-11T03:51:52","date_gmt":"2023-04-11T03:51:52","guid":{"rendered":"http:\/\/site2.easyceotech.com\/?post_type=product&#038;p=3764"},"modified":"2024-03-12T07:26:25","modified_gmt":"2024-03-12T07:26:25","slug":"sunset-yellow","status":"publish","type":"product","link":"https:\/\/wpachem.com\/es\/producto\/sunset-yellow\/","title":{"rendered":"Amarillo Atardecer"},"content":{"rendered":"<p><strong>Caracter\u00edsticas:<\/strong><\/p>\n<p>El amarillo atardecer tambi\u00e9n se conoce como amarillo anaranjado, amarillo atardecer, amarillo atardecer. Pigmento sint\u00e9tico comestible, polvo o gr\u00e1nulos de color rojo anaranjado, inodoro, insoluble en aceite, ligeramente soluble en etanol, f\u00e1cilmente soluble en agua, glicerina, propilenglicol, soluci\u00f3n acuosa de color naranja, resistente a la luz, resistente al calor, resistente al \u00e1cido, estable en \u00e1cido c\u00edtrico. \u00e1cido tart\u00e1rico, el color alcalino se vuelve oscuro, con color marr\u00f3n rojizo, se desvanece durante la reducci\u00f3n, alta seguridad.<\/p>\n<p>&nbsp;<\/p>\n<p><strong>Solicitud:<\/strong><\/p>\n<p>Sunset Yellow se puede utilizar como colorante alimentario, medicinal y cosm\u00e9tico, y tambi\u00e9n es la materia prima para la fabricaci\u00f3n de laca salada de aluminio.<\/p>","protected":false},"excerpt":{"rendered":"<p><strong>Nombre del producto:<\/strong> Amarillo Atardecer<\/p>\n<p><strong>Indice de color:<\/strong> 15985<\/p>\n<p><strong>\u00cdndice de color de los alimentos:<\/strong> amarillo 3<\/p>\n<p><strong>No CAS.:\u00a0<\/strong> 2783-94-0<\/p>\n<p><strong>N\u00famero de CNC:<\/strong> 08.006<\/p>","protected":false},"featured_media":3706,"template":"","meta":{"_acf_changed":false,"_gspb_post_css":""},"product_brand":[],"product_cat":[24],"product_tag":[],"class_list":{"0":"post-3764","1":"product","2":"type-product","3":"status-publish","4":"has-post-thumbnail","6":"product_cat-uncategorized","8":"first","9":"instock","10":"shipping-taxable","11":"product-type-simple"},"acf":[],"_links":{"self":[{"href":"https:\/\/wpachem.com\/es\/wp-json\/wp\/v2\/product\/3764","targetHints":{"allow":["GET"]}}],"collection":[{"href":"https:\/\/wpachem.com\/es\/wp-json\/wp\/v2\/product"}],"about":[{"href":"https:\/\/wpachem.com\/es\/wp-json\/wp\/v2\/types\/product"}],"version-history":[{"count":0,"href":"https:\/\/wpachem.com\/es\/wp-json\/wp\/v2\/product\/3764\/revisions"}],"wp:featuredmedia":[{"embeddable":true,"href":"https:\/\/wpachem.com\/es\/wp-json\/wp\/v2\/media\/3706"}],"wp:attachment":[{"href":"https:\/\/wpachem.com\/es\/wp-json\/wp\/v2\/media?parent=3764"}],"wp:term":[{"taxonomy":"product_brand","embeddable":true,"href":"https:\/\/wpachem.com\/es\/wp-json\/wp\/v2\/product_brand?post=3764"},{"taxonomy":"product_cat","embeddable":true,"href":"https:\/\/wpachem.com\/es\/wp-json\/wp\/v2\/product_cat?post=3764"},{"taxonomy":"product_tag","embeddable":true,"href":"https:\/\/wpachem.com\/es\/wp-json\/wp\/v2\/product_tag?post=3764"}],"curies":[{"name":"wp","href":"https:\/\/api.w.org\/{rel}","templated":true}]}}