{"id":3765,"date":"2023-04-11T03:57:10","date_gmt":"2023-04-11T03:57:10","guid":{"rendered":"http:\/\/site2.easyceotech.com\/?post_type=product&#038;p=3765"},"modified":"2024-03-12T07:09:58","modified_gmt":"2024-03-12T07:09:58","slug":"sunset-yellow-lake","status":"publish","type":"product","link":"https:\/\/wpachem.com\/es\/producto\/sunset-yellow-lake\/","title":{"rendered":"Atardecer Lago Amarillo"},"content":{"rendered":"<p><strong>Caracter\u00edsticas:<\/strong><\/p>\n<p>El lago amarillo atardecer es un fino polvo de color naranja. Inodoro. Mejor resistencia a la luz y al calor que el amarillo atardecer. Insoluble en agua y disolventes org\u00e1nicos.<\/p>\n<p>&nbsp;<\/p>\n<p><strong>Solicitud:<\/strong><\/p>\n<p>Sunset Yellow Lake se puede utilizar para recubrir alimentos grasosos, alimentos en polvo (polvo para pasteles, jugo en polvo), pasteles glaseados, pastillas, solo o en combinaci\u00f3n con otros colorantes alimentarios de aluminio. Tambi\u00e9n se utiliza como tinta de impresi\u00f3n o colorante para recipientes de alimentos y utensilios de cocina de papel y pl\u00e1stico.<\/p>","protected":false},"excerpt":{"rendered":"<p><strong>Nombre del producto:<\/strong> Atardecer Lago Amarillo<\/p>\n<p><strong>Indice de color:<\/strong> 15985:1<\/p>\n<p><strong>\u00cdndice de color de los alimentos:<\/strong> Amarillo 3:1<\/p>\n<p><strong>No CAS.:\u00a0<\/strong> 15790-07-5<\/p>\n<p><strong>N\u00famero de CNC:<\/strong> 08.006<\/p>","protected":false},"featured_media":3706,"template":"","meta":{"_acf_changed":false,"_gspb_post_css":""},"product_brand":[],"product_cat":[24],"product_tag":[],"class_list":{"0":"post-3765","1":"product","2":"type-product","3":"status-publish","4":"has-post-thumbnail","6":"product_cat-uncategorized","8":"first","9":"instock","10":"shipping-taxable","11":"product-type-simple"},"acf":[],"_links":{"self":[{"href":"https:\/\/wpachem.com\/es\/wp-json\/wp\/v2\/product\/3765","targetHints":{"allow":["GET"]}}],"collection":[{"href":"https:\/\/wpachem.com\/es\/wp-json\/wp\/v2\/product"}],"about":[{"href":"https:\/\/wpachem.com\/es\/wp-json\/wp\/v2\/types\/product"}],"version-history":[{"count":0,"href":"https:\/\/wpachem.com\/es\/wp-json\/wp\/v2\/product\/3765\/revisions"}],"wp:featuredmedia":[{"embeddable":true,"href":"https:\/\/wpachem.com\/es\/wp-json\/wp\/v2\/media\/3706"}],"wp:attachment":[{"href":"https:\/\/wpachem.com\/es\/wp-json\/wp\/v2\/media?parent=3765"}],"wp:term":[{"taxonomy":"product_brand","embeddable":true,"href":"https:\/\/wpachem.com\/es\/wp-json\/wp\/v2\/product_brand?post=3765"},{"taxonomy":"product_cat","embeddable":true,"href":"https:\/\/wpachem.com\/es\/wp-json\/wp\/v2\/product_cat?post=3765"},{"taxonomy":"product_tag","embeddable":true,"href":"https:\/\/wpachem.com\/es\/wp-json\/wp\/v2\/product_tag?post=3765"}],"curies":[{"name":"wp","href":"https:\/\/api.w.org\/{rel}","templated":true}]}}