{"id":3769,"date":"2023-04-11T05:06:16","date_gmt":"2023-04-11T05:06:16","guid":{"rendered":"http:\/\/site2.easyceotech.com\/?post_type=product&#038;p=3769"},"modified":"2024-04-26T05:40:06","modified_gmt":"2024-04-26T05:40:06","slug":"ponceau-4r","status":"publish","type":"product","link":"https:\/\/wpachem.com\/es\/producto\/ponceau-4r\/","title":{"rendered":"Ponceau 4R"},"content":{"rendered":"<p><strong>Caracter\u00edsticas:<\/strong><\/p>\n<p>Ponceau 4R (Acid Red 18) es un polvo de color rojo a rojo intenso, la soluci\u00f3n de agua es roja e inodoro. Soluble en agua, soluble en glicerol, ligeramente soluble en etanol, insoluble en aceite. Resistencia a la luz, buena resistencia a los \u00e1cidos, estable al \u00e1cido c\u00edtrico y al \u00e1cido tart\u00e1rico, mala resistencia bacteriana, resistencia al calor, la resistencia a la reducci\u00f3n es bastante pobre. Marr\u00f3n en soluci\u00f3n alcalina. Rojo \u00e1cido 18 (AR18), tambi\u00e9n conocido como neocarm\u00edn,<\/p>\n<p><strong>Solicitud:<\/strong><\/p>\n<p>Ponceau 4R es un pigmento sint\u00e9tico com\u00fan que se agrega en dulces, pasteles, bebidas y se utiliza como colorante de alimentos, medicamentos y cosm\u00e9ticos.<\/p>","protected":false},"excerpt":{"rendered":"<p><strong>Nombre del producto:<\/strong> Ponceau 4R<\/p>\n<p><strong>Indice de color:<\/strong> 16255<\/p>\n<p><strong>\u00cdndice de color de los alimentos:<\/strong> rojo 7<\/p>\n<p><strong>No CAS.:\u00a0<\/strong> 2611-82-7<\/p>\n<p><strong>N\u00famero de CNC:<\/strong> 08.002<\/p>","protected":false},"featured_media":3770,"template":"","meta":{"_acf_changed":false,"_gspb_post_css":""},"product_brand":[],"product_cat":[52,24],"product_tag":[],"class_list":{"0":"post-3769","1":"product","2":"type-product","3":"status-publish","4":"has-post-thumbnail","6":"product_cat-pigment","7":"product_cat-uncategorized","9":"first","10":"instock","11":"shipping-taxable","12":"product-type-simple"},"acf":[],"_links":{"self":[{"href":"https:\/\/wpachem.com\/es\/wp-json\/wp\/v2\/product\/3769","targetHints":{"allow":["GET"]}}],"collection":[{"href":"https:\/\/wpachem.com\/es\/wp-json\/wp\/v2\/product"}],"about":[{"href":"https:\/\/wpachem.com\/es\/wp-json\/wp\/v2\/types\/product"}],"version-history":[{"count":0,"href":"https:\/\/wpachem.com\/es\/wp-json\/wp\/v2\/product\/3769\/revisions"}],"wp:featuredmedia":[{"embeddable":true,"href":"https:\/\/wpachem.com\/es\/wp-json\/wp\/v2\/media\/3770"}],"wp:attachment":[{"href":"https:\/\/wpachem.com\/es\/wp-json\/wp\/v2\/media?parent=3769"}],"wp:term":[{"taxonomy":"product_brand","embeddable":true,"href":"https:\/\/wpachem.com\/es\/wp-json\/wp\/v2\/product_brand?post=3769"},{"taxonomy":"product_cat","embeddable":true,"href":"https:\/\/wpachem.com\/es\/wp-json\/wp\/v2\/product_cat?post=3769"},{"taxonomy":"product_tag","embeddable":true,"href":"https:\/\/wpachem.com\/es\/wp-json\/wp\/v2\/product_tag?post=3769"}],"curies":[{"name":"wp","href":"https:\/\/api.w.org\/{rel}","templated":true}]}}