{"id":3777,"date":"2023-04-11T05:13:17","date_gmt":"2023-04-11T05:13:17","guid":{"rendered":"http:\/\/site2.easyceotech.com\/?post_type=product&#038;p=3777"},"modified":"2024-04-26T05:40:05","modified_gmt":"2024-04-26T05:40:05","slug":"ponceau-4r-lake","status":"publish","type":"product","link":"https:\/\/wpachem.com\/es\/producto\/ponceau-4r-lake\/","title":{"rendered":"Lago Ponceau 4R"},"content":{"rendered":"<p><strong>Caracter\u00edsticas:<\/strong><\/p>\n<p>Ponceau 4R Lake, como un tipo de pigmento artificial, tiene las ventajas de color brillante, buena estabilidad, fuerte poder colorante, adecuado para mezclar colores, f\u00e1cil de disolver, calidad uniforme, inodoro e ins\u00edpido.<\/p>\n<p><strong>Solicitud:<\/strong><\/p>\n<p>Ponceau 4R Lake es un pigmento sint\u00e9tico com\u00fan que se agrega a dulces, pasteles, bebidas, se usa como colorante de alimentos, medicamentos y cosm\u00e9ticos.<\/p>","protected":false},"excerpt":{"rendered":"<p><strong>Nombre del producto:<\/strong> Lago Ponceau 4R<\/p>\n<p><strong>Indice de color:<\/strong> 16255:1<\/p>\n<p><strong>\u00cdndice de color de los alimentos:<\/strong> Rojo 7:1<\/p>\n<p><strong>No CAS.:\u00a0<\/strong> 15876-47-8<\/p>\n<p><strong>N\u00famero de CNC:<\/strong> 08.002<\/p>","protected":false},"featured_media":3770,"template":"","meta":{"_acf_changed":false,"_gspb_post_css":""},"product_brand":[],"product_cat":[52,24],"product_tag":[],"class_list":{"0":"post-3777","1":"product","2":"type-product","3":"status-publish","4":"has-post-thumbnail","6":"product_cat-pigment","7":"product_cat-uncategorized","9":"first","10":"instock","11":"shipping-taxable","12":"product-type-simple"},"acf":[],"_links":{"self":[{"href":"https:\/\/wpachem.com\/es\/wp-json\/wp\/v2\/product\/3777","targetHints":{"allow":["GET"]}}],"collection":[{"href":"https:\/\/wpachem.com\/es\/wp-json\/wp\/v2\/product"}],"about":[{"href":"https:\/\/wpachem.com\/es\/wp-json\/wp\/v2\/types\/product"}],"version-history":[{"count":0,"href":"https:\/\/wpachem.com\/es\/wp-json\/wp\/v2\/product\/3777\/revisions"}],"wp:featuredmedia":[{"embeddable":true,"href":"https:\/\/wpachem.com\/es\/wp-json\/wp\/v2\/media\/3770"}],"wp:attachment":[{"href":"https:\/\/wpachem.com\/es\/wp-json\/wp\/v2\/media?parent=3777"}],"wp:term":[{"taxonomy":"product_brand","embeddable":true,"href":"https:\/\/wpachem.com\/es\/wp-json\/wp\/v2\/product_brand?post=3777"},{"taxonomy":"product_cat","embeddable":true,"href":"https:\/\/wpachem.com\/es\/wp-json\/wp\/v2\/product_cat?post=3777"},{"taxonomy":"product_tag","embeddable":true,"href":"https:\/\/wpachem.com\/es\/wp-json\/wp\/v2\/product_tag?post=3777"}],"curies":[{"name":"wp","href":"https:\/\/api.w.org\/{rel}","templated":true}]}}