{"id":3778,"date":"2023-04-11T05:16:23","date_gmt":"2023-04-11T05:16:23","guid":{"rendered":"http:\/\/site2.easyceotech.com\/?post_type=product&#038;p=3778"},"modified":"2024-04-26T05:40:04","modified_gmt":"2024-04-26T05:40:04","slug":"amaranth","status":"publish","type":"product","link":"https:\/\/wpachem.com\/es\/producto\/amaranth\/","title":{"rendered":"Amaranto"},"content":{"rendered":"<p><strong>Caracter\u00edsticas:<\/strong><\/p>\n<p>El amaranto (rojo \u00e1cido 27) es un pigmento natural derivado del amaranto, en polvo o gr\u00e1nulos de color marr\u00f3n rojizo a marr\u00f3n rojizo oscuro. Es un colorante azoico rojo soluble en agua, hecho de \u00e1cido 1-naftol-4-sulf\u00f3nico y 2-naftol-3, 6-disulfonato diazodizado para producir Chemicalbook. Su color brillante y alta seguridad. El pigmento es estable a la mayor\u00eda de los aditivos alimentarios, por lo que se puede utilizar para colorear bebidas, caramelos, pasteles, vino, etc., de modo que el color sea hermoso y conmovedor, con un sabor agridulce.<\/p>\n<p><strong>Solicitud:<\/strong><\/p>\n<p>El amaranto se utiliza para dar color a alimentos, medicamentos y cosm\u00e9ticos.<\/p>\n<p>&nbsp;<\/p>","protected":false},"excerpt":{"rendered":"<p><strong>Nombre del producto:<\/strong> Amaranto<\/p>\n<p><strong>Indice de color:<\/strong> 16185<\/p>\n<p><strong>\u00cdndice de color de los alimentos:<\/strong> Rojo 9<\/p>\n<p><strong>No CAS.:\u00a0<\/strong> 915-67-3<\/p>\n<p><strong>N\u00famero de CNC:<\/strong> 08.001<\/p>","protected":false},"featured_media":3776,"template":"","meta":{"_acf_changed":false,"_gspb_post_css":""},"product_brand":[],"product_cat":[52,24],"product_tag":[],"class_list":{"0":"post-3778","1":"product","2":"type-product","3":"status-publish","4":"has-post-thumbnail","6":"product_cat-pigment","7":"product_cat-uncategorized","9":"first","10":"instock","11":"shipping-taxable","12":"product-type-simple"},"acf":[],"_links":{"self":[{"href":"https:\/\/wpachem.com\/es\/wp-json\/wp\/v2\/product\/3778","targetHints":{"allow":["GET"]}}],"collection":[{"href":"https:\/\/wpachem.com\/es\/wp-json\/wp\/v2\/product"}],"about":[{"href":"https:\/\/wpachem.com\/es\/wp-json\/wp\/v2\/types\/product"}],"version-history":[{"count":0,"href":"https:\/\/wpachem.com\/es\/wp-json\/wp\/v2\/product\/3778\/revisions"}],"wp:featuredmedia":[{"embeddable":true,"href":"https:\/\/wpachem.com\/es\/wp-json\/wp\/v2\/media\/3776"}],"wp:attachment":[{"href":"https:\/\/wpachem.com\/es\/wp-json\/wp\/v2\/media?parent=3778"}],"wp:term":[{"taxonomy":"product_brand","embeddable":true,"href":"https:\/\/wpachem.com\/es\/wp-json\/wp\/v2\/product_brand?post=3778"},{"taxonomy":"product_cat","embeddable":true,"href":"https:\/\/wpachem.com\/es\/wp-json\/wp\/v2\/product_cat?post=3778"},{"taxonomy":"product_tag","embeddable":true,"href":"https:\/\/wpachem.com\/es\/wp-json\/wp\/v2\/product_tag?post=3778"}],"curies":[{"name":"wp","href":"https:\/\/api.w.org\/{rel}","templated":true}]}}