{"id":3779,"date":"2023-04-11T05:29:47","date_gmt":"2023-04-11T05:29:47","guid":{"rendered":"http:\/\/site2.easyceotech.com\/?post_type=product&#038;p=3779"},"modified":"2024-04-26T05:40:04","modified_gmt":"2024-04-26T05:40:04","slug":"amaranth-lake","status":"publish","type":"product","link":"https:\/\/wpachem.com\/es\/producto\/amaranth-lake\/","title":{"rendered":"Lago Amaranto"},"content":{"rendered":"<p><strong>Caracter\u00edsticas:<\/strong><\/p>\n<p>Amaranth Lake (Acid Red 27) en polvo o gr\u00e1nulos de color marr\u00f3n rojizo oscuro. Inodoro. Resistente a la luz, al calor (105 \u2103), a la oxidaci\u00f3n, poca reducibilidad, no apto para alimentos fermentados ni alimentos que contengan sustancias reductoras. Estable al \u00e1cido c\u00edtrico y al \u00e1cido tart\u00e1rico. Se vuelve rojo oscuro en contacto con \u00e1lcalis. En el caso del cobre, el hierro se decolora f\u00e1cilmente. El poder colorante es d\u00e9bil. Soluble en agua (17,2 g\/100 ml, 21 \u2103) y glicerol. Una soluci\u00f3n acuosa es violeta. Ligeramente soluble en etanol (0,5 g\/100 ml de etanol 50%)<\/p>\n<p><strong>Solicitud:<\/strong><\/p>\n<p>El amaranto se utiliza para dar color a alimentos, medicamentos y cosm\u00e9ticos.<\/p>\n<p>&nbsp;<\/p>","protected":false},"excerpt":{"rendered":"<p><strong>Nombre del producto:<\/strong> Lago Amaranto<\/p>\n<p><strong>Indice de color:<\/strong> 16185:1<\/p>\n<p><strong>\u00cdndice de color de los alimentos:<\/strong> Rojo 9:1<\/p>\n<p><strong>No CAS.:<\/strong> 12227-62-2<\/p>\n<p><strong>N\u00famero de CNC:<\/strong> 08.001<\/p>","protected":false},"featured_media":3776,"template":"","meta":{"_acf_changed":false,"_gspb_post_css":""},"product_brand":[],"product_cat":[52,24],"product_tag":[],"class_list":{"0":"post-3779","1":"product","2":"type-product","3":"status-publish","4":"has-post-thumbnail","6":"product_cat-pigment","7":"product_cat-uncategorized","9":"first","10":"instock","11":"shipping-taxable","12":"product-type-simple"},"acf":[],"_links":{"self":[{"href":"https:\/\/wpachem.com\/es\/wp-json\/wp\/v2\/product\/3779","targetHints":{"allow":["GET"]}}],"collection":[{"href":"https:\/\/wpachem.com\/es\/wp-json\/wp\/v2\/product"}],"about":[{"href":"https:\/\/wpachem.com\/es\/wp-json\/wp\/v2\/types\/product"}],"version-history":[{"count":0,"href":"https:\/\/wpachem.com\/es\/wp-json\/wp\/v2\/product\/3779\/revisions"}],"wp:featuredmedia":[{"embeddable":true,"href":"https:\/\/wpachem.com\/es\/wp-json\/wp\/v2\/media\/3776"}],"wp:attachment":[{"href":"https:\/\/wpachem.com\/es\/wp-json\/wp\/v2\/media?parent=3779"}],"wp:term":[{"taxonomy":"product_brand","embeddable":true,"href":"https:\/\/wpachem.com\/es\/wp-json\/wp\/v2\/product_brand?post=3779"},{"taxonomy":"product_cat","embeddable":true,"href":"https:\/\/wpachem.com\/es\/wp-json\/wp\/v2\/product_cat?post=3779"},{"taxonomy":"product_tag","embeddable":true,"href":"https:\/\/wpachem.com\/es\/wp-json\/wp\/v2\/product_tag?post=3779"}],"curies":[{"name":"wp","href":"https:\/\/api.w.org\/{rel}","templated":true}]}}