{"id":3780,"date":"2023-04-11T05:33:53","date_gmt":"2023-04-11T05:33:53","guid":{"rendered":"http:\/\/site2.easyceotech.com\/?post_type=product&#038;p=3780"},"modified":"2024-04-26T05:40:03","modified_gmt":"2024-04-26T05:40:03","slug":"allura-red","status":"publish","type":"product","link":"https:\/\/wpachem.com\/es\/producto\/allura-red\/","title":{"rendered":"Rojo Allura"},"content":{"rendered":"<p><strong>Caracter\u00edsticas:<\/strong><\/p>\n<p>Allura Red (AC), tambi\u00e9n conocido como Red 17, es un tinte azoico rojo, tambi\u00e9n conocido como FD&amp;CRed40 en los Estados Unidos. Se utiliza como colorante alimentario, c\u00f3digo E E129. Generalmente se presenta en forma de sales rojas de sodio, pero tambi\u00e9n se puede utilizar como sales de calcio y sales de potasio. Estas sales son solubles en agua. En soluci\u00f3n, su m\u00e1xima absorbancia se sit\u00faa en aproximadamente 504 nm:921. Es un tipo de colorante alimentario, de color rojo intenso y brillante, variedad monocrom\u00e1tica. El pigmento tiene una excelente estabilidad.<\/p>\n<p>&nbsp;<\/p>\n<p><strong>Solicitud:<\/strong><\/p>\n<p>Allura Red se usa ampliamente para colorear alimentos, bebidas, medicinas, cosm\u00e9ticos, piensos, tabaco, juguetes, materiales de envasado de alimentos, etc. Pigmento sint\u00e9tico soluble en agua, de color rojo intenso brillante, utilizado en recubrimiento de dulces, helados, helados, dulces, pasteles y colorantes de bebidas.<\/p>\n<p>&nbsp;<\/p>","protected":false},"excerpt":{"rendered":"<p><strong>Nombre del producto:<\/strong> Rojo Allura<\/p>\n<p><strong>Indice de color:<\/strong> 16035<\/p>\n<p><strong>\u00cdndice de color de los alimentos:<\/strong> rojo 17<\/p>\n<p><strong>No CAS.:<\/strong> 25956-17-6<\/p>\n<p><strong>N\u00famero de CNC:<\/strong> 08.012<\/p>","protected":false},"featured_media":3773,"template":"","meta":{"_acf_changed":false,"_gspb_post_css":""},"product_brand":[],"product_cat":[52,24],"product_tag":[],"class_list":{"0":"post-3780","1":"product","2":"type-product","3":"status-publish","4":"has-post-thumbnail","6":"product_cat-pigment","7":"product_cat-uncategorized","9":"first","10":"instock","11":"shipping-taxable","12":"product-type-simple"},"acf":[],"_links":{"self":[{"href":"https:\/\/wpachem.com\/es\/wp-json\/wp\/v2\/product\/3780","targetHints":{"allow":["GET"]}}],"collection":[{"href":"https:\/\/wpachem.com\/es\/wp-json\/wp\/v2\/product"}],"about":[{"href":"https:\/\/wpachem.com\/es\/wp-json\/wp\/v2\/types\/product"}],"version-history":[{"count":0,"href":"https:\/\/wpachem.com\/es\/wp-json\/wp\/v2\/product\/3780\/revisions"}],"wp:featuredmedia":[{"embeddable":true,"href":"https:\/\/wpachem.com\/es\/wp-json\/wp\/v2\/media\/3773"}],"wp:attachment":[{"href":"https:\/\/wpachem.com\/es\/wp-json\/wp\/v2\/media?parent=3780"}],"wp:term":[{"taxonomy":"product_brand","embeddable":true,"href":"https:\/\/wpachem.com\/es\/wp-json\/wp\/v2\/product_brand?post=3780"},{"taxonomy":"product_cat","embeddable":true,"href":"https:\/\/wpachem.com\/es\/wp-json\/wp\/v2\/product_cat?post=3780"},{"taxonomy":"product_tag","embeddable":true,"href":"https:\/\/wpachem.com\/es\/wp-json\/wp\/v2\/product_tag?post=3780"}],"curies":[{"name":"wp","href":"https:\/\/api.w.org\/{rel}","templated":true}]}}