{"id":3781,"date":"2023-04-11T05:43:49","date_gmt":"2023-04-11T05:43:49","guid":{"rendered":"http:\/\/site2.easyceotech.com\/?post_type=product&#038;p=3781"},"modified":"2024-04-26T05:40:02","modified_gmt":"2024-04-26T05:40:02","slug":"allura-red-lake","status":"publish","type":"product","link":"https:\/\/wpachem.com\/es\/producto\/allura-red-lake\/","title":{"rendered":"Lago Rojo Allura"},"content":{"rendered":"<p><strong>Caracter\u00edsticas:<\/strong><\/p>\n<p>El Allura Red Lake (Red 17:1) es un polvo fino de color rojo anaranjado. Insoluble en agua y solventes org\u00e1nicos, en medios \u00e1cidos y alcalinos se disolver\u00e1 lentamente.<\/p>\n<p>&nbsp;<\/p>\n<p><strong>Solicitud:<\/strong><\/p>\n<p>El Allura Red Lake se utiliza ampliamente para dar color a alimentos, bebidas, medicamentos, cosm\u00e9ticos, piensos, tabaco, juguetes, materiales de envasado de alimentos, etc. Pigmento sint\u00e9tico soluble en agua, rojo intenso y brillante, utilizado en recubrimientos de caramelos, helados, dulces, reposter\u00eda y colorantes de bebidas.<\/p>\n<p>&nbsp;<\/p>","protected":false},"excerpt":{"rendered":"<p><strong>Nombre del producto:<\/strong> Lago Rojo Allura<\/p>\n<p><strong>Indice de color:<\/strong> 16035:1<\/p>\n<p><strong>\u00cdndice de color de los alimentos:<\/strong> Rojo 17:1<\/p>\n<p><strong>No CAS.:<\/strong>68583-95-9<\/p>\n<p><strong>N\u00famero de CNC:<\/strong> 08.012<\/p>","protected":false},"featured_media":3773,"template":"","meta":{"_acf_changed":false,"_gspb_post_css":""},"product_brand":[],"product_cat":[52,24],"product_tag":[],"class_list":{"0":"post-3781","1":"product","2":"type-product","3":"status-publish","4":"has-post-thumbnail","6":"product_cat-pigment","7":"product_cat-uncategorized","9":"first","10":"instock","11":"shipping-taxable","12":"product-type-simple"},"acf":[],"_links":{"self":[{"href":"https:\/\/wpachem.com\/es\/wp-json\/wp\/v2\/product\/3781","targetHints":{"allow":["GET"]}}],"collection":[{"href":"https:\/\/wpachem.com\/es\/wp-json\/wp\/v2\/product"}],"about":[{"href":"https:\/\/wpachem.com\/es\/wp-json\/wp\/v2\/types\/product"}],"version-history":[{"count":0,"href":"https:\/\/wpachem.com\/es\/wp-json\/wp\/v2\/product\/3781\/revisions"}],"wp:featuredmedia":[{"embeddable":true,"href":"https:\/\/wpachem.com\/es\/wp-json\/wp\/v2\/media\/3773"}],"wp:attachment":[{"href":"https:\/\/wpachem.com\/es\/wp-json\/wp\/v2\/media?parent=3781"}],"wp:term":[{"taxonomy":"product_brand","embeddable":true,"href":"https:\/\/wpachem.com\/es\/wp-json\/wp\/v2\/product_brand?post=3781"},{"taxonomy":"product_cat","embeddable":true,"href":"https:\/\/wpachem.com\/es\/wp-json\/wp\/v2\/product_cat?post=3781"},{"taxonomy":"product_tag","embeddable":true,"href":"https:\/\/wpachem.com\/es\/wp-json\/wp\/v2\/product_tag?post=3781"}],"curies":[{"name":"wp","href":"https:\/\/api.w.org\/{rel}","templated":true}]}}