{"id":3782,"date":"2023-04-11T05:47:11","date_gmt":"2023-04-11T05:47:11","guid":{"rendered":"http:\/\/site2.easyceotech.com\/?post_type=product&#038;p=3782"},"modified":"2024-04-26T05:40:02","modified_gmt":"2024-04-26T05:40:02","slug":"erythrosine","status":"publish","type":"product","link":"https:\/\/wpachem.com\/es\/producto\/erythrosine\/","title":{"rendered":"eritrosina"},"content":{"rendered":"<p><strong>Caracter\u00edsticas:<\/strong><\/p>\n<p>La eritrosina (B), es una especie de part\u00edculas o polvo de color rojo o marr\u00f3n rojizo, inodoro, soluble en agua, soluble en etanol, propilenglicol y glicerol, no soluble en aceite. Tiene buenas propiedades colorantes, especialmente para la tinci\u00f3n de prote\u00ednas. En comparaci\u00f3n con otros pigmentos rojos sint\u00e9ticos del mismo tipo, su resistencia al calor, resistencia a los \u00e1lcalis, resistencia a la oxidaci\u00f3n y reducci\u00f3n y poder colorante son mejores.<\/p>\n<p><strong>Solicitud:<\/strong><\/p>\n<p>La eritrosina se puede utilizar ampliamente en alimentos fermentados, alimentos horneados, helados, pasteles de pescado, productos encurtidos y otros alimentos no \u00e1cidos.<\/p>\n<p>&nbsp;<\/p>","protected":false},"excerpt":{"rendered":"<p><strong>Nombre del producto:<\/strong> eritrosina<\/p>\n<p><strong>Indice de color: <\/strong>45430<\/p>\n<p><strong>\u00cdndice de color de los alimentos:<\/strong> rojo 14<\/p>\n<p><strong>No CAS.:<\/strong>16423-68-0<\/p>\n<p><strong>N\u00famero de CNC:<\/strong> 08.003<\/p>","protected":false},"featured_media":3783,"template":"","meta":{"_acf_changed":false,"_gspb_post_css":""},"product_brand":[],"product_cat":[52,24],"product_tag":[],"class_list":{"0":"post-3782","1":"product","2":"type-product","3":"status-publish","4":"has-post-thumbnail","6":"product_cat-pigment","7":"product_cat-uncategorized","9":"first","10":"instock","11":"shipping-taxable","12":"product-type-simple"},"acf":[],"_links":{"self":[{"href":"https:\/\/wpachem.com\/es\/wp-json\/wp\/v2\/product\/3782","targetHints":{"allow":["GET"]}}],"collection":[{"href":"https:\/\/wpachem.com\/es\/wp-json\/wp\/v2\/product"}],"about":[{"href":"https:\/\/wpachem.com\/es\/wp-json\/wp\/v2\/types\/product"}],"version-history":[{"count":0,"href":"https:\/\/wpachem.com\/es\/wp-json\/wp\/v2\/product\/3782\/revisions"}],"wp:featuredmedia":[{"embeddable":true,"href":"https:\/\/wpachem.com\/es\/wp-json\/wp\/v2\/media\/3783"}],"wp:attachment":[{"href":"https:\/\/wpachem.com\/es\/wp-json\/wp\/v2\/media?parent=3782"}],"wp:term":[{"taxonomy":"product_brand","embeddable":true,"href":"https:\/\/wpachem.com\/es\/wp-json\/wp\/v2\/product_brand?post=3782"},{"taxonomy":"product_cat","embeddable":true,"href":"https:\/\/wpachem.com\/es\/wp-json\/wp\/v2\/product_cat?post=3782"},{"taxonomy":"product_tag","embeddable":true,"href":"https:\/\/wpachem.com\/es\/wp-json\/wp\/v2\/product_tag?post=3782"}],"curies":[{"name":"wp","href":"https:\/\/api.w.org\/{rel}","templated":true}]}}