{"id":3784,"date":"2023-04-11T05:52:28","date_gmt":"2023-04-11T05:52:28","guid":{"rendered":"http:\/\/site2.easyceotech.com\/?post_type=product&#038;p=3784"},"modified":"2024-04-26T05:40:01","modified_gmt":"2024-04-26T05:40:01","slug":"brilliant-blue","status":"publish","type":"product","link":"https:\/\/wpachem.com\/es\/producto\/brilliant-blue\/","title":{"rendered":"Azul brillante"},"content":{"rendered":"<p><strong>Caracter\u00edsticas:<\/strong><\/p>\n<p>El azul brillante (azul 2) son part\u00edculas o polvos de color p\u00farpura oscuro a bronce con un brillo met\u00e1lico. Inodoro. Fuerte resistencia a la luz y al calor. Estable al \u00e1cido c\u00edtrico, \u00e1cido tart\u00e1rico y base. Soluble en agua (18,7 g\/100 ml, 21 \u2103), la soluci\u00f3n de agua neutra 0,05% es azul claro. Cian en \u00e1cidos d\u00e9biles, amarillo en \u00e1cidos fuertes y p\u00farpura solo cuando se hierve y se agrega \u00e1lcali. Soluble en etanol (1,5 g\/100 ml, soluci\u00f3n de etanol 95%, 21 \u2103). Disuelto en glicerol y propilenglicol. Con el amarillo lim\u00f3n puede coincidir con el pigmento verde.<\/p>\n<p><strong>Solicitud:<\/strong><\/p>\n<p>El azul brillante se puede utilizar en reposter\u00eda, bebidas refrescantes, vino occidental, etc. Debido a su color intenso, suele utilizarse con otros pigmentos. Tambi\u00e9n se puede utilizar como colorante para medicamentos y cosm\u00e9ticos.<\/p>\n<p>&nbsp;<\/p>","protected":false},"excerpt":{"rendered":"<p><strong>Nombre del producto:<\/strong> Azul brillante<\/p>\n<p><strong>Indice de color: <\/strong>42090<\/p>\n<p><strong>\u00cdndice de color de los alimentos: <\/strong>Azul 2<\/p>\n<p><strong>No CAS.: <\/strong>3844-45-9<\/p>\n<p><strong>N\u00famero de CNC:<\/strong> 08.007<\/p>","protected":false},"featured_media":3785,"template":"","meta":{"_acf_changed":false,"_gspb_post_css":""},"product_brand":[],"product_cat":[52,24],"product_tag":[],"class_list":{"0":"post-3784","1":"product","2":"type-product","3":"status-publish","4":"has-post-thumbnail","6":"product_cat-pigment","7":"product_cat-uncategorized","9":"first","10":"instock","11":"shipping-taxable","12":"product-type-simple"},"acf":[],"_links":{"self":[{"href":"https:\/\/wpachem.com\/es\/wp-json\/wp\/v2\/product\/3784","targetHints":{"allow":["GET"]}}],"collection":[{"href":"https:\/\/wpachem.com\/es\/wp-json\/wp\/v2\/product"}],"about":[{"href":"https:\/\/wpachem.com\/es\/wp-json\/wp\/v2\/types\/product"}],"version-history":[{"count":0,"href":"https:\/\/wpachem.com\/es\/wp-json\/wp\/v2\/product\/3784\/revisions"}],"wp:featuredmedia":[{"embeddable":true,"href":"https:\/\/wpachem.com\/es\/wp-json\/wp\/v2\/media\/3785"}],"wp:attachment":[{"href":"https:\/\/wpachem.com\/es\/wp-json\/wp\/v2\/media?parent=3784"}],"wp:term":[{"taxonomy":"product_brand","embeddable":true,"href":"https:\/\/wpachem.com\/es\/wp-json\/wp\/v2\/product_brand?post=3784"},{"taxonomy":"product_cat","embeddable":true,"href":"https:\/\/wpachem.com\/es\/wp-json\/wp\/v2\/product_cat?post=3784"},{"taxonomy":"product_tag","embeddable":true,"href":"https:\/\/wpachem.com\/es\/wp-json\/wp\/v2\/product_tag?post=3784"}],"curies":[{"name":"wp","href":"https:\/\/api.w.org\/{rel}","templated":true}]}}