{"id":3788,"date":"2023-04-11T05:59:15","date_gmt":"2023-04-11T05:59:15","guid":{"rendered":"http:\/\/site2.easyceotech.com\/?post_type=product&#038;p=3788"},"modified":"2024-04-26T05:40:00","modified_gmt":"2024-04-26T05:40:00","slug":"indigo-carmine","status":"publish","type":"product","link":"https:\/\/wpachem.com\/es\/producto\/indigo-carmine\/","title":{"rendered":"\u00cdndigo carm\u00edn"},"content":{"rendered":"<p><strong>Caracter\u00edsticas:<\/strong><\/p>\n<p>El carm\u00edn \u00edndigo (azul \u00e1cido 74) es un polvo azul oscuro con un brillo met\u00e1lico cobrizo. La soluci\u00f3n acuosa es azul o violeta azulada. 1 g es soluble en 100 ml de agua (25 \u2103), ligeramente soluble en alcohol e insoluble en la mayor\u00eda de los disolventes org\u00e1nicos. Sensible a los oxidantes, el color cambiar\u00e1 bajo la acci\u00f3n del \u00e1cido n\u00edtrico y el color de la soluci\u00f3n acuosa se desvanecer\u00e1 durante mucho tiempo.<\/p>\n<p><strong>Solicitud:<\/strong><\/p>\n<p>El carm\u00edn \u00edndigo se utiliza para dar color a alimentos, medicamentos y cosm\u00e9ticos de uso diario. El \u00edndigo comestible es un pigmento sint\u00e9tico comestible.<\/p>\n<p>&nbsp;<\/p>","protected":false},"excerpt":{"rendered":"<p><strong>Nombre del producto:<\/strong> \u00cdndigo carm\u00edn<\/p>\n<p><strong>Indice de color: <\/strong>28317<\/p>\n<p><strong>\u00cdndice de color de los alimentos: <\/strong>Azul 1<\/p>\n<p><strong>N.\u00ba CAS: 860-22-0<\/strong><\/p>\n<p><strong>N\u00famero de CNC:<\/strong> 08.008<\/p>","protected":false},"featured_media":5554,"template":"","meta":{"_acf_changed":false,"_gspb_post_css":""},"product_brand":[],"product_cat":[52,24],"product_tag":[],"class_list":{"0":"post-3788","1":"product","2":"type-product","3":"status-publish","4":"has-post-thumbnail","6":"product_cat-pigment","7":"product_cat-uncategorized","9":"first","10":"instock","11":"shipping-taxable","12":"product-type-simple"},"acf":[],"_links":{"self":[{"href":"https:\/\/wpachem.com\/es\/wp-json\/wp\/v2\/product\/3788","targetHints":{"allow":["GET"]}}],"collection":[{"href":"https:\/\/wpachem.com\/es\/wp-json\/wp\/v2\/product"}],"about":[{"href":"https:\/\/wpachem.com\/es\/wp-json\/wp\/v2\/types\/product"}],"version-history":[{"count":0,"href":"https:\/\/wpachem.com\/es\/wp-json\/wp\/v2\/product\/3788\/revisions"}],"wp:featuredmedia":[{"embeddable":true,"href":"https:\/\/wpachem.com\/es\/wp-json\/wp\/v2\/media\/5554"}],"wp:attachment":[{"href":"https:\/\/wpachem.com\/es\/wp-json\/wp\/v2\/media?parent=3788"}],"wp:term":[{"taxonomy":"product_brand","embeddable":true,"href":"https:\/\/wpachem.com\/es\/wp-json\/wp\/v2\/product_brand?post=3788"},{"taxonomy":"product_cat","embeddable":true,"href":"https:\/\/wpachem.com\/es\/wp-json\/wp\/v2\/product_cat?post=3788"},{"taxonomy":"product_tag","embeddable":true,"href":"https:\/\/wpachem.com\/es\/wp-json\/wp\/v2\/product_tag?post=3788"}],"curies":[{"name":"wp","href":"https:\/\/api.w.org\/{rel}","templated":true}]}}