{"id":3790,"date":"2023-04-11T09:14:03","date_gmt":"2023-04-11T09:14:03","guid":{"rendered":"http:\/\/site2.easyceotech.com\/?post_type=product&#038;p=3790"},"modified":"2024-04-26T05:40:00","modified_gmt":"2024-04-26T05:40:00","slug":"pearlescent-pigment","status":"publish","type":"product","link":"https:\/\/wpachem.com\/es\/producto\/pearlescent-pigment\/","title":{"rendered":"pigmento nacarado"},"content":{"rendered":"<p><strong>Caracter\u00edsticas:<\/strong><\/p>\n<p>El pigmento nacarado es un tipo de pigmento de efecto \u00f3ptico, porque puede mostrar un cierto brillo met\u00e1lico, por lo que tambi\u00e9n se le llama pigmento no met\u00e1lico con brillo met\u00e1lico. Los pigmentos nacarados tienen el efecto de destello de los pigmentos met\u00e1licos y pueden producir el color suave de las perlas naturales. Cuando se expone a la luz solar, puede producir una reflexi\u00f3n de varios niveles y la luz reflejada interact\u00faa entre s\u00ed para presentar un brillo y color suave, deslumbrante o colorido. El pigmento nacarado es el colorante m\u00e1s importante para la cosm\u00e9tica facial, de labios, ojos y u\u00f1as. Excelente resistencia a la corrosi\u00f3n qu\u00edmica, resistencia a altas temperaturas, bajo contenido de metales pesados, de acuerdo con las normas t\u00e9cnicas de seguridad pertinentes, por lo que puede usarse en envases de alimentos y juguetes para ni\u00f1os.<\/p>\n<p>&nbsp;<\/p>\n<p><strong>Solicitud:<\/strong><\/p>\n<ul>\n<li>1. Textiles:<br \/>\nLa combinaci\u00f3n de pigmentos nacarados con textiles puede dar a las telas un brillo y color nacarados excelentes.<\/li>\n<li>2: pintura:<br \/>\nLos recubrimientos utilizados en pintura de acabado de autom\u00f3viles, autopartes, materiales de construcci\u00f3n, electrodom\u00e9sticos, etc. utilizar\u00e1n pintura para modificar el color al mismo tiempo para lograr una cierta protecci\u00f3n.<\/li>\n<li>3. Tinta:<br \/>\nEn la impresi\u00f3n de envases de alta gama, como bolsas de cigarrillos, etiquetas de vino de alta gama, impresi\u00f3n antifalsificaci\u00f3n y otros campos.<\/li>\n<li>4. Cer\u00e1mica:<br \/>\nLa aplicaci\u00f3n de pigmentos nacarados a las cer\u00e1micas puede otorgarles propiedades \u00f3pticas especiales.<\/li>\n<li>5. Pl\u00e1stico:<br \/>\nEl pigmento de perlita de titanio y mica es casi adecuado para todos los pl\u00e1sticos termopl\u00e1sticos y termoendurecibles, no hace que los productos pl\u00e1sticos se desvanezcan ni se conviertan en cenizas, puede producir un brillo met\u00e1lico brillante y un efecto de perlita.<\/li>\n<li>6. Maquillaje:<br \/>\nLa variedad, rendimiento y color de los cosm\u00e9ticos dependen de la variedad de pigmentos utilizados en ellos. Los pigmentos nacarados se utilizan ampliamente como pigmentos cosm\u00e9ticos debido a su fuerte poder cubriente o alta transparencia, buen color, amplio espectro y otras caracter\u00edsticas.<\/li>\n<li>7. Otros<br \/>\nEl pigmento nacarado tambi\u00e9n se utiliza en otras producciones y en la vida diaria. Como apariencia de imitaci\u00f3n de bronceador, aplicaci\u00f3n de piedra artificial.<\/li>\n<\/ul>\n<p>&nbsp;<\/p>\n<p>Para obtener informaci\u00f3n m\u00e1s detallada sobre el producto, cont\u00e1ctenos.<\/p>","protected":false},"excerpt":{"rendered":"<p>Nombre del producto: pigmento nacarado<\/p>\n<p>Aplicaci\u00f3n: Pintura, pl\u00e1stico, caucho, tinta, cosm\u00e9ticos, etc.<\/p>\n<p>&nbsp;<\/p>","protected":false},"featured_media":5558,"template":"","meta":{"_acf_changed":false,"_gspb_post_css":""},"product_brand":[],"product_cat":[52,24],"product_tag":[],"class_list":{"0":"post-3790","1":"product","2":"type-product","3":"status-publish","4":"has-post-thumbnail","6":"product_cat-pigment","7":"product_cat-uncategorized","9":"first","10":"instock","11":"shipping-taxable","12":"product-type-simple"},"acf":[],"_links":{"self":[{"href":"https:\/\/wpachem.com\/es\/wp-json\/wp\/v2\/product\/3790","targetHints":{"allow":["GET"]}}],"collection":[{"href":"https:\/\/wpachem.com\/es\/wp-json\/wp\/v2\/product"}],"about":[{"href":"https:\/\/wpachem.com\/es\/wp-json\/wp\/v2\/types\/product"}],"version-history":[{"count":0,"href":"https:\/\/wpachem.com\/es\/wp-json\/wp\/v2\/product\/3790\/revisions"}],"wp:featuredmedia":[{"embeddable":true,"href":"https:\/\/wpachem.com\/es\/wp-json\/wp\/v2\/media\/5558"}],"wp:attachment":[{"href":"https:\/\/wpachem.com\/es\/wp-json\/wp\/v2\/media?parent=3790"}],"wp:term":[{"taxonomy":"product_brand","embeddable":true,"href":"https:\/\/wpachem.com\/es\/wp-json\/wp\/v2\/product_brand?post=3790"},{"taxonomy":"product_cat","embeddable":true,"href":"https:\/\/wpachem.com\/es\/wp-json\/wp\/v2\/product_cat?post=3790"},{"taxonomy":"product_tag","embeddable":true,"href":"https:\/\/wpachem.com\/es\/wp-json\/wp\/v2\/product_tag?post=3790"}],"curies":[{"name":"wp","href":"https:\/\/api.w.org\/{rel}","templated":true}]}}