{"id":5133,"date":"2023-09-20T08:00:20","date_gmt":"2023-09-20T08:00:20","guid":{"rendered":"https:\/\/wpachem.com\/?post_type=product&#038;p=5133"},"modified":"2024-04-26T05:39:59","modified_gmt":"2024-04-26T05:39:59","slug":"6-hydroxy-2-naphthoic-acid-cas-no-16712-64-4","status":"publish","type":"product","link":"https:\/\/wpachem.com\/es\/producto\/6-hydroxy-2-naphthoic-acid-cas-no-16712-64-4\/","title":{"rendered":"\u00c1cido 6-hidroxi-2-naftoico Cas No 16712-64-4"},"content":{"rendered":"<p>Propiedades qu\u00edmicas:<\/p>\n<p>El \u00e1cido 6-hidroxi-2-naftoico es un polvo de color blanco a amarillo claro (premium) con un punto de fusi\u00f3n de \u2265 245 \u2103. Es soluble en etanol, \u00e9ter, benceno, cloroformo y soluciones alcalinas, ligeramente soluble en agua caliente y casi insoluble en agua fr\u00eda.<\/p>\n<p>Uso: Utilizado en medicina, LCD, pintura, etc.<\/p>","protected":false},"excerpt":{"rendered":"<div class=\"attribute-item\">\n<div class=\"left\" data-spm-anchor-id=\"a2700.details.0.i46.753f17ffnQIHeh\">Clasificaci\u00f3n: \u00c1cido carbox\u00edlico<\/div>\n<\/div>\n<div class=\"attribute-item\">\n<div class=\"left\">Lugar de origen: China<\/div>\n<\/div>\n<div class=\"attribute-item\">\n<div class=\"left\">MF\uff1ac11h7o3<\/div>\n<\/div>\n<div class=\"attribute-item\">\n<div class=\"left\">Peso molecular: 187,172<\/div>\n<\/div>\n<div class=\"attribute-item\">\n<div class=\"left\">Aplicaci\u00f3n: medicina, cristal l\u00edquido, pintura, etc.<\/div>\n<\/div>","protected":false},"featured_media":5134,"template":"","meta":{"_acf_changed":false,"_gspb_post_css":""},"product_brand":[],"product_cat":[52,24],"product_tag":[],"class_list":{"0":"post-5133","1":"product","2":"type-product","3":"status-publish","4":"has-post-thumbnail","6":"product_cat-pigment","7":"product_cat-uncategorized","9":"first","10":"instock","11":"shipping-taxable","12":"product-type-simple"},"acf":[],"_links":{"self":[{"href":"https:\/\/wpachem.com\/es\/wp-json\/wp\/v2\/product\/5133","targetHints":{"allow":["GET"]}}],"collection":[{"href":"https:\/\/wpachem.com\/es\/wp-json\/wp\/v2\/product"}],"about":[{"href":"https:\/\/wpachem.com\/es\/wp-json\/wp\/v2\/types\/product"}],"version-history":[{"count":0,"href":"https:\/\/wpachem.com\/es\/wp-json\/wp\/v2\/product\/5133\/revisions"}],"wp:featuredmedia":[{"embeddable":true,"href":"https:\/\/wpachem.com\/es\/wp-json\/wp\/v2\/media\/5134"}],"wp:attachment":[{"href":"https:\/\/wpachem.com\/es\/wp-json\/wp\/v2\/media?parent=5133"}],"wp:term":[{"taxonomy":"product_brand","embeddable":true,"href":"https:\/\/wpachem.com\/es\/wp-json\/wp\/v2\/product_brand?post=5133"},{"taxonomy":"product_cat","embeddable":true,"href":"https:\/\/wpachem.com\/es\/wp-json\/wp\/v2\/product_cat?post=5133"},{"taxonomy":"product_tag","embeddable":true,"href":"https:\/\/wpachem.com\/es\/wp-json\/wp\/v2\/product_tag?post=5133"}],"curies":[{"name":"wp","href":"https:\/\/api.w.org\/{rel}","templated":true}]}}