{"id":5147,"date":"2023-11-23T07:32:12","date_gmt":"2023-11-23T07:32:12","guid":{"rendered":"https:\/\/wpachem.com\/?post_type=product&#038;p=5147"},"modified":"2023-11-23T07:32:13","modified_gmt":"2023-11-23T07:32:13","slug":"natural-sweetener-stevia-%ef%bc%88stevioside%ef%bc%89ra80-ra95-ra97-ra98-ra99-cas-57817-89-7","status":"publish","type":"product","link":"https:\/\/wpachem.com\/es\/producto\/natural-sweetener-stevia-%ef%bc%88stevioside%ef%bc%89ra80-ra95-ra97-ra98-ra99-cas-57817-89-7\/","title":{"rendered":"Edulcorante natural Stevia (estevi\u00f3sido) RA80% RA95% RA97% RA98% RA99% CAS 57817-89-7"},"content":{"rendered":"<p>El estevi\u00f3sido, tambi\u00e9n conocido como stevia, stevia y extracto de stevia, es un fuerte componente dulce contenido en la stevia rebaudianabertoni. Se extrae de las hojas y se refina. Los gluc\u00f3sidos de esteviol son cristales incoloros con un dulzor de 200 a 300 veces mayor que el de la sacarosa. Tienen un ligero aroma mentolado y una peque\u00f1a cantidad de astringencia. Tienen una fuerte estabilidad t\u00e9rmica y no son f\u00e1ciles de descomponer.<\/p>\n<p>Una gran cantidad de pruebas han demostrado que Chemicalbook Stevia no tiene efectos secundarios t\u00f3xicos ni carcin\u00f3genos, es seguro de usar, tiene propiedades refrescantes y dulces y es el tercer sustituto natural de la sacarosa m\u00e1s valioso y saludable despu\u00e9s de la ca\u00f1a de az\u00facar y el az\u00facar de remolacha. Se la conoce como \u201cLa tercera fuente de az\u00facar del mundo\u201d.<\/p>\n<p><strong>Solicitud<\/strong><br \/>\nLos gluc\u00f3sidos de esteviol se pueden usar en dulces, pasteles, bebidas, bebidas s\u00f3lidas, snacks fritos, conservas, frutas en conserva, condimentos, helados suaves y excipientes farmac\u00e9uticos, etc. La cantidad de uso debe usarse en una cantidad adecuada seg\u00fan las necesidades de producci\u00f3n.<\/p>\n<p><strong>Embalaje y almacenamiento<\/strong><br \/>\n25KG\/BOLSA o 25 KG\/CAJA<\/p>\n<p>&nbsp;<\/p>\n<p>&nbsp;<\/p>","protected":false},"excerpt":{"rendered":"<p>Nombre del producto: Stevia (estevi\u00f3sido)<\/p>\n<p>CAS\uff1a57817-89-7<\/p>\n<p>MF: C38H60O18<\/p>\n<p>Aspecto: Cristal incoloro o polvo cristalino blanco, inodoro, dulzor fuerte, dulzor puro, ligeramente amargo cuando la concentraci\u00f3n es alta y el dulzor es aproximadamente 300 veces mayor que el de la sacarosa.<\/p>","protected":false},"featured_media":5171,"template":"","meta":{"_acf_changed":false,"_gspb_post_css":""},"product_brand":[],"product_cat":[55,56],"product_tag":[],"class_list":{"0":"post-5147","1":"product","2":"type-product","3":"status-publish","4":"has-post-thumbnail","6":"product_cat-food-additives","7":"product_cat-sweetener","9":"first","10":"instock","11":"shipping-taxable","12":"product-type-simple"},"acf":[],"_links":{"self":[{"href":"https:\/\/wpachem.com\/es\/wp-json\/wp\/v2\/product\/5147","targetHints":{"allow":["GET"]}}],"collection":[{"href":"https:\/\/wpachem.com\/es\/wp-json\/wp\/v2\/product"}],"about":[{"href":"https:\/\/wpachem.com\/es\/wp-json\/wp\/v2\/types\/product"}],"version-history":[{"count":0,"href":"https:\/\/wpachem.com\/es\/wp-json\/wp\/v2\/product\/5147\/revisions"}],"wp:featuredmedia":[{"embeddable":true,"href":"https:\/\/wpachem.com\/es\/wp-json\/wp\/v2\/media\/5171"}],"wp:attachment":[{"href":"https:\/\/wpachem.com\/es\/wp-json\/wp\/v2\/media?parent=5147"}],"wp:term":[{"taxonomy":"product_brand","embeddable":true,"href":"https:\/\/wpachem.com\/es\/wp-json\/wp\/v2\/product_brand?post=5147"},{"taxonomy":"product_cat","embeddable":true,"href":"https:\/\/wpachem.com\/es\/wp-json\/wp\/v2\/product_cat?post=5147"},{"taxonomy":"product_tag","embeddable":true,"href":"https:\/\/wpachem.com\/es\/wp-json\/wp\/v2\/product_tag?post=5147"}],"curies":[{"name":"wp","href":"https:\/\/api.w.org\/{rel}","templated":true}]}}