{"id":5160,"date":"2023-11-21T10:28:24","date_gmt":"2023-11-21T10:28:24","guid":{"rendered":"https:\/\/wpachem.com\/?post_type=product&#038;p=5160"},"modified":"2023-11-22T09:45:59","modified_gmt":"2023-11-22T09:45:59","slug":"ocimene-37-dimethylocta-136-triene-cas13877-91-3","status":"publish","type":"product","link":"https:\/\/wpachem.com\/es\/producto\/ocimene-37-dimethylocta-136-triene-cas13877-91-3\/","title":{"rendered":"Ocimeno (3,7-dimetilocta-1,3,6-trieno) CAS13877-91-3"},"content":{"rendered":"<p><strong>Caracteristica<\/strong><\/p>\n<table>\n<tbody>\n<tr>\n<td width=\"116\"><strong><b>Estado fisico<\/b><\/strong><\/td>\n<td width=\"275\">L\u00edquido.<\/td>\n<\/tr>\n<tr>\n<td width=\"116\"><strong><b>Color<\/b><\/strong><\/td>\n<td width=\"275\">Incoloro.<\/td>\n<\/tr>\n<tr>\n<td width=\"116\"><strong><b>Olor<\/b><\/strong><\/td>\n<td width=\"275\">datos no disponibles<\/td>\n<\/tr>\n<tr>\n<td width=\"116\"><strong><b>Punto de fusi\u00f3n\/punto de congelaci\u00f3n<\/b><\/strong><\/td>\n<td width=\"275\">&lt; -20 \u00b0C. Presi\u00f3n atmosf\u00e9rica: 101 320 \u2013 101 325 Pa.<\/td>\n<\/tr>\n<tr>\n<td width=\"116\"><strong><b>Punto de ebullici\u00f3n o punto de ebullici\u00f3n inicial e intervalo de ebullici\u00f3n<\/b><\/strong><\/td>\n<td width=\"275\">184,1 \u00b0C. Presi\u00f3n atmosf\u00e9rica: 101 325 Pa.<\/td>\n<\/tr>\n<tr>\n<td width=\"116\"><strong><b>Inflamabilidad<\/b><\/strong><\/td>\n<td width=\"275\">datos no disponibles<\/td>\n<\/tr>\n<tr>\n<td width=\"116\"><strong><b>L\u00edmite superior e inferior de explosividad\/l\u00edmite de inflamabilidad<\/b><\/strong><\/td>\n<td width=\"275\">datos no disponibles<\/td>\n<\/tr>\n<tr>\n<td width=\"116\"><strong><b>punto de inflamabilidad<\/b><\/strong><\/td>\n<td width=\"275\">56 \u00b0C. Presi\u00f3n atmosf\u00e9rica: 101 300 Pa.<\/td>\n<\/tr>\n<tr>\n<td width=\"116\"><strong><b>Temperatura de autoignici\u00f3n<\/b><\/strong><\/td>\n<td width=\"275\">280 \u00b0C. Presi\u00f3n atmosf\u00e9rica: 103 kPa.<\/td>\n<\/tr>\n<tr>\n<td width=\"116\"><strong><b>temperatura de descomposici\u00f3n<\/b><\/strong><\/td>\n<td width=\"275\">datos no disponibles<\/td>\n<\/tr>\n<tr>\n<td width=\"116\"><strong><b>pH<\/b><\/strong><\/td>\n<td width=\"275\">datos no disponibles<\/td>\n<\/tr>\n<tr>\n<td width=\"116\"><strong><b>Viscosidad cinem\u00e1tica<\/b><\/strong><\/td>\n<td width=\"275\">c Poise = 0,64. Temperatura: 25,0 \u00b0C.<\/td>\n<\/tr>\n<tr>\n<td width=\"116\"><strong><b>Solubilidad<\/b><\/strong><\/td>\n<td width=\"275\">En agua: 14,5 mg\/L. Temperatura: 24 \u00b0C. Observaciones: El pH no se considera cr\u00edtico debido a la ausencia de caracter\u00edsticas estructurales \u00e1cidas y b\u00e1sicas en su estructura molecular. Por lo tanto, se espera que el pH de la soluci\u00f3n se encuentre alrededor de 7.<\/td>\n<\/tr>\n<tr>\n<td width=\"116\"><strong><b>Coeficiente de partici\u00f3n: N-Octanol\/Agua<\/b><\/strong><\/td>\n<td width=\"275\">Log Pow = 5,4. Temperatura: 25 \u00b0C. Observaciones: No se requiere pH debido a la ausencia de grupos \u00e1cidos y b\u00e1sicos.<\/td>\n<\/tr>\n<tr>\n<td width=\"116\"><strong><b>Presi\u00f3n de vapor<\/b><\/strong><\/td>\n<td width=\"275\">220,7 Pa. Temperatura:24 \u00b0C.<\/td>\n<\/tr>\n<tr>\n<td width=\"116\"><strong><b>Densidad y\/o densidad relativa<\/b><\/strong><\/td>\n<td width=\"275\">0,798 (corresponde a D4(20)). Temperatura: 20 \u00b0C.<\/td>\n<\/tr>\n<\/tbody>\n<\/table>\n<p><strong>Embalaje y almacenamiento<\/strong><\/p>\n<p>Conservar en un lugar bien ventilado. Mantener en un lugar fresco.<\/p>","protected":false},"excerpt":{"rendered":"<p>Nombre del producto: Ocimene<\/p>\n<p>N.\u00ba CAS: 13877-91-3<\/p>\n<p>N\u00famero de modelo: C10H16<\/p>\n<p>Aspecto: L\u00edquido incoloro<\/p>","protected":false},"featured_media":4674,"template":"","meta":{"_acf_changed":false,"_gspb_post_css":""},"product_brand":[],"product_cat":[61],"product_tag":[],"class_list":{"0":"post-5160","1":"product","2":"type-product","3":"status-publish","4":"has-post-thumbnail","6":"product_cat-flavor-and-fragrance","8":"first","9":"instock","10":"shipping-taxable","11":"product-type-simple"},"acf":[],"_links":{"self":[{"href":"https:\/\/wpachem.com\/es\/wp-json\/wp\/v2\/product\/5160","targetHints":{"allow":["GET"]}}],"collection":[{"href":"https:\/\/wpachem.com\/es\/wp-json\/wp\/v2\/product"}],"about":[{"href":"https:\/\/wpachem.com\/es\/wp-json\/wp\/v2\/types\/product"}],"version-history":[{"count":0,"href":"https:\/\/wpachem.com\/es\/wp-json\/wp\/v2\/product\/5160\/revisions"}],"wp:featuredmedia":[{"embeddable":true,"href":"https:\/\/wpachem.com\/es\/wp-json\/wp\/v2\/media\/4674"}],"wp:attachment":[{"href":"https:\/\/wpachem.com\/es\/wp-json\/wp\/v2\/media?parent=5160"}],"wp:term":[{"taxonomy":"product_brand","embeddable":true,"href":"https:\/\/wpachem.com\/es\/wp-json\/wp\/v2\/product_brand?post=5160"},{"taxonomy":"product_cat","embeddable":true,"href":"https:\/\/wpachem.com\/es\/wp-json\/wp\/v2\/product_cat?post=5160"},{"taxonomy":"product_tag","embeddable":true,"href":"https:\/\/wpachem.com\/es\/wp-json\/wp\/v2\/product_tag?post=5160"}],"curies":[{"name":"wp","href":"https:\/\/api.w.org\/{rel}","templated":true}]}}