{"id":5165,"date":"2023-11-22T09:57:41","date_gmt":"2023-11-22T09:57:41","guid":{"rendered":"https:\/\/wpachem.com\/?post_type=product&#038;p=5165"},"modified":"2023-11-22T09:57:41","modified_gmt":"2023-11-22T09:57:41","slug":"linalool-cas-78-70-6","status":"publish","type":"product","link":"https:\/\/wpachem.com\/es\/producto\/linalool-cas-78-70-6\/","title":{"rendered":"Linalol CAS 78-70-6"},"content":{"rendered":"<p><strong>Caracter\u00edstica<\/strong><\/p>\n<ul class=\"list3\">\n<li>Aspecto: L\u00edquido transparente incoloro.<\/li>\n<li>Olor: Floral agradable.<\/li>\n<li>pH: 4,5 a 1,45 g\/l a 25 \u00b0C<\/li>\n<li>Punto de fusi\u00f3n:&lt; -100 \u00b0C<\/li>\n<li>Punto de congelaci\u00f3n: &gt;-74 \u00b0C a aproximadamente 993 hPa \u2013 Directriz de prueba 102 de la OCDE<\/li>\n<li>Punto de ebullici\u00f3n inicial y rango de ebullici\u00f3n: 194 \u2013 197 \u00b0C a 960 hPa \u2013 lit.<\/li>\n<li>Punto de inflamaci\u00f3n: aprox. 77,2 \u00b0C \u2013 vaso cerrado Pensky-Martens \u2013 ISO 271981 \u00b0C \u2013 vaso cerrado \u2013 DIN 51758<\/li>\n<li>L\u00edmite superior de explosi\u00f3n: 5,2 %(V) L\u00edmite inferior de explosi\u00f3n: 0,9 %(V)<\/li>\n<li>Presi\u00f3n de vapor: 0,27 hPa a 25 \u00b0C \u2013 Directriz de ensayo OCDE 104<\/li>\n<li>Densidad relativa: 0,87 g\/cm3 a 25 \u00b0C \u2013 lit.<\/li>\n<li>Solubilidad en agua: ligeramente soluble.<\/li>\n<li>Coeficiente de reparto n-octanol\/agua log Pow: 2,84 a 25 \u00b0C \u2013 Directrices de ensayo 107 de la OCDE \u2013 No se espera bioacumulaci\u00f3n.log Pow: 2,7 a 25 \u00b0C \u2013 Directrices de ensayo 107 de la OCDE \u2013 No se espera bioacumulaci\u00f3n.<\/li>\n<li>Temperatura de descomposici\u00f3n aprox. &gt;200 \u00b0C \u2013 Destilable en estado no descompuesto a presi\u00f3n normal.<\/li>\n<\/ul>\n<p><strong>Embalaje y almacenamiento<\/strong><\/p>\n<p>Mantener el envase bien cerrado en un lugar seco y bien ventilado.<\/p>\n<p>Conservar en lugar fresco.<\/p>","protected":false},"excerpt":{"rendered":"<p>Nombre del producto: Linalool<br \/>\nN.\u00ba CAS: 78-70-6<br \/>\nMF: C10H18O<br \/>\nAspecto: L\u00edquido transparente incoloro.<\/p>","protected":false},"featured_media":4878,"template":"","meta":{"_acf_changed":false,"_gspb_post_css":""},"product_brand":[],"product_cat":[61],"product_tag":[],"class_list":{"0":"post-5165","1":"product","2":"type-product","3":"status-publish","4":"has-post-thumbnail","6":"product_cat-flavor-and-fragrance","8":"first","9":"instock","10":"shipping-taxable","11":"product-type-simple"},"acf":[],"_links":{"self":[{"href":"https:\/\/wpachem.com\/es\/wp-json\/wp\/v2\/product\/5165","targetHints":{"allow":["GET"]}}],"collection":[{"href":"https:\/\/wpachem.com\/es\/wp-json\/wp\/v2\/product"}],"about":[{"href":"https:\/\/wpachem.com\/es\/wp-json\/wp\/v2\/types\/product"}],"version-history":[{"count":0,"href":"https:\/\/wpachem.com\/es\/wp-json\/wp\/v2\/product\/5165\/revisions"}],"wp:featuredmedia":[{"embeddable":true,"href":"https:\/\/wpachem.com\/es\/wp-json\/wp\/v2\/media\/4878"}],"wp:attachment":[{"href":"https:\/\/wpachem.com\/es\/wp-json\/wp\/v2\/media?parent=5165"}],"wp:term":[{"taxonomy":"product_brand","embeddable":true,"href":"https:\/\/wpachem.com\/es\/wp-json\/wp\/v2\/product_brand?post=5165"},{"taxonomy":"product_cat","embeddable":true,"href":"https:\/\/wpachem.com\/es\/wp-json\/wp\/v2\/product_cat?post=5165"},{"taxonomy":"product_tag","embeddable":true,"href":"https:\/\/wpachem.com\/es\/wp-json\/wp\/v2\/product_tag?post=5165"}],"curies":[{"name":"wp","href":"https:\/\/api.w.org\/{rel}","templated":true}]}}