{"id":5174,"date":"2023-11-23T08:11:01","date_gmt":"2023-11-23T08:11:01","guid":{"rendered":"https:\/\/wpachem.com\/?post_type=product&#038;p=5174"},"modified":"2024-01-31T07:45:19","modified_gmt":"2024-01-31T07:45:19","slug":"sodium-tripolyphosphate-stpp-cas-7758-29-4","status":"publish","type":"product","link":"https:\/\/wpachem.com\/es\/producto\/sodium-tripolyphosphate-stpp-cas-7758-29-4\/","title":{"rendered":"TRIPOLIFOSFATO DE SODIO (STPP) CAS 7758-29-4"},"content":{"rendered":"<p>Tripolifosfato de sodio, tambi\u00e9n conocido como fosfato pentas\u00f3dico, pirometafosfato de sodio, STPP, tripolifosfato pentas\u00f3dico. Cristal en polvo blanco con buena fluidez, masa molecular relativa de 367.Chemicalbook86, punto de fusi\u00f3n de 622 \u00b0C, f\u00e1cilmente soluble en agua y su soluci\u00f3n acuosa es alcalina. A menudo se utiliza en alimentos como agente retenedor de humedad, mejorador de la calidad, regulador del pH y agente quelante de metales.<\/p>\n<p><strong>Solicitud<\/strong><\/p>\n<p>El tripolifosfato de sodio se utiliza en detergentes, como auxiliares, sin\u00e9rgicos de jab\u00f3n y para prevenir la cristalizaci\u00f3n y floraci\u00f3n del jab\u00f3n en barra, ablandadores de agua industriales, agentes precurtientes de cuero, auxiliares de te\u00f1ido, agentes de control de dragado de pozos petroleros y fabricaci\u00f3n de papel. Agente preventivo de la contaminaci\u00f3n por hidrocarburos, agente dispersante eficaz para el tratamiento en suspensi\u00f3n de pintura, caol\u00edn, \u00f3xido de magnesio, carbonato de calcio, etc. El tripolifosfato de sodio de calidad alimentaria se puede utilizar como mejorador alimentario para diversos productos pesqueros y clarificador para bebidas.<\/p>\n<p><strong>Embalaje y almacenamiento<\/strong><\/p>\n<p>25 KG\/BOLSA<\/p>","protected":false},"excerpt":{"rendered":"<p>Nombre del producto: Trifosfato de sodio (STPP)<\/p>\n<p>CAS: 7758-29-4<\/p>\n<p>MF: Na5O10P3<\/p>\n<p>Apariencia: Polvo blanco<\/p>","protected":false},"featured_media":5175,"template":"","meta":{"_acf_changed":false,"_gspb_post_css":""},"product_brand":[],"product_cat":[55,121],"product_tag":[],"class_list":{"0":"post-5174","1":"product","2":"type-product","3":"status-publish","4":"has-post-thumbnail","6":"product_cat-food-additives","7":"product_cat-phosphates","9":"first","10":"instock","11":"shipping-taxable","12":"product-type-simple"},"acf":[],"_links":{"self":[{"href":"https:\/\/wpachem.com\/es\/wp-json\/wp\/v2\/product\/5174","targetHints":{"allow":["GET"]}}],"collection":[{"href":"https:\/\/wpachem.com\/es\/wp-json\/wp\/v2\/product"}],"about":[{"href":"https:\/\/wpachem.com\/es\/wp-json\/wp\/v2\/types\/product"}],"version-history":[{"count":0,"href":"https:\/\/wpachem.com\/es\/wp-json\/wp\/v2\/product\/5174\/revisions"}],"wp:featuredmedia":[{"embeddable":true,"href":"https:\/\/wpachem.com\/es\/wp-json\/wp\/v2\/media\/5175"}],"wp:attachment":[{"href":"https:\/\/wpachem.com\/es\/wp-json\/wp\/v2\/media?parent=5174"}],"wp:term":[{"taxonomy":"product_brand","embeddable":true,"href":"https:\/\/wpachem.com\/es\/wp-json\/wp\/v2\/product_brand?post=5174"},{"taxonomy":"product_cat","embeddable":true,"href":"https:\/\/wpachem.com\/es\/wp-json\/wp\/v2\/product_cat?post=5174"},{"taxonomy":"product_tag","embeddable":true,"href":"https:\/\/wpachem.com\/es\/wp-json\/wp\/v2\/product_tag?post=5174"}],"curies":[{"name":"wp","href":"https:\/\/api.w.org\/{rel}","templated":true}]}}