{"id":5181,"date":"2023-11-23T08:39:23","date_gmt":"2023-11-23T08:39:23","guid":{"rendered":"https:\/\/wpachem.com\/?post_type=product&#038;p=5181"},"modified":"2024-01-31T07:43:45","modified_gmt":"2024-01-31T07:43:45","slug":"phosphate-diammonium-phosphate-dap-cas-7783-28-0","status":"publish","type":"product","link":"https:\/\/wpachem.com\/es\/producto\/phosphate-diammonium-phosphate-dap-cas-7783-28-0\/","title":{"rendered":"Fosfato Fosfato diam\u00f3nico (DAP) CAS 7783-28-0"},"content":{"rendered":"<p>El fosfato diam\u00f3nico, tambi\u00e9n conocido como hidrogenofosfato de amonio, es un cristal blanco con la f\u00f3rmula molecular (NH4)2HPO4. Es soluble en agua y se descompone cuando se calienta a 155\u00b0C, pero tambi\u00e9n puede descomponerse gradualmente a temperatura ambiente. Se libera amon\u00edaco gaseoso para formar dihidr\u00f3genofosfato de amonio. La soluci\u00f3n acuosa es d\u00e9bilmente alcalina, ChemicalbookpH 8,0. Las especificaciones del producto son: 64% (N18: P2O546), 61% (N17: P2O545), 57% (N15: P2O542). Para aumentar la estabilidad durante el almacenamiento, algunos productos agregan agentes de recubrimiento durante el proceso de producci\u00f3n para que el producto luzca marr\u00f3n o amarillo.<\/p>\n<p><strong>Solicitud:<\/strong><\/p>\n<p>1. El grado de fertilizante de fosfato de hidr\u00f3geno y diamonio se utiliza principalmente como fertilizante compuesto de nitr\u00f3geno y f\u00f3sforo de alta concentraci\u00f3n; El grado industrial se utiliza para impregnar madera y telas para aumentar su durabilidad. Tambi\u00e9n se puede utilizar como agente extintor de polvo seco y f\u00f3sforo para l\u00e1mparas fluorescentes; tambi\u00e9n se utiliza en impresi\u00f3n y fabricaci\u00f3n de planchas, fabricaci\u00f3n de tubos electr\u00f3nicos, cer\u00e1mica, esmalte, etc., y tratamiento bioqu\u00edmico de aguas residuales; en la industria militar, se utiliza como retardante de llama en materiales aislantes de motores de cohetes.<\/p>\n<p>2. Utilizado como aditivo alimentario para rumiantes.<\/p>\n<p>3. En la industria alimentaria, se utiliza como agente leudante alimentario, acondicionador de masa, levadura alimentaria y coadyuvante de fermentaci\u00f3n para la elaboraci\u00f3n de cerveza.<\/p>\n<p>4. Utilizado como reactivos anal\u00edticos y tampones.<\/p>\n<p>5. Ablandador de agua; alimentos con levadura, etc.<\/p>\n<p><strong>Embalaje y almacenamiento:<\/strong><\/p>\n<p>25 KG\/BOLSA<\/p>","protected":false},"excerpt":{"rendered":"<p>Nombre del producto: Fosfato diam\u00f3nico (DAP)<\/p>\n<p>CAS: 7783-28-0<\/p>\n<p>MF: H9N2O4P<\/p>\n<p>Apariencia:<\/p>\n<p>Cristal monocl\u00ednico transparente incoloro o polvo blanco.<\/p>","protected":false},"featured_media":5182,"template":"","meta":{"_acf_changed":false,"_gspb_post_css":""},"product_brand":[],"product_cat":[55,121],"product_tag":[],"class_list":{"0":"post-5181","1":"product","2":"type-product","3":"status-publish","4":"has-post-thumbnail","6":"product_cat-food-additives","7":"product_cat-phosphates","9":"first","10":"instock","11":"shipping-taxable","12":"product-type-simple"},"acf":[],"_links":{"self":[{"href":"https:\/\/wpachem.com\/es\/wp-json\/wp\/v2\/product\/5181","targetHints":{"allow":["GET"]}}],"collection":[{"href":"https:\/\/wpachem.com\/es\/wp-json\/wp\/v2\/product"}],"about":[{"href":"https:\/\/wpachem.com\/es\/wp-json\/wp\/v2\/types\/product"}],"version-history":[{"count":0,"href":"https:\/\/wpachem.com\/es\/wp-json\/wp\/v2\/product\/5181\/revisions"}],"wp:featuredmedia":[{"embeddable":true,"href":"https:\/\/wpachem.com\/es\/wp-json\/wp\/v2\/media\/5182"}],"wp:attachment":[{"href":"https:\/\/wpachem.com\/es\/wp-json\/wp\/v2\/media?parent=5181"}],"wp:term":[{"taxonomy":"product_brand","embeddable":true,"href":"https:\/\/wpachem.com\/es\/wp-json\/wp\/v2\/product_brand?post=5181"},{"taxonomy":"product_cat","embeddable":true,"href":"https:\/\/wpachem.com\/es\/wp-json\/wp\/v2\/product_cat?post=5181"},{"taxonomy":"product_tag","embeddable":true,"href":"https:\/\/wpachem.com\/es\/wp-json\/wp\/v2\/product_tag?post=5181"}],"curies":[{"name":"wp","href":"https:\/\/api.w.org\/{rel}","templated":true}]}}