{"id":5192,"date":"2023-11-24T05:57:32","date_gmt":"2023-11-24T05:57:32","guid":{"rendered":"https:\/\/wpachem.com\/?post_type=product&#038;p=5192"},"modified":"2024-04-26T05:39:58","modified_gmt":"2024-04-26T05:39:58","slug":"cinnamic-aldehyde-cas-104-55-2","status":"publish","type":"product","link":"https:\/\/wpachem.com\/es\/producto\/cinnamic-aldehyde-cas-104-55-2\/","title":{"rendered":"Aldeh\u00eddo cin\u00e1mico CAS 104-55-2"},"content":{"rendered":"<p><strong>Caracter\u00edstica<\/strong><\/p>\n<ul class=\"list3\">\n<li>Aspecto: l\u00edquido incoloro<\/li>\n<li>pH: 4,7 a 30 \u00b0C \u00e1cido<\/li>\n<li>Punto de fusi\u00f3n\/punto de congelaci\u00f3nPunto de fusi\u00f3n\/intervalo: -7,5 \u00b0C<\/li>\n<li>Punto inicial de ebullici\u00f3n e intervalo de ebullici\u00f3n: 248 \u00b0C a 1.013 hPa<\/li>\n<li>Punto de inflamaci\u00f3n: 105 \u00b0C \u2013 Copa cerrada Pensky-Martens \u2013 ASTM D 93<\/li>\n<li>Presi\u00f3n de vapor: 0,038 hPa a 25 \u00b0C<\/li>\n<li>Densidad de vapor: 4,56 \u2013 (Aire = 1,0)<\/li>\n<li>Densidad relativa: 1,05<\/li>\n<li>Solubilidad en agua: 2.865 g\/l a 25 \u00b0C \u2013 Directrices de ensayo de la OCDE 105- soluble<\/li>\n<li>Coeficiente de partici\u00f3n: n-octanol\/waterlog Pow: 2,107 a 25 \u00b0C \u2013 No se espera bioacumulaci\u00f3n.<\/li>\n<li>Temperatura de autoinflamaci\u00f3n27 \u00b0C a 966 hPano autoinflamable<\/li>\n<li>ViscosidadViscosidad, cinem\u00e1tica: 21,25 mm2\/s a 20 \u00b0C \u2013 Directriz de ensayo 114 de la OCDE Viscosidad, din\u00e1mica: 22,12 mPa.s a 20 \u00b0C \u2013 Directriz de ensayo 114 de la OCDE<\/li>\n<\/ul>\n<p><strong>Embalaje y almacenamiento<\/strong><\/p>\n<p>Bien cerrado.<\/p>","protected":false},"excerpt":{"rendered":"<p>Nombre del producto: aldeh\u00eddo cin\u00e1mico<br \/>\nN.\u00b0 CAS: 104-55-2<br \/>\nMF: C9H8O<br \/>\nAspecto: l\u00edquido incoloro<\/p>","protected":false},"featured_media":2113,"template":"","meta":{"_acf_changed":false,"_gspb_post_css":""},"product_brand":[],"product_cat":[52,24],"product_tag":[],"class_list":{"0":"post-5192","1":"product","2":"type-product","3":"status-publish","4":"has-post-thumbnail","6":"product_cat-pigment","7":"product_cat-uncategorized","9":"first","10":"instock","11":"shipping-taxable","12":"product-type-simple"},"acf":[],"_links":{"self":[{"href":"https:\/\/wpachem.com\/es\/wp-json\/wp\/v2\/product\/5192","targetHints":{"allow":["GET"]}}],"collection":[{"href":"https:\/\/wpachem.com\/es\/wp-json\/wp\/v2\/product"}],"about":[{"href":"https:\/\/wpachem.com\/es\/wp-json\/wp\/v2\/types\/product"}],"version-history":[{"count":0,"href":"https:\/\/wpachem.com\/es\/wp-json\/wp\/v2\/product\/5192\/revisions"}],"wp:featuredmedia":[{"embeddable":true,"href":"https:\/\/wpachem.com\/es\/wp-json\/wp\/v2\/media\/2113"}],"wp:attachment":[{"href":"https:\/\/wpachem.com\/es\/wp-json\/wp\/v2\/media?parent=5192"}],"wp:term":[{"taxonomy":"product_brand","embeddable":true,"href":"https:\/\/wpachem.com\/es\/wp-json\/wp\/v2\/product_brand?post=5192"},{"taxonomy":"product_cat","embeddable":true,"href":"https:\/\/wpachem.com\/es\/wp-json\/wp\/v2\/product_cat?post=5192"},{"taxonomy":"product_tag","embeddable":true,"href":"https:\/\/wpachem.com\/es\/wp-json\/wp\/v2\/product_tag?post=5192"}],"curies":[{"name":"wp","href":"https:\/\/api.w.org\/{rel}","templated":true}]}}