{"id":5194,"date":"2023-11-24T06:07:52","date_gmt":"2023-11-24T06:07:52","guid":{"rendered":"https:\/\/wpachem.com\/?post_type=product&#038;p=5194"},"modified":"2023-11-24T06:07:53","modified_gmt":"2023-11-24T06:07:53","slug":"%ce%b2-ionone-cas-79-77-6","status":"publish","type":"product","link":"https:\/\/wpachem.com\/es\/producto\/%ce%b2-ionone-cas-79-77-6\/","title":{"rendered":"\u03b2-ionona CAS 79-77-6"},"content":{"rendered":"<p><strong>Caracter\u00edstica<\/strong><\/p>\n<table class=\"border-none text-left\">\n<tbody>\n<tr>\n<th class=\"width-pc-30\" align=\"left\" valign=\"top\">Estado fisico<\/th>\n<td class=\"width-pc-70\" align=\"left\" valign=\"top\">L\u00edquido.<\/td>\n<\/tr>\n<tr>\n<th class=\"width-pc-30\" align=\"left\" valign=\"top\">Color<\/th>\n<td class=\"width-pc-70\" align=\"left\" valign=\"top\">Ligeramente amarillento.<\/td>\n<\/tr>\n<tr>\n<th class=\"width-pc-30\" align=\"left\" valign=\"top\">Olor<\/th>\n<td class=\"width-pc-70\" align=\"left\" valign=\"top\">Olor c\u00e1lido, amaderado, seco y afrutado.<\/td>\n<\/tr>\n<tr>\n<th class=\"width-pc-30\" align=\"left\" valign=\"top\">Punto de fusi\u00f3n\/punto de congelaci\u00f3n<\/th>\n<td class=\"width-pc-70\" align=\"left\" valign=\"top\">-35 \u00b0C. Presi\u00f3n atmosf\u00e9rica: 1 013 hPa.<\/td>\n<\/tr>\n<tr>\n<th class=\"width-pc-30\" align=\"left\" valign=\"top\">Punto de ebullici\u00f3n o punto de ebullici\u00f3n inicial e intervalo de ebullici\u00f3n<\/th>\n<td class=\"width-pc-70\" align=\"left\" valign=\"top\">267,1 \u00b0C. Presi\u00f3n atmosf\u00e9rica: 1 013 hPa. Observaciones: Extrapolado.<\/td>\n<\/tr>\n<tr>\n<th class=\"width-pc-30\" align=\"left\" valign=\"top\">Inflamabilidad<\/th>\n<td class=\"width-pc-70\" align=\"left\" valign=\"top\">datos no disponibles<\/td>\n<\/tr>\n<tr>\n<th class=\"width-pc-30\" align=\"left\" valign=\"top\">L\u00edmite superior e inferior de explosividad\/l\u00edmite de inflamabilidad<\/th>\n<td class=\"width-pc-70\" align=\"left\" valign=\"top\">datos no disponibles<\/td>\n<\/tr>\n<tr>\n<th class=\"width-pc-30\" align=\"left\" valign=\"top\">punto de inflamabilidad<\/th>\n<td class=\"width-pc-70\" align=\"left\" valign=\"top\">126 \u00b0C. Presi\u00f3n atmosf\u00e9rica: 1 013,25 hPa.<\/td>\n<\/tr>\n<tr>\n<th class=\"width-pc-30\" align=\"left\" valign=\"top\">Temperatura de autoignici\u00f3n<\/th>\n<td class=\"width-pc-70\" align=\"left\" valign=\"top\">273 \u00b0C. Presi\u00f3n atmosf\u00e9rica: 1 010 \u2013 1 017 hPa.<\/td>\n<\/tr>\n<tr>\n<th class=\"width-pc-30\" align=\"left\" valign=\"top\">temperatura de descomposici\u00f3n<\/th>\n<td class=\"width-pc-70\" align=\"left\" valign=\"top\">datos no disponibles<\/td>\n<\/tr>\n<tr>\n<th class=\"width-pc-30\" align=\"left\" valign=\"top\">pH<\/th>\n<td class=\"width-pc-70\" align=\"left\" valign=\"top\">datos no disponibles<\/td>\n<\/tr>\n<tr>\n<th class=\"width-pc-30\" align=\"left\" valign=\"top\">Viscosidad cinem\u00e1tica<\/th>\n<td class=\"width-pc-70\" align=\"left\" valign=\"top\">Viscosidad din\u00e1mica (en mPa\u00b7s) = 11,2. Temperatura: 20 \u00b0C. Viscosidad din\u00e1mica (en mPa\u00b7s) = 5,04. Temperatura: 40 \u00b0C. Viscosidad cinem\u00e1tica (en mm\u00b2\/s) = 11,8. Temperatura: 20 \u00b0C.<\/td>\n<\/tr>\n<tr>\n<th class=\"width-pc-30\" align=\"left\" valign=\"top\">Solubilidad<\/th>\n<td class=\"width-pc-70\" align=\"left\" valign=\"top\">Ligeramente soluble (NTP, 1992)<\/td>\n<\/tr>\n<tr>\n<th class=\"width-pc-30\" align=\"left\" valign=\"top\">Coeficiente de partici\u00f3n: N-Octanol\/Agua<\/th>\n<td class=\"width-pc-70\" align=\"left\" valign=\"top\">log Pow = 4. Temperatura:25 \u00b0C.<\/td>\n<\/tr>\n<tr>\n<th class=\"width-pc-30\" align=\"left\" valign=\"top\">Presi\u00f3n de vapor<\/th>\n<td class=\"width-pc-70\" align=\"left\" valign=\"top\">Aprox. 0,072 hPa. Temperatura: 25 \u00b0C.<\/td>\n<\/tr>\n<tr>\n<th class=\"width-pc-30\" align=\"left\" valign=\"top\">Densidad y\/o densidad relativa<\/th>\n<td class=\"width-pc-70\" align=\"left\" valign=\"top\">944,7 g\/L. Temperatura: 20 \u00b0C.<\/td>\n<\/tr>\n<\/tbody>\n<\/table>\n<p><strong>Embalaje y almacenamiento<\/strong><\/p>\n<p>Condiciones de almacenamiento seguro, incluidas posibles incompatibilidades: Mantener el envase bien cerrado en un lugar seco y bien ventilado. Una vez abierto, los envases deben volver a cerrarse cuidadosamente y mantenerse en posici\u00f3n vertical para evitar fugas.<\/p>","protected":false},"excerpt":{"rendered":"<p>Nombre del producto: \u03b2-ionona<br \/>\nN.\u00ba CAS: 79-77-6<br \/>\nMF: C13H20O<br \/>\nAspecto: L\u00edquido ligeramente amarillento.<\/p>","protected":false},"featured_media":4793,"template":"","meta":{"_acf_changed":false,"_gspb_post_css":""},"product_brand":[],"product_cat":[61],"product_tag":[],"class_list":{"0":"post-5194","1":"product","2":"type-product","3":"status-publish","4":"has-post-thumbnail","6":"product_cat-flavor-and-fragrance","8":"first","9":"instock","10":"shipping-taxable","11":"product-type-simple"},"acf":[],"_links":{"self":[{"href":"https:\/\/wpachem.com\/es\/wp-json\/wp\/v2\/product\/5194","targetHints":{"allow":["GET"]}}],"collection":[{"href":"https:\/\/wpachem.com\/es\/wp-json\/wp\/v2\/product"}],"about":[{"href":"https:\/\/wpachem.com\/es\/wp-json\/wp\/v2\/types\/product"}],"version-history":[{"count":0,"href":"https:\/\/wpachem.com\/es\/wp-json\/wp\/v2\/product\/5194\/revisions"}],"wp:featuredmedia":[{"embeddable":true,"href":"https:\/\/wpachem.com\/es\/wp-json\/wp\/v2\/media\/4793"}],"wp:attachment":[{"href":"https:\/\/wpachem.com\/es\/wp-json\/wp\/v2\/media?parent=5194"}],"wp:term":[{"taxonomy":"product_brand","embeddable":true,"href":"https:\/\/wpachem.com\/es\/wp-json\/wp\/v2\/product_brand?post=5194"},{"taxonomy":"product_cat","embeddable":true,"href":"https:\/\/wpachem.com\/es\/wp-json\/wp\/v2\/product_cat?post=5194"},{"taxonomy":"product_tag","embeddable":true,"href":"https:\/\/wpachem.com\/es\/wp-json\/wp\/v2\/product_tag?post=5194"}],"curies":[{"name":"wp","href":"https:\/\/api.w.org\/{rel}","templated":true}]}}