{"id":5198,"date":"2023-11-24T06:20:19","date_gmt":"2023-11-24T06:20:19","guid":{"rendered":"https:\/\/wpachem.com\/?post_type=product&#038;p=5198"},"modified":"2023-11-24T06:20:19","modified_gmt":"2023-11-24T06:20:19","slug":"%ce%b1-pinene-cas-80-56-8","status":"publish","type":"product","link":"https:\/\/wpachem.com\/es\/producto\/%ce%b1-pinene-cas-80-56-8\/","title":{"rendered":"\u03b1-pineno CAS 80-56-8"},"content":{"rendered":"<p><strong>Caracteristica<\/strong><\/p>\n<ul class=\"list3\">\n<li>Estado f\u00edsico: L\u00edquido transparente incoloro.<\/li>\n<li>Olor: OLOR CARACTER\u00cdSTICO A PINO<\/li>\n<li>Punto de fusi\u00f3n\/punto de congelaci\u00f3n: -55\u00b0C<\/li>\n<li>Punto de ebullici\u00f3n o punto de ebullici\u00f3n inicial y rango de ebullici\u00f3n: 154-157\u00b0C<\/li>\n<li>Punto de inflamaci\u00f3n: 38\u00b0C<\/li>\n<li>Temperatura de autoignici\u00f3n: 491 \u00b0F (USCG, 1999)<\/li>\n<li>Viscosidad cinem\u00e1tica: 1,303 cP a 25 \u00b0C<\/li>\n<li>Solubilidad: CASI INSOLUBLE EN PROPILENGLICOL Y GLICERINA<\/li>\n<li>Coeficiente de reparto n-octanol\/agua: log Kow = 4,83<\/li>\n<li>Presi\u00f3n de vapor: 10 mm Hg a 99,1 \u00b0F (NTP, 1992)<\/li>\n<li>Densidad y\/o densidad relativa: 0,858<\/li>\n<li>Densidad relativa del vapor: 4,7 (NTP, 1992) (relativa al aire)<\/li>\n<\/ul>\n<p><strong>Embalaje y almacenamiento<\/strong><\/p>\n<p>Mantener el envase cerrado. Mantener alejado del calor, chispas y llamas abiertas.<\/p>","protected":false},"excerpt":{"rendered":"<p>Nombre del producto: \u03b1-pineno<br \/>\nN.\u00ba CAS: 80-56-8<br \/>\nN\u00famero de modelo: C10H16<br \/>\nAspecto: L\u00edquido transparente incoloro.<\/p>","protected":false},"featured_media":2082,"template":"","meta":{"_acf_changed":false,"_gspb_post_css":""},"product_brand":[],"product_cat":[61],"product_tag":[],"class_list":{"0":"post-5198","1":"product","2":"type-product","3":"status-publish","4":"has-post-thumbnail","6":"product_cat-flavor-and-fragrance","8":"first","9":"instock","10":"shipping-taxable","11":"product-type-simple"},"acf":[],"_links":{"self":[{"href":"https:\/\/wpachem.com\/es\/wp-json\/wp\/v2\/product\/5198","targetHints":{"allow":["GET"]}}],"collection":[{"href":"https:\/\/wpachem.com\/es\/wp-json\/wp\/v2\/product"}],"about":[{"href":"https:\/\/wpachem.com\/es\/wp-json\/wp\/v2\/types\/product"}],"version-history":[{"count":0,"href":"https:\/\/wpachem.com\/es\/wp-json\/wp\/v2\/product\/5198\/revisions"}],"wp:featuredmedia":[{"embeddable":true,"href":"https:\/\/wpachem.com\/es\/wp-json\/wp\/v2\/media\/2082"}],"wp:attachment":[{"href":"https:\/\/wpachem.com\/es\/wp-json\/wp\/v2\/media?parent=5198"}],"wp:term":[{"taxonomy":"product_brand","embeddable":true,"href":"https:\/\/wpachem.com\/es\/wp-json\/wp\/v2\/product_brand?post=5198"},{"taxonomy":"product_cat","embeddable":true,"href":"https:\/\/wpachem.com\/es\/wp-json\/wp\/v2\/product_cat?post=5198"},{"taxonomy":"product_tag","embeddable":true,"href":"https:\/\/wpachem.com\/es\/wp-json\/wp\/v2\/product_tag?post=5198"}],"curies":[{"name":"wp","href":"https:\/\/api.w.org\/{rel}","templated":true}]}}