{"id":5200,"date":"2023-11-24T06:30:21","date_gmt":"2023-11-24T06:30:21","guid":{"rendered":"https:\/\/wpachem.com\/?post_type=product&#038;p=5200"},"modified":"2023-11-24T06:30:21","modified_gmt":"2023-11-24T06:30:21","slug":"hesperidin-cas-520-26-3","status":"publish","type":"product","link":"https:\/\/wpachem.com\/es\/producto\/hesperidin-cas-520-26-3\/","title":{"rendered":"Hesperidina CAS 520-26-3"},"content":{"rendered":"<p><strong>Caracter\u00edstica<\/strong><\/p>\n<ul class=\"list3\">\n<li>Aspecto: polvo marr\u00f3n claro<\/li>\n<li>Punto de fusi\u00f3n\/congelaci\u00f3n: &gt; 258 \u2013 &lt;= 262 \u00b0C. Presi\u00f3n atmosf\u00e9rica: Aprox. 1 atm.<\/li>\n<li>Punto de ebullici\u00f3n o punto inicial de ebullici\u00f3n e intervalo de ebullici\u00f3n: &gt; 251 \u00b0C. Presi\u00f3n atmosf\u00e9rica: Ca. 1 atm.<\/li>\n<li>Punto de inflamaci\u00f3n: 107\u00b0C(lit.)<\/li>\n<li>Temperatura de autoignici\u00f3n: &gt; 400 \u00b0C. Observaciones: La hesperidina se considera no autoinflamable en las condiciones de prueba.<\/li>\n<li>pH: &gt;= 7 \u2013 &lt;= 7,2. Observaciones: Se realizaron dos mediciones en 10 minutos.<\/li>\n<li>Solubilidad: DMSO (ligeramente), piridina (ligeramente, sonicada)<\/li>\n<li>Coeficiente de reparto n-octanol\/agua: log Pow = &lt; 0,3. Temperatura: 25 \u00b0C.<\/li>\n<li>Presi\u00f3n de vapor: &lt; 0,001 Pa. Temperatura: 25 \u00b0C. Observaciones: Valor estimado: 1,64 E-24 Pa.; &lt; 0,001 mm Hg. Temperatura: 25 \u00b0C. Observaciones: 1,23 E-26 mmHg.<\/li>\n<li>Densidad y\/o densidad relativa: 1,423 g\/cm3. Temperatura: 20 \u00b0C<\/li>\n<\/ul>\n<p><strong>Embalaje y almacenamiento<\/strong><\/p>\n<p>Guardar el envase bien cerrado en un lugar seco, fresco y bien ventilado. Almacenar alejado de envases de alimentos o materiales incompatibles.<\/p>","protected":false},"excerpt":{"rendered":"<p>Nombre del producto: hesperidina<\/p>\n<p>N.\u00ba CAS: 520-26-3<\/p>\n<p>N\u00famero de modelo: C28H34O15<\/p>\n<p>Aspecto: polvo marr\u00f3n claro<\/p>\n<p>&nbsp;<\/p>","protected":false},"featured_media":2632,"template":"","meta":{"_acf_changed":false,"_gspb_post_css":""},"product_brand":[],"product_cat":[101],"product_tag":[],"class_list":{"0":"post-5200","1":"product","2":"type-product","3":"status-publish","4":"has-post-thumbnail","6":"product_cat-flavour-enhancer-food-additives","8":"first","9":"instock","10":"shipping-taxable","11":"product-type-simple"},"acf":[],"_links":{"self":[{"href":"https:\/\/wpachem.com\/es\/wp-json\/wp\/v2\/product\/5200","targetHints":{"allow":["GET"]}}],"collection":[{"href":"https:\/\/wpachem.com\/es\/wp-json\/wp\/v2\/product"}],"about":[{"href":"https:\/\/wpachem.com\/es\/wp-json\/wp\/v2\/types\/product"}],"version-history":[{"count":0,"href":"https:\/\/wpachem.com\/es\/wp-json\/wp\/v2\/product\/5200\/revisions"}],"wp:featuredmedia":[{"embeddable":true,"href":"https:\/\/wpachem.com\/es\/wp-json\/wp\/v2\/media\/2632"}],"wp:attachment":[{"href":"https:\/\/wpachem.com\/es\/wp-json\/wp\/v2\/media?parent=5200"}],"wp:term":[{"taxonomy":"product_brand","embeddable":true,"href":"https:\/\/wpachem.com\/es\/wp-json\/wp\/v2\/product_brand?post=5200"},{"taxonomy":"product_cat","embeddable":true,"href":"https:\/\/wpachem.com\/es\/wp-json\/wp\/v2\/product_cat?post=5200"},{"taxonomy":"product_tag","embeddable":true,"href":"https:\/\/wpachem.com\/es\/wp-json\/wp\/v2\/product_tag?post=5200"}],"curies":[{"name":"wp","href":"https:\/\/api.w.org\/{rel}","templated":true}]}}