{"id":5202,"date":"2023-11-24T06:36:51","date_gmt":"2023-11-24T06:36:51","guid":{"rendered":"https:\/\/wpachem.com\/?post_type=product&#038;p=5202"},"modified":"2023-11-24T06:36:52","modified_gmt":"2023-11-24T06:36:52","slug":"isoeugenol-cas-97-54-1","status":"publish","type":"product","link":"https:\/\/wpachem.com\/es\/producto\/isoeugenol-cas-97-54-1\/","title":{"rendered":"Isoeugenol CAS 97-54-1"},"content":{"rendered":"<p><strong>Caracter\u00edstica<\/strong><\/p>\n<ul class=\"list3\">\n<li>Aspecto: l\u00edquido viscoso, transparente y de color amarillo claro, semis\u00f3lido que se funde hasta convertirse en l\u00edquido.<\/li>\n<li>Punto de fusi\u00f3n\/punto de congelaci\u00f3nPunto de fusi\u00f3n\/rango: 27 \u00b0C \u2013 lit.<\/li>\n<li>Punto de ebullici\u00f3n inicial y rango de ebullici\u00f3n132 \u00b0C a 13 hPa \u2013 lit.<\/li>\n<li>Punto de inflamaci\u00f3n 112 \u00b0C \u2013 vaso cerrado<\/li>\n<li>Presi\u00f3n de vapor &lt;0,01 mm Hg (20 \u00b0C)<\/li>\n<li>Densidad de vapor 5,67 \u2013 (Aire = 1,0)<\/li>\n<li>Densidad relativa 1,077 g\/cm3 a 25 \u00b0C<\/li>\n<li>Coeficiente de reparto n-octanol\/agua log Pow: 2,1<\/li>\n<\/ul>\n<p><strong>Embalaje y almacenamiento<\/strong><\/p>\n<p>ninguno<\/p>","protected":false},"excerpt":{"rendered":"<p>Nombre del producto: Isoeugenol<br \/>\nN.\u00ba CAS: 97-54-1<br \/>\nMF: C10H12O2<br \/>\nAspecto: l\u00edquido viscoso, transparente, de color amarillo claro.<\/p>\n<p>&nbsp;<\/p>","protected":false},"featured_media":3321,"template":"","meta":{"_acf_changed":false,"_gspb_post_css":""},"product_brand":[],"product_cat":[61],"product_tag":[],"class_list":{"0":"post-5202","1":"product","2":"type-product","3":"status-publish","4":"has-post-thumbnail","6":"product_cat-flavor-and-fragrance","8":"first","9":"instock","10":"shipping-taxable","11":"product-type-simple"},"acf":[],"_links":{"self":[{"href":"https:\/\/wpachem.com\/es\/wp-json\/wp\/v2\/product\/5202","targetHints":{"allow":["GET"]}}],"collection":[{"href":"https:\/\/wpachem.com\/es\/wp-json\/wp\/v2\/product"}],"about":[{"href":"https:\/\/wpachem.com\/es\/wp-json\/wp\/v2\/types\/product"}],"version-history":[{"count":0,"href":"https:\/\/wpachem.com\/es\/wp-json\/wp\/v2\/product\/5202\/revisions"}],"wp:featuredmedia":[{"embeddable":true,"href":"https:\/\/wpachem.com\/es\/wp-json\/wp\/v2\/media\/3321"}],"wp:attachment":[{"href":"https:\/\/wpachem.com\/es\/wp-json\/wp\/v2\/media?parent=5202"}],"wp:term":[{"taxonomy":"product_brand","embeddable":true,"href":"https:\/\/wpachem.com\/es\/wp-json\/wp\/v2\/product_brand?post=5202"},{"taxonomy":"product_cat","embeddable":true,"href":"https:\/\/wpachem.com\/es\/wp-json\/wp\/v2\/product_cat?post=5202"},{"taxonomy":"product_tag","embeddable":true,"href":"https:\/\/wpachem.com\/es\/wp-json\/wp\/v2\/product_tag?post=5202"}],"curies":[{"name":"wp","href":"https:\/\/api.w.org\/{rel}","templated":true}]}}