{"id":5208,"date":"2023-11-24T07:04:54","date_gmt":"2023-11-24T07:04:54","guid":{"rendered":"https:\/\/wpachem.com\/?post_type=product&#038;p=5208"},"modified":"2023-11-24T07:04:55","modified_gmt":"2023-11-24T07:04:55","slug":"myrcene-cas-123-35-3","status":"publish","type":"product","link":"https:\/\/wpachem.com\/es\/producto\/myrcene-cas-123-35-3\/","title":{"rendered":"Mirceno CAS 123-35-3"},"content":{"rendered":"<p><strong>Caracter\u00edstica<\/strong><\/p>\n<ul class=\"list3\">\n<li>Aspecto: L\u00edquido viscoso de color amarillo claro transparente.<\/li>\n<li>Olor: Agradable<\/li>\n<li>Punto de fusi\u00f3n\/congelaci\u00f3n: &lt; -80 \u00b0C. Presi\u00f3n atmosf\u00e9rica: 1 atm.<\/li>\n<li>Punto de ebullici\u00f3n o punto inicial de ebullici\u00f3n e intervalo de ebullici\u00f3n: &gt;= 164 \u2013 &lt;= 165 \u00b0C. Presi\u00f3n atmosf\u00e9rica: 760 mm Hg.<\/li>\n<li>Punto de inflamaci\u00f3n: Aprox. 45 \u00b0C. Presi\u00f3n atmosf\u00e9rica: Aprox. 1 atm.<\/li>\n<li>Temperatura de autoignici\u00f3n: 265 \u00b0C. Presi\u00f3n atmosf\u00e9rica: 100 248 Pa. Observaciones: Experimento 1: Retardo de ignici\u00f3n: 12 segundos.; 260 \u00b0C. Presi\u00f3n atmosf\u00e9rica: 100 129 Pa. Observaciones: Experimento 2: Retardo de ignici\u00f3n: 12 segundos.; 259 \u00b0C. Presi\u00f3n atmosf\u00e9rica: 10 089 Pa. Observaciones: Experimento 3: Retardo de ignici\u00f3n: 22 segundos.<\/li>\n<li>pH: 7 (H2O, 20\u2103) (soluci\u00f3n acuosa saturada)<\/li>\n<li>Solubilidad en agua: soluble 0,00109 g\/L a 20 \u00b0C<\/li>\n<li>Coeficiente de reparto n-octanol\/agua: log Pow = 4,82. Temperatura: 30 \u00b0C. Observaciones: +\/- 0,01.<\/li>\n<li>Presi\u00f3n de vapor: ~7 mm Hg (20 \u00b0C)<\/li>\n<li>Densidad y\/o densidad relativa: 0,793. Temperatura: 20 \u00b0C.<\/li>\n<li>Densidad relativa del vapor: 4,7 (en comparaci\u00f3n con el aire)<\/li>\n<\/ul>\n<p><strong>Embalaje y almacenamiento<\/strong><\/p>\n<p>Conservar en un lugar fresco, excluido la luz y el aire.<\/p>","protected":false},"excerpt":{"rendered":"<p>Nombre del producto: Mirceno<\/p>\n<p>N.\u00ba CAS: 123-35-3<\/p>\n<p>N\u00famero de modelo: C10H16<\/p>\n<p>Aspecto: L\u00edquido viscoso de color amarillo claro transparente.<\/p>","protected":false},"featured_media":4789,"template":"","meta":{"_acf_changed":false,"_gspb_post_css":""},"product_brand":[],"product_cat":[61],"product_tag":[],"class_list":{"0":"post-5208","1":"product","2":"type-product","3":"status-publish","4":"has-post-thumbnail","6":"product_cat-flavor-and-fragrance","8":"first","9":"instock","10":"shipping-taxable","11":"product-type-simple"},"acf":[],"_links":{"self":[{"href":"https:\/\/wpachem.com\/es\/wp-json\/wp\/v2\/product\/5208","targetHints":{"allow":["GET"]}}],"collection":[{"href":"https:\/\/wpachem.com\/es\/wp-json\/wp\/v2\/product"}],"about":[{"href":"https:\/\/wpachem.com\/es\/wp-json\/wp\/v2\/types\/product"}],"version-history":[{"count":0,"href":"https:\/\/wpachem.com\/es\/wp-json\/wp\/v2\/product\/5208\/revisions"}],"wp:featuredmedia":[{"embeddable":true,"href":"https:\/\/wpachem.com\/es\/wp-json\/wp\/v2\/media\/4789"}],"wp:attachment":[{"href":"https:\/\/wpachem.com\/es\/wp-json\/wp\/v2\/media?parent=5208"}],"wp:term":[{"taxonomy":"product_brand","embeddable":true,"href":"https:\/\/wpachem.com\/es\/wp-json\/wp\/v2\/product_brand?post=5208"},{"taxonomy":"product_cat","embeddable":true,"href":"https:\/\/wpachem.com\/es\/wp-json\/wp\/v2\/product_cat?post=5208"},{"taxonomy":"product_tag","embeddable":true,"href":"https:\/\/wpachem.com\/es\/wp-json\/wp\/v2\/product_tag?post=5208"}],"curies":[{"name":"wp","href":"https:\/\/api.w.org\/{rel}","templated":true}]}}