{"id":5214,"date":"2023-11-24T07:26:57","date_gmt":"2023-11-24T07:26:57","guid":{"rendered":"https:\/\/wpachem.com\/?post_type=product&#038;p=5214"},"modified":"2023-11-24T07:26:57","modified_gmt":"2023-11-24T07:26:57","slug":"y-terpineol-cas-99-85-4","status":"publish","type":"product","link":"https:\/\/wpachem.com\/es\/producto\/y-terpineol-cas-99-85-4\/","title":{"rendered":"Y- terpineol CAS 99-85-4"},"content":{"rendered":"<p><strong>Caracter\u00edstica<\/strong><\/p>\n<ul class=\"list3\">\n<li>Aspecto: Polvo blanco o cristales.<\/li>\n<li>Punto de fusi\u00f3n\/punto de congelaci\u00f3n: 350\u00b0C(lit.)<\/li>\n<li>Punto de ebullici\u00f3n o punto de ebullici\u00f3n inicial e intervalo de ebullici\u00f3n: 182\u00b0C(lit.)<\/li>\n<li>Punto de inflamaci\u00f3n: 50\u00b0C<\/li>\n<li>Solubilidad en agua: soluble 5%, transparente, incoloro a ligeramente amarillo<\/li>\n<li>Coeficiente de reparto n-octanol\/agua: 4,5<\/li>\n<li>Presi\u00f3n de vapor: ~0,7 mm Hg (20 \u00b0C)<\/li>\n<li>Densidad y\/o densidad relativa: 0,849 (20\/4\u2103)<\/li>\n<li>Densidad relativa del vapor: 0,849 (20\/4\u2103)<\/li>\n<\/ul>\n<p><strong>Embalaje y almacenamiento<\/strong><\/p>\n<p>Guardar el envase bien cerrado en un lugar seco, fresco y bien ventilado. Almacenar alejado de envases de alimentos o materiales incompatibles.<\/p>","protected":false},"excerpt":{"rendered":"<p>Nombre del producto: Y-terpineol<br \/>\nN.\u00ba CAS: 99-85-4<br \/>\nN\u00famero de modelo: C10H16<br \/>\nAspecto: polvo blanco o cristales.<\/p>","protected":false},"featured_media":5182,"template":"","meta":{"_acf_changed":false,"_gspb_post_css":""},"product_brand":[],"product_cat":[61],"product_tag":[],"class_list":{"0":"post-5214","1":"product","2":"type-product","3":"status-publish","4":"has-post-thumbnail","6":"product_cat-flavor-and-fragrance","8":"first","9":"instock","10":"shipping-taxable","11":"product-type-simple"},"acf":[],"_links":{"self":[{"href":"https:\/\/wpachem.com\/es\/wp-json\/wp\/v2\/product\/5214","targetHints":{"allow":["GET"]}}],"collection":[{"href":"https:\/\/wpachem.com\/es\/wp-json\/wp\/v2\/product"}],"about":[{"href":"https:\/\/wpachem.com\/es\/wp-json\/wp\/v2\/types\/product"}],"version-history":[{"count":0,"href":"https:\/\/wpachem.com\/es\/wp-json\/wp\/v2\/product\/5214\/revisions"}],"wp:featuredmedia":[{"embeddable":true,"href":"https:\/\/wpachem.com\/es\/wp-json\/wp\/v2\/media\/5182"}],"wp:attachment":[{"href":"https:\/\/wpachem.com\/es\/wp-json\/wp\/v2\/media?parent=5214"}],"wp:term":[{"taxonomy":"product_brand","embeddable":true,"href":"https:\/\/wpachem.com\/es\/wp-json\/wp\/v2\/product_brand?post=5214"},{"taxonomy":"product_cat","embeddable":true,"href":"https:\/\/wpachem.com\/es\/wp-json\/wp\/v2\/product_cat?post=5214"},{"taxonomy":"product_tag","embeddable":true,"href":"https:\/\/wpachem.com\/es\/wp-json\/wp\/v2\/product_tag?post=5214"}],"curies":[{"name":"wp","href":"https:\/\/api.w.org\/{rel}","templated":true}]}}