{"id":5220,"date":"2023-11-24T07:41:36","date_gmt":"2023-11-24T07:41:36","guid":{"rendered":"https:\/\/wpachem.com\/?post_type=product&#038;p=5220"},"modified":"2023-11-24T07:41:36","modified_gmt":"2023-11-24T07:41:36","slug":"decyl-aldehyde-cas-112-31-2","status":"publish","type":"product","link":"https:\/\/wpachem.com\/es\/producto\/decyl-aldehyde-cas-112-31-2\/","title":{"rendered":"Decil aldeh\u00eddo CAS 112-31-2"},"content":{"rendered":"<p><strong>Caracter\u00edstica<\/strong><\/p>\n<ul class=\"list3\">\n<li>Aspecto: l\u00edquido incoloro<\/li>\n<li>Olor: Olor floral-graso<\/li>\n<li>Punto de fusi\u00f3n\/punto de congelaci\u00f3n: -5\u00b0C(lit.)<\/li>\n<li>Punto de ebullici\u00f3n o punto de ebullici\u00f3n inicial e intervalo de ebullici\u00f3n: 208\u00b0C(lit.)<\/li>\n<li>Punto de inflamaci\u00f3n: 94\u00b0C(encendido)<\/li>\n<li>Viscosidad cinem\u00e1tica: 1,5417 cP<\/li>\n<li>Solubilidad: acetonitrilo (ligeramente), cloroformo (con moderaci\u00f3n), metanol (ligeramente)<\/li>\n<li>Coeficiente de reparto n-octanol\/agua: log Kow = 3,76 (est)<\/li>\n<li>Presi\u00f3n de vapor: ~0,15 mm Hg (20 \u00b0C)<\/li>\n<li>Densidad y\/o densidad relativa: 0,83<\/li>\n<li>Densidad relativa del vapor: &gt;1 (frente al aire)b<\/li>\n<\/ul>\n<p><strong>Embalaje y almacenamiento<\/strong><\/p>\n<p>Condiciones de almacenamiento seguro, incluidas posibles incompatibilidades: Mantener el recipiente herm\u00e9ticamente cerrado en un lugar seco y bien ventilado. Los contenedores que se abran deben volver a cerrarse cuidadosamente y mantenerse en posici\u00f3n vertical para evitar fugas. Temperatura de almacenamiento recomendada: 2-8 grados C.<\/p>","protected":false},"excerpt":{"rendered":"<p>Nombre del producto: Decil aldeh\u00eddo<br \/>\nN.\u00b0 CAS: 112-31-2<br \/>\nMF: C9H8O<br \/>\nAspecto: l\u00edquido incoloro<\/p>","protected":false},"featured_media":2109,"template":"","meta":{"_acf_changed":false,"_gspb_post_css":""},"product_brand":[],"product_cat":[61],"product_tag":[],"class_list":{"0":"post-5220","1":"product","2":"type-product","3":"status-publish","4":"has-post-thumbnail","6":"product_cat-flavor-and-fragrance","8":"first","9":"instock","10":"shipping-taxable","11":"product-type-simple"},"acf":[],"_links":{"self":[{"href":"https:\/\/wpachem.com\/es\/wp-json\/wp\/v2\/product\/5220","targetHints":{"allow":["GET"]}}],"collection":[{"href":"https:\/\/wpachem.com\/es\/wp-json\/wp\/v2\/product"}],"about":[{"href":"https:\/\/wpachem.com\/es\/wp-json\/wp\/v2\/types\/product"}],"version-history":[{"count":0,"href":"https:\/\/wpachem.com\/es\/wp-json\/wp\/v2\/product\/5220\/revisions"}],"wp:featuredmedia":[{"embeddable":true,"href":"https:\/\/wpachem.com\/es\/wp-json\/wp\/v2\/media\/2109"}],"wp:attachment":[{"href":"https:\/\/wpachem.com\/es\/wp-json\/wp\/v2\/media?parent=5220"}],"wp:term":[{"taxonomy":"product_brand","embeddable":true,"href":"https:\/\/wpachem.com\/es\/wp-json\/wp\/v2\/product_brand?post=5220"},{"taxonomy":"product_cat","embeddable":true,"href":"https:\/\/wpachem.com\/es\/wp-json\/wp\/v2\/product_cat?post=5220"},{"taxonomy":"product_tag","embeddable":true,"href":"https:\/\/wpachem.com\/es\/wp-json\/wp\/v2\/product_tag?post=5220"}],"curies":[{"name":"wp","href":"https:\/\/api.w.org\/{rel}","templated":true}]}}