{"id":5227,"date":"2023-11-24T07:58:46","date_gmt":"2023-11-24T07:58:46","guid":{"rendered":"https:\/\/wpachem.com\/?post_type=product&#038;p=5227"},"modified":"2023-11-24T07:58:48","modified_gmt":"2023-11-24T07:58:48","slug":"galaxolide-cas-1222-05-5","status":"publish","type":"product","link":"https:\/\/wpachem.com\/es\/producto\/galaxolide-cas-1222-05-5\/","title":{"rendered":"Galaxolida CAS 1222-05-5"},"content":{"rendered":"<p><strong>Caracter\u00edstica<\/strong><\/p>\n<table class=\"border-none text-left\">\n<tbody>\n<tr>\n<th class=\"width-pc-30\" align=\"left\" valign=\"top\">Estado fisico<\/th>\n<td class=\"width-pc-70\" align=\"left\" valign=\"top\">L\u00edquido. Viscoso.<\/td>\n<\/tr>\n<tr>\n<th class=\"width-pc-30\" align=\"left\" valign=\"top\">Color<\/th>\n<td class=\"width-pc-70\" align=\"left\" valign=\"top\">Claro incoloro.<\/td>\n<\/tr>\n<tr>\n<th class=\"width-pc-30\" align=\"left\" valign=\"top\">Olor<\/th>\n<td class=\"width-pc-70\" align=\"left\" valign=\"top\">\u00a0Almizcle<\/td>\n<\/tr>\n<tr>\n<th class=\"width-pc-30\" align=\"left\" valign=\"top\">Punto de fusi\u00f3n\/punto de congelaci\u00f3n<\/th>\n<td class=\"width-pc-70\" align=\"left\" valign=\"top\">&lt;-20\u00b0C. Cajero autom\u00e1tico. prensa.:101 320 Pa.<\/td>\n<\/tr>\n<tr>\n<th class=\"width-pc-30\" align=\"left\" valign=\"top\">Punto de ebullici\u00f3n o punto de ebullici\u00f3n inicial e intervalo de ebullici\u00f3n<\/th>\n<td class=\"width-pc-70\" align=\"left\" valign=\"top\">318\u00b0C. Cajero autom\u00e1tico. prensa.:101 325 Pa.<\/td>\n<\/tr>\n<tr>\n<th class=\"width-pc-30\" align=\"left\" valign=\"top\">Inflamabilidad<\/th>\n<td class=\"width-pc-70\" align=\"left\" valign=\"top\">datos no disponibles<\/td>\n<\/tr>\n<tr>\n<th class=\"width-pc-30\" align=\"left\" valign=\"top\">L\u00edmite superior e inferior de explosividad\/l\u00edmite de inflamabilidad<\/th>\n<td class=\"width-pc-70\" align=\"left\" valign=\"top\">datos no disponibles<\/td>\n<\/tr>\n<tr>\n<th class=\"width-pc-30\" align=\"left\" valign=\"top\">punto de inflamabilidad<\/th>\n<td class=\"width-pc-70\" align=\"left\" valign=\"top\">144 \u00baC. Cajero autom\u00e1tico. prensa.:102 800 Pa.<\/td>\n<\/tr>\n<tr>\n<th class=\"width-pc-30\" align=\"left\" valign=\"top\">Temperatura de autoignici\u00f3n<\/th>\n<td class=\"width-pc-70\" align=\"left\" valign=\"top\">355\u00b0C. Cajero autom\u00e1tico. presi\u00f3n:1 011,3 \u2013 1 011,7 hPa. Observaciones: La temperatura m\u00e1s baja a la que se produjo la ignici\u00f3n fue de 356\u00b0C; esta temperatura se redonde\u00f3 al m\u00faltiplo m\u00e1s cercano de 5\u00b0C.<\/td>\n<\/tr>\n<tr>\n<th class=\"width-pc-30\" align=\"left\" valign=\"top\">temperatura de descomposici\u00f3n<\/th>\n<td class=\"width-pc-70\" align=\"left\" valign=\"top\">datos no disponibles<\/td>\n<\/tr>\n<tr>\n<th class=\"width-pc-30\" align=\"left\" valign=\"top\">pH<\/th>\n<td class=\"width-pc-70\" align=\"left\" valign=\"top\">datos no disponibles<\/td>\n<\/tr>\n<tr>\n<th class=\"width-pc-30\" align=\"left\" valign=\"top\">Viscosidad cinem\u00e1tica<\/th>\n<td class=\"width-pc-70\" align=\"left\" valign=\"top\">Viscosidad din\u00e1mica (en mPa\u00b7s) = 12 914. Temperatura: 20\u00b0C. Observaciones: Informe de prueba expresado como 12915 c Poise.<\/td>\n<\/tr>\n<tr>\n<th class=\"width-pc-30\" align=\"left\" valign=\"top\">Solubilidad<\/th>\n<td class=\"width-pc-70\" align=\"left\" valign=\"top\">En agua, 1,75 mg\/L a 25 grados C<\/td>\n<\/tr>\n<tr>\n<th class=\"width-pc-30\" align=\"left\" valign=\"top\">Coeficiente de partici\u00f3n: N-Octanol\/Agua<\/th>\n<td class=\"width-pc-70\" align=\"left\" valign=\"top\">logPow = 5,3. Temperatura: 25 \u00b0C.<\/td>\n<\/tr>\n<tr>\n<th class=\"width-pc-30\" align=\"left\" valign=\"top\">Presi\u00f3n de vapor<\/th>\n<td class=\"width-pc-70\" align=\"left\" valign=\"top\">0,073 Pa. Temperatura: 25 \u00b0C. Observaciones: la desviaci\u00f3n est\u00e1ndar es 0,0123 Pa.<\/td>\n<\/tr>\n<tr>\n<th class=\"width-pc-30\" align=\"left\" valign=\"top\">Densidad y\/o densidad relativa<\/th>\n<td class=\"width-pc-70\" align=\"left\" valign=\"top\">0,99 \u2013 1,015 g\/cm\u00b3. Temperatura:20 \u00b0C.<\/td>\n<\/tr>\n<\/tbody>\n<\/table>\n<p><strong>Embalaje y almacenamiento<\/strong><\/p>\n<p>Guardar el envase bien cerrado en un lugar seco, fresco y bien ventilado. Almacenar alejado de envases de alimentos o materiales incompatibles.<\/p>","protected":false},"excerpt":{"rendered":"<p>Nombre del producto: Galaxolida<br \/>\nN.\u00b0 CAS: 1222-05-5<br \/>\nMF: C18H26O<br \/>\nAspecto: L\u00edquido viscoso incoloro claro<\/p>\n<p>&nbsp;<\/p>","protected":false},"featured_media":2109,"template":"","meta":{"_acf_changed":false,"_gspb_post_css":""},"product_brand":[],"product_cat":[61],"product_tag":[],"class_list":{"0":"post-5227","1":"product","2":"type-product","3":"status-publish","4":"has-post-thumbnail","6":"product_cat-flavor-and-fragrance","8":"first","9":"instock","10":"shipping-taxable","11":"product-type-simple"},"acf":[],"_links":{"self":[{"href":"https:\/\/wpachem.com\/es\/wp-json\/wp\/v2\/product\/5227","targetHints":{"allow":["GET"]}}],"collection":[{"href":"https:\/\/wpachem.com\/es\/wp-json\/wp\/v2\/product"}],"about":[{"href":"https:\/\/wpachem.com\/es\/wp-json\/wp\/v2\/types\/product"}],"version-history":[{"count":0,"href":"https:\/\/wpachem.com\/es\/wp-json\/wp\/v2\/product\/5227\/revisions"}],"wp:featuredmedia":[{"embeddable":true,"href":"https:\/\/wpachem.com\/es\/wp-json\/wp\/v2\/media\/2109"}],"wp:attachment":[{"href":"https:\/\/wpachem.com\/es\/wp-json\/wp\/v2\/media?parent=5227"}],"wp:term":[{"taxonomy":"product_brand","embeddable":true,"href":"https:\/\/wpachem.com\/es\/wp-json\/wp\/v2\/product_brand?post=5227"},{"taxonomy":"product_cat","embeddable":true,"href":"https:\/\/wpachem.com\/es\/wp-json\/wp\/v2\/product_cat?post=5227"},{"taxonomy":"product_tag","embeddable":true,"href":"https:\/\/wpachem.com\/es\/wp-json\/wp\/v2\/product_tag?post=5227"}],"curies":[{"name":"wp","href":"https:\/\/api.w.org\/{rel}","templated":true}]}}