{"id":5230,"date":"2023-11-24T08:16:58","date_gmt":"2023-11-24T08:16:58","guid":{"rendered":"https:\/\/wpachem.com\/?post_type=product&#038;p=5230"},"modified":"2023-11-24T08:16:58","modified_gmt":"2023-11-24T08:16:58","slug":"musk-ketone-cas-541-91-3","status":"publish","type":"product","link":"https:\/\/wpachem.com\/es\/producto\/musk-ketone-cas-541-91-3\/","title":{"rendered":"Cetona almizclera CAS 541-91-3"},"content":{"rendered":"<p><strong>Caracter\u00edstica<\/strong><\/p>\n<ul class=\"list3\">\n<li>Aspecto: Aceite incoloro.<\/li>\n<li>Olor: Almizcle animal potente, suave y dulce.<\/li>\n<li>Punto de fusi\u00f3n\/punto de congelaci\u00f3n: -12 \u00b0C. Observaciones: 261 \u00b1 -272,65\u00b0C.<\/li>\n<li>Punto de ebullici\u00f3n o punto inicial de ebullici\u00f3n e intervalo de ebullici\u00f3n: 322 \u00b0C. Cajero autom\u00e1tico. presi\u00f3n: 97,3 kPa. Observaciones: 321,85\u00b0C.<\/li>\n<li>Punto de inflamaci\u00f3n: 155 \u00b0C. Cajero autom\u00e1tico. presi\u00f3n: 101,325 kPa.<\/li>\n<li>Temperatura de autoignici\u00f3n: 235 \u00b0C. Cajero autom\u00e1tico. presi\u00f3n: 999,4 \u2013 1 014,2 hPa.<\/li>\n<li>Solubilidad: cloroformo, metanol (con moderaci\u00f3n)<\/li>\n<li>Coeficiente de reparto n-octanol\/agua: log Pow = 6,06. Temperatura: 25 \u00b0C.<\/li>\n<li>Presi\u00f3n de vapor: 0,024 Pa. Temperatura: 20 \u00b0C. Observaciones:Extrapolado.;0,041 Pa. Temperatura:25 \u00b0C. Observaciones:Extrapolado.;0,49 Pa. Temperatura:50 \u00b0C. Observaciones: Interpoladas.<\/li>\n<li>Densidad y\/o densidad relativa: 0,919. Temperatura: 20 \u00b0C.<\/li>\n<\/ul>\n<p><strong>Embalaje y almacenamiento<\/strong><\/p>\n<p>Guardar el envase bien cerrado en un lugar seco, fresco y bien ventilado. Almacenar alejado de envases de alimentos o materiales incompatibles.<\/p>","protected":false},"excerpt":{"rendered":"<p>Nombre del producto: cetona almizclera<br \/>\nN.\u00b0 CAS: 541-91-3<br \/>\nMF: C16H30O<br \/>\nAspecto: Aceite incoloro<\/p>","protected":false},"featured_media":4816,"template":"","meta":{"_acf_changed":false,"_gspb_post_css":""},"product_brand":[],"product_cat":[61],"product_tag":[],"class_list":{"0":"post-5230","1":"product","2":"type-product","3":"status-publish","4":"has-post-thumbnail","6":"product_cat-flavor-and-fragrance","8":"first","9":"instock","10":"shipping-taxable","11":"product-type-simple"},"acf":[],"_links":{"self":[{"href":"https:\/\/wpachem.com\/es\/wp-json\/wp\/v2\/product\/5230","targetHints":{"allow":["GET"]}}],"collection":[{"href":"https:\/\/wpachem.com\/es\/wp-json\/wp\/v2\/product"}],"about":[{"href":"https:\/\/wpachem.com\/es\/wp-json\/wp\/v2\/types\/product"}],"version-history":[{"count":0,"href":"https:\/\/wpachem.com\/es\/wp-json\/wp\/v2\/product\/5230\/revisions"}],"wp:featuredmedia":[{"embeddable":true,"href":"https:\/\/wpachem.com\/es\/wp-json\/wp\/v2\/media\/4816"}],"wp:attachment":[{"href":"https:\/\/wpachem.com\/es\/wp-json\/wp\/v2\/media?parent=5230"}],"wp:term":[{"taxonomy":"product_brand","embeddable":true,"href":"https:\/\/wpachem.com\/es\/wp-json\/wp\/v2\/product_brand?post=5230"},{"taxonomy":"product_cat","embeddable":true,"href":"https:\/\/wpachem.com\/es\/wp-json\/wp\/v2\/product_cat?post=5230"},{"taxonomy":"product_tag","embeddable":true,"href":"https:\/\/wpachem.com\/es\/wp-json\/wp\/v2\/product_tag?post=5230"}],"curies":[{"name":"wp","href":"https:\/\/api.w.org\/{rel}","templated":true}]}}