{"id":5234,"date":"2023-11-24T08:37:35","date_gmt":"2023-11-24T08:37:35","guid":{"rendered":"https:\/\/wpachem.com\/?post_type=product&#038;p=5234"},"modified":"2023-11-24T08:39:03","modified_gmt":"2023-11-24T08:39:03","slug":"citronellol-cas-106-22-9","status":"publish","type":"product","link":"https:\/\/wpachem.com\/es\/producto\/citronellol-cas-106-22-9\/","title":{"rendered":"Citronelol CAS 106-22-9"},"content":{"rendered":"<p><strong>Caracter\u00edsticas<\/strong><\/p>\n<ul class=\"list3\">\n<li>Aspecto: L\u00edquido transparente casi incoloro.<\/li>\n<li>Olor: Olor rosado fresco.<\/li>\n<li>Punto de fusi\u00f3n\/punto de congelaci\u00f3n: 158\u00b0C(dec.)(lit.)<\/li>\n<li>Punto de ebullici\u00f3n o punto de ebullici\u00f3n inicial e intervalo de ebullici\u00f3n: 220\u00b0C<\/li>\n<li>Punto de inflamaci\u00f3n: 102\u00b0C(lit.)<\/li>\n<li>Viscosidad cinem\u00e1tica: 11,1 mPa\u00b7s (din\u00e1mica) a 20 \u00b0C; 5,33 mPa\u00b7s (din\u00e1mica) a 40 \u00b0C<\/li>\n<li>Solubilidad: En agua, 200 mg\/L a 25 grados C.<\/li>\n<li>Coeficiente de partici\u00f3n n-octanol\/agua: log Kow = 3,91<\/li>\n<li>Presi\u00f3n de vapor: ~0,02 mm Hg (25 \u00b0C)<\/li>\n<li>Densidad y\/o densidad relativa: 0,854<\/li>\n<li>Densidad relativa del vapor: 5,4 (en comparaci\u00f3n con el aire)<\/li>\n<\/ul>\n<p><strong>Solicitud<\/strong><\/p>\n<p>El citronelol, tambi\u00e9n conocido como alcohol de vainilla, tambi\u00e9n conocido como alcohol de hemerocallis \u03b2-male, proviene principalmente de rosa, limoncillo, geranio, eucalipto, melisa y otros aceites esenciales, en el alto grado de aceite esencial de jengibre tambi\u00e9n contiene una peque\u00f1a cantidad de citronelol. El citronelol es un compuesto monoterp\u00e9nico ac\u00edclico, que es el tipo m\u00e1s simple de alcohol monoterp\u00e9nico. Chemicalbook se puede utilizar para preparar una variedad de fragancias y perfumes, con un aroma a rosa m\u00e1s elegante que el geraniol. Adem\u00e1s, se ha demostrado cl\u00ednicamente que el citronelol tiene una variedad de actividades farmacol\u00f3gicas y se puede utilizar como antiinflamatorio, anticonvulsivo, analg\u00e9sico y reductor del colesterol. El citronelol tambi\u00e9n es un intermediario importante en la s\u00edntesis total de muchos compuestos quirales.<\/p>\n<p><strong>Embalaje y almacenamiento<\/strong><\/p>\n<p>Mantener el envase bien cerrado en un lugar seco y bien ventilado.<\/p>","protected":false},"excerpt":{"rendered":"<p>Nombre del producto: Citronelol<br \/>\nN.\u00ba CAS: 106-22-9<br \/>\nMF: C10H18O<br \/>\nAspecto: L\u00edquido transparente casi incoloro.<\/p>","protected":false},"featured_media":4788,"template":"","meta":{"_acf_changed":false,"_gspb_post_css":""},"product_brand":[],"product_cat":[61],"product_tag":[],"class_list":{"0":"post-5234","1":"product","2":"type-product","3":"status-publish","4":"has-post-thumbnail","6":"product_cat-flavor-and-fragrance","8":"first","9":"instock","10":"shipping-taxable","11":"product-type-simple"},"acf":[],"_links":{"self":[{"href":"https:\/\/wpachem.com\/es\/wp-json\/wp\/v2\/product\/5234","targetHints":{"allow":["GET"]}}],"collection":[{"href":"https:\/\/wpachem.com\/es\/wp-json\/wp\/v2\/product"}],"about":[{"href":"https:\/\/wpachem.com\/es\/wp-json\/wp\/v2\/types\/product"}],"version-history":[{"count":0,"href":"https:\/\/wpachem.com\/es\/wp-json\/wp\/v2\/product\/5234\/revisions"}],"wp:featuredmedia":[{"embeddable":true,"href":"https:\/\/wpachem.com\/es\/wp-json\/wp\/v2\/media\/4788"}],"wp:attachment":[{"href":"https:\/\/wpachem.com\/es\/wp-json\/wp\/v2\/media?parent=5234"}],"wp:term":[{"taxonomy":"product_brand","embeddable":true,"href":"https:\/\/wpachem.com\/es\/wp-json\/wp\/v2\/product_brand?post=5234"},{"taxonomy":"product_cat","embeddable":true,"href":"https:\/\/wpachem.com\/es\/wp-json\/wp\/v2\/product_cat?post=5234"},{"taxonomy":"product_tag","embeddable":true,"href":"https:\/\/wpachem.com\/es\/wp-json\/wp\/v2\/product_tag?post=5234"}],"curies":[{"name":"wp","href":"https:\/\/api.w.org\/{rel}","templated":true}]}}