{"id":5236,"date":"2023-11-24T08:50:35","date_gmt":"2023-11-24T08:50:35","guid":{"rendered":"https:\/\/wpachem.com\/?post_type=product&#038;p=5236"},"modified":"2023-11-24T08:50:35","modified_gmt":"2023-11-24T08:50:35","slug":"citronellal-cas-106-23-0","status":"publish","type":"product","link":"https:\/\/wpachem.com\/es\/producto\/citronellal-cas-106-23-0\/","title":{"rendered":"Citronelal CAS 106-23-0"},"content":{"rendered":"<p><strong>Caracter\u00edstica<\/strong><\/p>\n<ul class=\"list3\">\n<li>Aspecto: l\u00edquido<\/li>\n<li>pH: 7 (H2O)<\/li>\n<li>Punto de fusi\u00f3n\/punto de congelaci\u00f3n: -16\u00b0C (estimado)<\/li>\n<li>Punto inicial de ebullici\u00f3n e intervalo de ebullici\u00f3n: 207 \u00b0C \u2013 lit.<\/li>\n<li>Punto de inflamaci\u00f3n: 74 \u00b0C \u2013 copa cerrada<\/li>\n<li>L\u00edmites superior\/inferior de inflamabilidad o explosividad: L\u00edmite superior de explosividad: 4,5 %(V) L\u00edmite inferior de explosividad: 1,2 %(V)<\/li>\n<li>Presi\u00f3n de vapor: 0,16 hPa a 20 \u00b0C \u2013 Directriz de ensayo 104 de la OCDE 0,26 hPa a 25 \u00b0C \u2013 Directriz de ensayo 104 de la OCDE<\/li>\n<li>Densidad relativa: 0,858 (20\/4 \u2103)<\/li>\n<li>Solubilidad en agua: 0,088 g\/l a 25 \u00b0C<\/li>\n<li>Coeficiente de partici\u00f3n: n-octanol\/waterlog Pow: 3,62 a 25 \u00b0C \u2013 Directrices de ensayo 107 de la OCDE \u2013 No se espera bioacumulaci\u00f3n.<\/li>\n<li>Temperatura de autoignici\u00f3n: 202 \u00b0C a 1.013 hPa<\/li>\n<li>Viscosidad: Viscosidad, cinem\u00e1tica: 1,82 mm2\/s a 20 \u00b0C<\/li>\n<\/ul>\n<p><strong>Solicitud<\/strong><\/p>\n<p>Se utiliza para la preparaci\u00f3n de esencia, con un fuerte aroma a lim\u00f3n y rosa de citronela.<\/p>\n<p><strong>Embalaje y almacenamiento<\/strong><\/p>\n<p>Mantener alejado de llamas abiertas, superficies calientes y fuentes de ignici\u00f3n. Tome medidas de precauci\u00f3n contra descargas est\u00e1ticas.<\/p>","protected":false},"excerpt":{"rendered":"<p>Nombre del producto: Citronelal<br \/>\nN.\u00b0 CAS: 106-23-0<br \/>\nMF: C9H8O<br \/>\nAspecto: l\u00edquido<\/p>","protected":false},"featured_media":4875,"template":"","meta":{"_acf_changed":false,"_gspb_post_css":""},"product_brand":[],"product_cat":[61],"product_tag":[],"class_list":{"0":"post-5236","1":"product","2":"type-product","3":"status-publish","4":"has-post-thumbnail","6":"product_cat-flavor-and-fragrance","8":"first","9":"instock","10":"shipping-taxable","11":"product-type-simple"},"acf":[],"_links":{"self":[{"href":"https:\/\/wpachem.com\/es\/wp-json\/wp\/v2\/product\/5236","targetHints":{"allow":["GET"]}}],"collection":[{"href":"https:\/\/wpachem.com\/es\/wp-json\/wp\/v2\/product"}],"about":[{"href":"https:\/\/wpachem.com\/es\/wp-json\/wp\/v2\/types\/product"}],"version-history":[{"count":0,"href":"https:\/\/wpachem.com\/es\/wp-json\/wp\/v2\/product\/5236\/revisions"}],"wp:featuredmedia":[{"embeddable":true,"href":"https:\/\/wpachem.com\/es\/wp-json\/wp\/v2\/media\/4875"}],"wp:attachment":[{"href":"https:\/\/wpachem.com\/es\/wp-json\/wp\/v2\/media?parent=5236"}],"wp:term":[{"taxonomy":"product_brand","embeddable":true,"href":"https:\/\/wpachem.com\/es\/wp-json\/wp\/v2\/product_brand?post=5236"},{"taxonomy":"product_cat","embeddable":true,"href":"https:\/\/wpachem.com\/es\/wp-json\/wp\/v2\/product_cat?post=5236"},{"taxonomy":"product_tag","embeddable":true,"href":"https:\/\/wpachem.com\/es\/wp-json\/wp\/v2\/product_tag?post=5236"}],"curies":[{"name":"wp","href":"https:\/\/api.w.org\/{rel}","templated":true}]}}