{"id":5238,"date":"2023-11-24T08:57:48","date_gmt":"2023-11-24T08:57:48","guid":{"rendered":"https:\/\/wpachem.com\/?post_type=product&#038;p=5238"},"modified":"2023-11-24T08:57:48","modified_gmt":"2023-11-24T08:57:48","slug":"hedione-cas-24851-98-7","status":"publish","type":"product","link":"https:\/\/wpachem.com\/es\/producto\/hedione-cas-24851-98-7\/","title":{"rendered":"Hediona CAS 24851-98-7"},"content":{"rendered":"<p><strong>Caracter\u00edstica<\/strong><\/p>\n<p>L\u00edquido oleoso transparente de color amarillo hierba claro a amarillo. Huele a Riley fresco. Punto de ebullici\u00f3n: 300 \u00b0C, densidad relativa (d4\u2081) 0,9968, \u00edndice de refracci\u00f3n (nD\u2082) 1,4583. Poco soluble en agua, soluble en etanol y aceite. Se encuentran productos naturales en el aceite de jazm\u00edn, etc.<\/p>\n<p><strong>Solicitud<\/strong><\/p>\n<p>Se puede usar para preparar aceite de jazm\u00edn artificial, base de jazm\u00edn y nardo. Utilizado en peque\u00f1as cantidades en el lirio de los valles, espesa y aporta una suave redondez. Tambi\u00e9n se usa en orqu\u00eddeas de coraz\u00f3n simples no florales, de tipo oriental y en colonias nuevas, con un efecto muy agradable. Combina con fragancias amaderadas.<\/p>\n<p><strong>Embalaje y almacenamiento<\/strong><\/p>\n<p>Almacenar en lugar fresco. Mantener el recipiente bien cerrado en un lugar seco y bien ventilado. Los contenedores que se abran deben volver a cerrarse cuidadosamente y mantenerse en posici\u00f3n vertical para evitar fugas.<\/p>","protected":false},"excerpt":{"rendered":"<p>Nombre del producto: Hedione<br \/>\nN.\u00ba CAS: 24851-98-7<br \/>\nMF: C9H8O<br \/>\nAspecto: L\u00edquido aceitoso transparente de color amarillo hierba claro a amarillo.<\/p>","protected":false},"featured_media":3322,"template":"","meta":{"_acf_changed":false,"_gspb_post_css":""},"product_brand":[],"product_cat":[61],"product_tag":[],"class_list":{"0":"post-5238","1":"product","2":"type-product","3":"status-publish","4":"has-post-thumbnail","6":"product_cat-flavor-and-fragrance","8":"first","9":"instock","10":"shipping-taxable","11":"product-type-simple"},"acf":[],"_links":{"self":[{"href":"https:\/\/wpachem.com\/es\/wp-json\/wp\/v2\/product\/5238","targetHints":{"allow":["GET"]}}],"collection":[{"href":"https:\/\/wpachem.com\/es\/wp-json\/wp\/v2\/product"}],"about":[{"href":"https:\/\/wpachem.com\/es\/wp-json\/wp\/v2\/types\/product"}],"version-history":[{"count":0,"href":"https:\/\/wpachem.com\/es\/wp-json\/wp\/v2\/product\/5238\/revisions"}],"wp:featuredmedia":[{"embeddable":true,"href":"https:\/\/wpachem.com\/es\/wp-json\/wp\/v2\/media\/3322"}],"wp:attachment":[{"href":"https:\/\/wpachem.com\/es\/wp-json\/wp\/v2\/media?parent=5238"}],"wp:term":[{"taxonomy":"product_brand","embeddable":true,"href":"https:\/\/wpachem.com\/es\/wp-json\/wp\/v2\/product_brand?post=5238"},{"taxonomy":"product_cat","embeddable":true,"href":"https:\/\/wpachem.com\/es\/wp-json\/wp\/v2\/product_cat?post=5238"},{"taxonomy":"product_tag","embeddable":true,"href":"https:\/\/wpachem.com\/es\/wp-json\/wp\/v2\/product_tag?post=5238"}],"curies":[{"name":"wp","href":"https:\/\/api.w.org\/{rel}","templated":true}]}}