{"id":5240,"date":"2023-11-24T09:04:03","date_gmt":"2023-11-24T09:04:03","guid":{"rendered":"https:\/\/wpachem.com\/?post_type=product&#038;p=5240"},"modified":"2023-11-24T09:04:46","modified_gmt":"2023-11-24T09:04:46","slug":"helional-heliotropi-cas-1205-17-0","status":"publish","type":"product","link":"https:\/\/wpachem.com\/es\/producto\/helional-heliotropi-cas-1205-17-0\/","title":{"rendered":"Helional\/Heliotropi CAS 1205-17-0"},"content":{"rendered":"<p><strong>Caracter\u00edstica<\/strong><\/p>\n<p>Es una especie de fragancia de sand\u00eda fresca y lila ligera del valle y aroma de hinojo parecido al jazm\u00edn, ampliamente utilizada en la preparaci\u00f3n de jazm\u00edn, oreja de conejo y otras fragancias florales, tipo bosque, tipo brisa marina de nuevo sabor, fragancia duradera.<\/p>\n<ul class=\"list3\">\n<li>Estado f\u00edsico: L\u00edquido ligeramente amarillo. Olor a floral.<\/li>\n<li>Punto de fusi\u00f3n\/punto de congelaci\u00f3n: 148\u00b0C(lit.)<\/li>\n<li>Punto de ebullici\u00f3n o punto de ebullici\u00f3n inicial e intervalo de ebullici\u00f3n: 154\u00b0C\/6mmHg(lit.)<\/li>\n<li>Punto de inflamaci\u00f3n: 53\u00b0C(encendido)<\/li>\n<li>Presi\u00f3n de vapor: 0,0027 mmHg a 25\u00b0C<\/li>\n<li>Densidad y\/o densidad relativa : 1.162<\/li>\n<\/ul>\n<p><strong>Solicitud<\/strong><\/p>\n<p>Es una especia muy utilizada en el mundo, con un suave aroma floral como la oreja de conejo. En la f\u00f3rmula de cosm\u00e9ticos y fragancias de jab\u00f3n, la cantidad est\u00e1 dentro de 20%, la cantidad es grande y el precio es alto.<\/p>\n<p><strong>Embalaje y almacenamiento<\/strong><\/p>\n<p>Guardar el envase bien cerrado en un lugar seco, fresco y bien ventilado. Almacenar alejado de envases de alimentos o materiales incompatibles.<\/p>","protected":false},"excerpt":{"rendered":"<p>Nombre del producto: Helional\/Heliotropi<br \/>\nN.\u00b0 CAS: 1205-17-0<br \/>\nMF: 1205-17-0<br \/>\nApariencia: L\u00edquido ligeramente amarillo<\/p>","protected":false},"featured_media":4756,"template":"","meta":{"_acf_changed":false,"_gspb_post_css":""},"product_brand":[],"product_cat":[61],"product_tag":[],"class_list":{"0":"post-5240","1":"product","2":"type-product","3":"status-publish","4":"has-post-thumbnail","6":"product_cat-flavor-and-fragrance","8":"first","9":"instock","10":"shipping-taxable","11":"product-type-simple"},"acf":[],"_links":{"self":[{"href":"https:\/\/wpachem.com\/es\/wp-json\/wp\/v2\/product\/5240","targetHints":{"allow":["GET"]}}],"collection":[{"href":"https:\/\/wpachem.com\/es\/wp-json\/wp\/v2\/product"}],"about":[{"href":"https:\/\/wpachem.com\/es\/wp-json\/wp\/v2\/types\/product"}],"version-history":[{"count":0,"href":"https:\/\/wpachem.com\/es\/wp-json\/wp\/v2\/product\/5240\/revisions"}],"wp:featuredmedia":[{"embeddable":true,"href":"https:\/\/wpachem.com\/es\/wp-json\/wp\/v2\/media\/4756"}],"wp:attachment":[{"href":"https:\/\/wpachem.com\/es\/wp-json\/wp\/v2\/media?parent=5240"}],"wp:term":[{"taxonomy":"product_brand","embeddable":true,"href":"https:\/\/wpachem.com\/es\/wp-json\/wp\/v2\/product_brand?post=5240"},{"taxonomy":"product_cat","embeddable":true,"href":"https:\/\/wpachem.com\/es\/wp-json\/wp\/v2\/product_cat?post=5240"},{"taxonomy":"product_tag","embeddable":true,"href":"https:\/\/wpachem.com\/es\/wp-json\/wp\/v2\/product_tag?post=5240"}],"curies":[{"name":"wp","href":"https:\/\/api.w.org\/{rel}","templated":true}]}}