{"id":5242,"date":"2023-11-24T09:32:15","date_gmt":"2023-11-24T09:32:15","guid":{"rendered":"https:\/\/wpachem.com\/?post_type=product&#038;p=5242"},"modified":"2023-11-24T09:32:15","modified_gmt":"2023-11-24T09:32:15","slug":"linalyl-acetate-cas-115-95-7","status":"publish","type":"product","link":"https:\/\/wpachem.com\/es\/producto\/linalyl-acetate-cas-115-95-7\/","title":{"rendered":"Acetato de linalilo CAS 115-95-7"},"content":{"rendered":"<p><strong>Caracter\u00edstica<\/strong><\/p>\n<ul class=\"list3\">\n<li>Aspecto: L\u00edquido transparente e incoloro.<\/li>\n<li>Olor: \u2026floral-afrutado, que recuerda a la bergamota y tambi\u00e9n tiene un car\u00e1cter de pera.<\/li>\n<li>Punto de fusi\u00f3n\/punto de congelaci\u00f3n: 71\u00b0C(lit.)<\/li>\n<li>Punto de ebullici\u00f3n o punto de ebullici\u00f3n inicial e intervalo de ebullici\u00f3n: 220\u00b0C<\/li>\n<li>Inflamabilidad: Combustible.<\/li>\n<li>Punto de inflamaci\u00f3n: 85\u00b0C(lit.)<\/li>\n<li>Temperatura de autoignici\u00f3n: 225\u00b0C<\/li>\n<li>Viscosidad cinem\u00e1tica: 2,4 mm2\/s a 23\u00b0C<\/li>\n<li>Solubilidad: Cloroformo (ligeramente), Metanol (ligeramente)<\/li>\n<li>Coeficiente de partici\u00f3n n-octanol\/agua: log Kow = 3,93<\/li>\n<li>Presi\u00f3n de vapor: 0,1 mm Hg (20 \u00b0C)<\/li>\n<li>Densidad y\/o densidad relativa: 0,901<\/li>\n<li>Densidad relativa de vapor: 6,8 (en comparaci\u00f3n con el aire)<\/li>\n<\/ul>\n<p><strong>Solicitud<\/strong><\/p>\n<ol>\n<li>Es adecuado para perfumes, agua capilar, cosm\u00e9ticos y jabones. Es una materia prima importante para la preparaci\u00f3n de fragancias de bergamota, hoja de naranjo, lavanda, lavanda mixta y otras. Tambi\u00e9n es una de las fragancias base para la preparaci\u00f3n de jazm\u00edn, flor de naranjo y otras. Se utiliza para aromas florales dulces y frescos como el ylang ylang como modificador coordinante para realzar el aroma de las frutas. Tambi\u00e9n se puede utilizar en peque\u00f1as cantidades en aromas alimentarios.<\/li>\n<li>Se puede usar para preparar sabores de pi\u00f1a, grosella, c\u00edtricos, melocot\u00f3n y otras frutas. La cantidad se ajusta a las necesidades de producci\u00f3n. Generalmente, se utiliza 13 mg\/kg en chicles; 11 mg\/kg en dulces; 8,9 mg\/kg en productos horneados; y 3,8 mg\/kg en bebidas fr\u00edas.<\/li>\n<li>Para la preparaci\u00f3n de perfumes de alta calidad y fragancias de agua de tocador.<\/li>\n<\/ol>\n<p><strong>Embalaje y almacenamiento<\/strong><\/p>\n<p>Disposici\u00f3n para contener el efluente de la extinci\u00f3n de incendios. Almacenar en un \u00e1rea sin acceso a desag\u00fces ni alcantarillado. Ventilar a lo largo del suelo. Mantener el recipiente bien cerrado en un lugar seco y bien ventilado. Temperatura de almacenamiento recomendada: 2-8 \u00b0C.<\/p>","protected":false},"excerpt":{"rendered":"<p>Nombre del producto: acetato de linalilo<br \/>\nN.\u00ba CAS: 115-95-7<br \/>\nN\u00famero de modelo: C12H20O2<br \/>\nAspecto: L\u00edquido transparente incoloro.<\/p>","protected":false},"featured_media":4787,"template":"","meta":{"_acf_changed":false,"_gspb_post_css":""},"product_brand":[],"product_cat":[61],"product_tag":[],"class_list":{"0":"post-5242","1":"product","2":"type-product","3":"status-publish","4":"has-post-thumbnail","6":"product_cat-flavor-and-fragrance","8":"first","9":"instock","10":"shipping-taxable","11":"product-type-simple"},"acf":[],"_links":{"self":[{"href":"https:\/\/wpachem.com\/es\/wp-json\/wp\/v2\/product\/5242","targetHints":{"allow":["GET"]}}],"collection":[{"href":"https:\/\/wpachem.com\/es\/wp-json\/wp\/v2\/product"}],"about":[{"href":"https:\/\/wpachem.com\/es\/wp-json\/wp\/v2\/types\/product"}],"version-history":[{"count":0,"href":"https:\/\/wpachem.com\/es\/wp-json\/wp\/v2\/product\/5242\/revisions"}],"wp:featuredmedia":[{"embeddable":true,"href":"https:\/\/wpachem.com\/es\/wp-json\/wp\/v2\/media\/4787"}],"wp:attachment":[{"href":"https:\/\/wpachem.com\/es\/wp-json\/wp\/v2\/media?parent=5242"}],"wp:term":[{"taxonomy":"product_brand","embeddable":true,"href":"https:\/\/wpachem.com\/es\/wp-json\/wp\/v2\/product_brand?post=5242"},{"taxonomy":"product_cat","embeddable":true,"href":"https:\/\/wpachem.com\/es\/wp-json\/wp\/v2\/product_cat?post=5242"},{"taxonomy":"product_tag","embeddable":true,"href":"https:\/\/wpachem.com\/es\/wp-json\/wp\/v2\/product_tag?post=5242"}],"curies":[{"name":"wp","href":"https:\/\/api.w.org\/{rel}","templated":true}]}}