{"id":5244,"date":"2023-11-24T09:41:19","date_gmt":"2023-11-24T09:41:19","guid":{"rendered":"https:\/\/wpachem.com\/?post_type=product&#038;p=5244"},"modified":"2023-11-24T09:41:19","modified_gmt":"2023-11-24T09:41:19","slug":"raspberry-ketone-cas-5471-51-2","status":"publish","type":"product","link":"https:\/\/wpachem.com\/es\/producto\/raspberry-ketone-cas-5471-51-2\/","title":{"rendered":"Cetona de frambuesa CAS 5471-51-2"},"content":{"rendered":"<p><strong>Caracter\u00edstica<\/strong><\/p>\n<ul class=\"list3\">\n<li>Aspecto: cristalino amarillo claro<\/li>\n<li>Punto de fusi\u00f3n\/punto de congelaci\u00f3nPunto de fusi\u00f3n\/rango: 81 \u2013 85 \u00b0C \u2013 encendido.<\/li>\n<li>Punto inicial de ebullici\u00f3n e intervalo de ebullici\u00f3n: 292 \u00b0C<\/li>\n<li>Solubilidad en aguaEtanol 95%: soluble 50 mg\/mL, transparente a ligeramente turbio, de incoloro a amarillo tenue o tostado<\/li>\n<\/ul>\n<p><strong>Solicitud<\/strong><\/p>\n<ol>\n<li>Se utiliza para preparar especias alimenticias, tiene el efecto de aumentar el aroma y el dulzor y tambi\u00e9n se puede utilizar en cosm\u00e9ticos y sabores de jab\u00f3n.<\/li>\n<li>Ampliamente utilizado en fresa, frambuesa, pi\u00f1a, melocot\u00f3n y otros sabores comestibles, generalmente en sabor afrutado como agente fijador. En el sabor qu\u00edmico diario se puede utilizar en formulaciones de jazm\u00edn, flores, nardos y otras. Como modificador, se utiliza en el sabor diario de fragancias de jazm\u00edn, gardenia, nardo y otras flores. En saborizantes alimentarios, se utiliza en fresa, pi\u00f1a, melocot\u00f3n, ciruela, pescado colgante y otros sabores.<\/li>\n<li>Como modificador, se utiliza en especias diarias como el jazm\u00edn y el nardo, y en especias comestibles, se utiliza principalmente en especias como fresa, pi\u00f1a, melocot\u00f3n y ciruela. Se utiliza en medicina como intermediario de amina encapsulada Lankdot, etc.<\/li>\n<\/ol>\n<p><strong>Embalaje y almacenamiento<\/strong><\/p>\n<p>Almacenar en lugar fresco. Mantener el recipiente bien cerrado en un lugar seco y bien ventilado.<\/p>","protected":false},"excerpt":{"rendered":"<p>Nombre del producto: cetona de frambuesa<br \/>\nN.\u00b0 CAS: 5471-51-2<br \/>\nMF: C10H12O2<br \/>\nAspecto: cristalino amarillo claro<\/p>","protected":false},"featured_media":4816,"template":"","meta":{"_acf_changed":false,"_gspb_post_css":""},"product_brand":[],"product_cat":[61],"product_tag":[],"class_list":{"0":"post-5244","1":"product","2":"type-product","3":"status-publish","4":"has-post-thumbnail","6":"product_cat-flavor-and-fragrance","8":"first","9":"instock","10":"shipping-taxable","11":"product-type-simple"},"acf":[],"_links":{"self":[{"href":"https:\/\/wpachem.com\/es\/wp-json\/wp\/v2\/product\/5244","targetHints":{"allow":["GET"]}}],"collection":[{"href":"https:\/\/wpachem.com\/es\/wp-json\/wp\/v2\/product"}],"about":[{"href":"https:\/\/wpachem.com\/es\/wp-json\/wp\/v2\/types\/product"}],"version-history":[{"count":0,"href":"https:\/\/wpachem.com\/es\/wp-json\/wp\/v2\/product\/5244\/revisions"}],"wp:featuredmedia":[{"embeddable":true,"href":"https:\/\/wpachem.com\/es\/wp-json\/wp\/v2\/media\/4816"}],"wp:attachment":[{"href":"https:\/\/wpachem.com\/es\/wp-json\/wp\/v2\/media?parent=5244"}],"wp:term":[{"taxonomy":"product_brand","embeddable":true,"href":"https:\/\/wpachem.com\/es\/wp-json\/wp\/v2\/product_brand?post=5244"},{"taxonomy":"product_cat","embeddable":true,"href":"https:\/\/wpachem.com\/es\/wp-json\/wp\/v2\/product_cat?post=5244"},{"taxonomy":"product_tag","embeddable":true,"href":"https:\/\/wpachem.com\/es\/wp-json\/wp\/v2\/product_tag?post=5244"}],"curies":[{"name":"wp","href":"https:\/\/api.w.org\/{rel}","templated":true}]}}