{"id":5247,"date":"2023-11-24T09:50:26","date_gmt":"2023-11-24T09:50:26","guid":{"rendered":"https:\/\/wpachem.com\/?post_type=product&#038;p=5247"},"modified":"2023-12-06T05:49:11","modified_gmt":"2023-12-06T05:49:11","slug":"__trashed","status":"publish","type":"product","link":"https:\/\/wpachem.com\/es\/producto\/__trashed\/","title":{"rendered":"Ambrox\u00e1n CAS 6790-58-5"},"content":{"rendered":"<p><strong>Caracter\u00edstica<\/strong><\/p>\n<ul class=\"list3\">\n<li>Aspecto: cristalino blanco<\/li>\n<li>Punto de fusi\u00f3n\/punto de congelaci\u00f3nPunto de fusi\u00f3n\/rango: 74 \u2013 76 \u00b0C \u2013 lit.<\/li>\n<li>Punto de ebullici\u00f3n inicial y rango de ebullici\u00f3n: 273,9 \u00b1 8,0 \u00b0C (previsto)<\/li>\n<\/ul>\n<p><strong>Solicitud<\/strong><\/p>\n<p>El \u00e9ter de norambergris tiene un aroma fuerte y espec\u00edfico de \u00e1mbar gris. Se utiliza en perfumes y aromas cosm\u00e9ticos de alta calidad, ya que no estimula el cuerpo humano ni produce reacciones al\u00e9rgicas en los animales, por lo que es muy adecuado para aromatizar la piel, el cabello y los tejidos. A menudo se utiliza en jabones, talcos, cremas y champ\u00fas para a\u00f1adir fragancia y fijar la fragancia. La dosis habitual es de 0,1 a 0,21 TP3T. Los productos puros reci\u00e9n destilados, cuyo aroma no es sobresaliente, cuando se diluyen a 101 TP3T con alcohol y se exponen al aire durante un per\u00edodo de tiempo, el aroma se volver\u00e1 m\u00e1s suave y meloso. El efecto del producto es muy sobresaliente, puede mejorar en gran medida la difusi\u00f3n de la esencia, potenciar y realzar el efecto desde el principio de la fragancia que siempre se ha implementado. La aplicaci\u00f3n de materias primas de \u00e1mbar gris en los cigarrillos es el componente clave del aroma de los cigarrillos aromatizados, y el \u00e1mbar gris es un sabor particularmente destacado, que tiene una importante contribuci\u00f3n al humo de los cigarrillos mezclados. El normouthiol tambi\u00e9n se utiliza ampliamente en las industrias de los cigarrillos curados al humo y los perfumes. Se utiliza en la industria tabacalera para agregar sabor, armonizar con el sabor caracter\u00edstico del tabaco y puede cubrir impurezas, incluso si se usa en una peque\u00f1a cantidad, tambi\u00e9n puede mejorar la calidad del sabor del tabaco, especialmente adecuado para cigarrillos mixtos para agregar sabor y realzar el sabor del tabaco oriental.<\/p>\n<p><strong>Embalaje y almacenamiento<\/strong><\/p>\n<p>Almacenar en lugar fresco. Mantener el recipiente bien cerrado en un lugar seco y bien ventilado.<\/p>","protected":false},"excerpt":{"rendered":"<p>Nombre del producto: Ambroxan<br \/>\nN.\u00ba CAS: 6790-58-5<br \/>\nN\u00famero de modelo: C16H28O<br \/>\nAspecto: cristalino blanco<\/p>","protected":false},"featured_media":4787,"template":"","meta":{"_acf_changed":false,"_gspb_post_css":""},"product_brand":[],"product_cat":[61],"product_tag":[],"class_list":{"0":"post-5247","1":"product","2":"type-product","3":"status-publish","4":"has-post-thumbnail","6":"product_cat-flavor-and-fragrance","8":"first","9":"instock","10":"shipping-taxable","11":"product-type-simple"},"acf":[],"_links":{"self":[{"href":"https:\/\/wpachem.com\/es\/wp-json\/wp\/v2\/product\/5247","targetHints":{"allow":["GET"]}}],"collection":[{"href":"https:\/\/wpachem.com\/es\/wp-json\/wp\/v2\/product"}],"about":[{"href":"https:\/\/wpachem.com\/es\/wp-json\/wp\/v2\/types\/product"}],"version-history":[{"count":0,"href":"https:\/\/wpachem.com\/es\/wp-json\/wp\/v2\/product\/5247\/revisions"}],"wp:featuredmedia":[{"embeddable":true,"href":"https:\/\/wpachem.com\/es\/wp-json\/wp\/v2\/media\/4787"}],"wp:attachment":[{"href":"https:\/\/wpachem.com\/es\/wp-json\/wp\/v2\/media?parent=5247"}],"wp:term":[{"taxonomy":"product_brand","embeddable":true,"href":"https:\/\/wpachem.com\/es\/wp-json\/wp\/v2\/product_brand?post=5247"},{"taxonomy":"product_cat","embeddable":true,"href":"https:\/\/wpachem.com\/es\/wp-json\/wp\/v2\/product_cat?post=5247"},{"taxonomy":"product_tag","embeddable":true,"href":"https:\/\/wpachem.com\/es\/wp-json\/wp\/v2\/product_tag?post=5247"}],"curies":[{"name":"wp","href":"https:\/\/api.w.org\/{rel}","templated":true}]}}