{"id":5374,"date":"2023-12-01T07:52:38","date_gmt":"2023-12-01T07:52:38","guid":{"rendered":"https:\/\/wpachem.com\/?post_type=product&#038;p=5374"},"modified":"2023-12-01T08:17:54","modified_gmt":"2023-12-01T08:17:54","slug":"coumarin-cas-91-64-5","status":"publish","type":"product","link":"https:\/\/wpachem.com\/es\/producto\/coumarin-cas-91-64-5\/","title":{"rendered":"Cumarina CAS 91-64-5"},"content":{"rendered":"<p><strong>Caracter\u00edstica<\/strong><\/p>\n<p>Cristal blanco sublimado, con aroma a citronela, y aroma ligeramente medicinal. Insoluble en agua fr\u00eda, soluble en agua caliente, etanol, \u00e9ter, cloroformo.<\/p>\n<p><strong>Aplicaciones<\/strong><\/p>\n<p>1. La cumarina es una especia importante que se utiliza a menudo como agente fijador. Se utiliza para preparar perfumes y esencias de agua de tocador, y tambi\u00e9n como odorante para cigarrillos, productos de caucho, productos de pl\u00e1stico, etc. En Alemania, la cumarina est\u00e1 prohibida como aditivo del tabaco.<\/p>\n<p>2. Se utiliza en la fabricaci\u00f3n de fragancias, como agente fijador y tambi\u00e9n en la industria de la galvanoplastia.<\/p>\n<p>3. Utilizar como indicador de fluorescencia.<\/p>\n<p><strong>Embalaje y almacenamiento<\/strong><\/p>\n<p>NO llamas abiertas. Manipulaci\u00f3n en lugar bien ventilado. Utilice ropa protectora adecuada. Evite el contacto con la piel y los ojos. Evitar la formaci\u00f3n de polvo y aerosoles. Utilice herramientas que no produzcan chispas. Prevenir incendios causados por vapor de descarga electrost\u00e1tica. Separado de alimentos y piensos.<\/p>\n<p>&nbsp;<\/p>","protected":false},"excerpt":{"rendered":"<p>Nombre del producto: cumarina<br \/>\nN.\u00b0 CAS: 91-64-5<br \/>\nMF: C9H6O2<br \/>\nApariencia: Cristal blanco<\/p>","protected":false},"featured_media":4797,"template":"","meta":{"_acf_changed":false,"_gspb_post_css":""},"product_brand":[],"product_cat":[61],"product_tag":[],"class_list":{"0":"post-5374","1":"product","2":"type-product","3":"status-publish","4":"has-post-thumbnail","6":"product_cat-flavor-and-fragrance","8":"first","9":"instock","10":"shipping-taxable","11":"product-type-simple"},"acf":[],"_links":{"self":[{"href":"https:\/\/wpachem.com\/es\/wp-json\/wp\/v2\/product\/5374","targetHints":{"allow":["GET"]}}],"collection":[{"href":"https:\/\/wpachem.com\/es\/wp-json\/wp\/v2\/product"}],"about":[{"href":"https:\/\/wpachem.com\/es\/wp-json\/wp\/v2\/types\/product"}],"version-history":[{"count":0,"href":"https:\/\/wpachem.com\/es\/wp-json\/wp\/v2\/product\/5374\/revisions"}],"wp:featuredmedia":[{"embeddable":true,"href":"https:\/\/wpachem.com\/es\/wp-json\/wp\/v2\/media\/4797"}],"wp:attachment":[{"href":"https:\/\/wpachem.com\/es\/wp-json\/wp\/v2\/media?parent=5374"}],"wp:term":[{"taxonomy":"product_brand","embeddable":true,"href":"https:\/\/wpachem.com\/es\/wp-json\/wp\/v2\/product_brand?post=5374"},{"taxonomy":"product_cat","embeddable":true,"href":"https:\/\/wpachem.com\/es\/wp-json\/wp\/v2\/product_cat?post=5374"},{"taxonomy":"product_tag","embeddable":true,"href":"https:\/\/wpachem.com\/es\/wp-json\/wp\/v2\/product_tag?post=5374"}],"curies":[{"name":"wp","href":"https:\/\/api.w.org\/{rel}","templated":true}]}}