{"id":5381,"date":"2023-12-01T08:27:30","date_gmt":"2023-12-01T08:27:30","guid":{"rendered":"https:\/\/wpachem.com\/?post_type=product&#038;p=5381"},"modified":"2023-12-01T08:27:31","modified_gmt":"2023-12-01T08:27:31","slug":"civetone-cas-542-46-1","status":"publish","type":"product","link":"https:\/\/wpachem.com\/es\/producto\/civetone-cas-542-46-1\/","title":{"rendered":"Civetona CAS 542-46-1"},"content":{"rendered":"<p><strong>Caracter\u00edstica<\/strong><\/p>\n<p>Cristal blanco o incoloro. Punto de ebullici\u00f3n 344 \u2103, punto de fusi\u00f3n &gt;31 \u2103, densidad relativa 0,9135-0,9200, \u00edndice de refracci\u00f3n 1,482-1,483, soluble en etanol 95% y aceite. Aroma animal, c\u00e1lido y dulce a civeta, aroma ligeramente almizclado, extremadamente potente, puede extenderse, extremadamente duradero.<\/p>\n<p><strong>Solicitud<\/strong><\/p>\n<ol>\n<li>Se utiliza como un agente fijador muy \u00fatil en la esencia de coraz\u00f3n de orqu\u00eddea simple, sabor oriental, colonia c\u00edtrica y muchos sabores de flores, como jazm\u00edn, alba, narciso, rosa, etc. Puede combinarse bien con los aromas florales, aldeh\u00eddos, orqu\u00eddea de coraz\u00f3n simple, orientales y animales de Chemicalbook. Es una especia indispensable para la preparaci\u00f3n de fragancias artificiales de civeta, y la dosis general es 1%-2%.<\/li>\n<li>Se utiliza como sustituto del almizcle. Tiene una gran capacidad para fijar el aroma y se utiliza a menudo como agente fijador. Para la mezcla de fragancias de alta calidad, la cantidad en perfumes es de 0,04-0,4%, la cantidad en b\u00e1lsamos y lociones es de 0,003-0,02%.<\/li>\n<\/ol>\n<p><strong>Embalaje y almacenamiento<\/strong><\/p>\n<p>Guardar el envase bien cerrado en un lugar seco, fresco y bien ventilado. Almacenar alejado de envases de alimentos o materiales incompatibles.<\/p>","protected":false},"excerpt":{"rendered":"<p>Nombre del producto: Civetone<br \/>\nN.\u00ba CAS: 542-46-1<br \/>\nColor: C17H30O<br \/>\nAspecto: Cristal blanco o incoloro.<\/p>","protected":false},"featured_media":4759,"template":"","meta":{"_acf_changed":false,"_gspb_post_css":""},"product_brand":[],"product_cat":[61],"product_tag":[],"class_list":{"0":"post-5381","1":"product","2":"type-product","3":"status-publish","4":"has-post-thumbnail","6":"product_cat-flavor-and-fragrance","8":"first","9":"instock","10":"shipping-taxable","11":"product-type-simple"},"acf":[],"_links":{"self":[{"href":"https:\/\/wpachem.com\/es\/wp-json\/wp\/v2\/product\/5381","targetHints":{"allow":["GET"]}}],"collection":[{"href":"https:\/\/wpachem.com\/es\/wp-json\/wp\/v2\/product"}],"about":[{"href":"https:\/\/wpachem.com\/es\/wp-json\/wp\/v2\/types\/product"}],"version-history":[{"count":0,"href":"https:\/\/wpachem.com\/es\/wp-json\/wp\/v2\/product\/5381\/revisions"}],"wp:featuredmedia":[{"embeddable":true,"href":"https:\/\/wpachem.com\/es\/wp-json\/wp\/v2\/media\/4759"}],"wp:attachment":[{"href":"https:\/\/wpachem.com\/es\/wp-json\/wp\/v2\/media?parent=5381"}],"wp:term":[{"taxonomy":"product_brand","embeddable":true,"href":"https:\/\/wpachem.com\/es\/wp-json\/wp\/v2\/product_brand?post=5381"},{"taxonomy":"product_cat","embeddable":true,"href":"https:\/\/wpachem.com\/es\/wp-json\/wp\/v2\/product_cat?post=5381"},{"taxonomy":"product_tag","embeddable":true,"href":"https:\/\/wpachem.com\/es\/wp-json\/wp\/v2\/product_tag?post=5381"}],"curies":[{"name":"wp","href":"https:\/\/api.w.org\/{rel}","templated":true}]}}