{"id":5383,"date":"2023-12-01T08:34:33","date_gmt":"2023-12-01T08:34:33","guid":{"rendered":"https:\/\/wpachem.com\/?post_type=product&#038;p=5383"},"modified":"2023-12-01T08:34:33","modified_gmt":"2023-12-01T08:34:33","slug":"borneol-cas-76-49-3","status":"publish","type":"product","link":"https:\/\/wpachem.com\/es\/producto\/borneol-cas-76-49-3\/","title":{"rendered":"Borneol CAS 76-49-3"},"content":{"rendered":"<p><strong>Caracter\u00edstica<\/strong><\/p>\n<p>El borneol es un cristal quebradizo en escamas transparente incoloro o blanco, o un polvo y un bloque cristalinos. Soluble en etanol, cloroformo, gasolina, casi insoluble en agua.<\/p>\n<p>Tiene un fuerte aroma a pino, alcanfor y menta. Puede sublimarse con calor y volatilizarse lentamente a temperatura ambiente con sensaci\u00f3n de ardor. El punto de fusi\u00f3n es 208\u00b0C y el punto de ebullici\u00f3n es 212\u00b0C<\/p>\n<p><strong>Solicitud<\/strong><\/p>\n<ol>\n<li>Especias comestibles. Se utiliza principalmente para preparar sabor a menta, lim\u00f3n blanco y nueces. Es ampliamente utilizado en la industria farmac\u00e9utica.<\/li>\n<li>Como reactivo bioqu\u00edmico, tambi\u00e9n se utiliza en la industria farmac\u00e9utica.<\/li>\n<li>Muy utilizado en la preparaci\u00f3n de romero, lavanda y otras fragancias.<\/li>\n<\/ol>\n<p><strong>Embalaje y almacenamiento<\/strong><\/p>\n<p>Guardar el envase bien cerrado en un lugar seco, fresco y bien ventilado. Almacenar alejado de envases de alimentos o materiales incompatibles.<\/p>","protected":false},"excerpt":{"rendered":"<p>Nombre del producto: Borneol<br \/>\nN.\u00b0 CAS: 76-49-3<br \/>\nMF: C10H18O<br \/>\nApariencia: un cristal quebradizo en escamas transparente incoloro o blanco, o un polvo y bloque cristalinos.<\/p>","protected":false},"featured_media":4674,"template":"","meta":{"_acf_changed":false,"_gspb_post_css":""},"product_brand":[],"product_cat":[61],"product_tag":[],"class_list":{"0":"post-5383","1":"product","2":"type-product","3":"status-publish","4":"has-post-thumbnail","6":"product_cat-flavor-and-fragrance","8":"first","9":"instock","10":"shipping-taxable","11":"product-type-simple"},"acf":[],"_links":{"self":[{"href":"https:\/\/wpachem.com\/es\/wp-json\/wp\/v2\/product\/5383","targetHints":{"allow":["GET"]}}],"collection":[{"href":"https:\/\/wpachem.com\/es\/wp-json\/wp\/v2\/product"}],"about":[{"href":"https:\/\/wpachem.com\/es\/wp-json\/wp\/v2\/types\/product"}],"version-history":[{"count":0,"href":"https:\/\/wpachem.com\/es\/wp-json\/wp\/v2\/product\/5383\/revisions"}],"wp:featuredmedia":[{"embeddable":true,"href":"https:\/\/wpachem.com\/es\/wp-json\/wp\/v2\/media\/4674"}],"wp:attachment":[{"href":"https:\/\/wpachem.com\/es\/wp-json\/wp\/v2\/media?parent=5383"}],"wp:term":[{"taxonomy":"product_brand","embeddable":true,"href":"https:\/\/wpachem.com\/es\/wp-json\/wp\/v2\/product_brand?post=5383"},{"taxonomy":"product_cat","embeddable":true,"href":"https:\/\/wpachem.com\/es\/wp-json\/wp\/v2\/product_cat?post=5383"},{"taxonomy":"product_tag","embeddable":true,"href":"https:\/\/wpachem.com\/es\/wp-json\/wp\/v2\/product_tag?post=5383"}],"curies":[{"name":"wp","href":"https:\/\/api.w.org\/{rel}","templated":true}]}}