{"id":5385,"date":"2023-12-01T08:41:16","date_gmt":"2023-12-01T08:41:16","guid":{"rendered":"https:\/\/wpachem.com\/?post_type=product&#038;p=5385"},"modified":"2023-12-01T08:45:09","modified_gmt":"2023-12-01T08:45:09","slug":"fenchyl-alcohol-cas-1632-73-1","status":"publish","type":"product","link":"https:\/\/wpachem.com\/es\/producto\/fenchyl-alcohol-cas-1632-73-1\/","title":{"rendered":"Alcohol fench\u00edlico CAS 1632-73-1"},"content":{"rendered":"<p><strong>Caracter\u00edstico<\/strong><\/p>\n<p>El alcohol fen\u00edlico es un l\u00edquido amarillo claro con un aroma a alcanforado y terroso. Es soluble en etanol, propilenglicol y la mayor\u00eda de los aceites no vol\u00e1tiles, e insoluble en agua.<\/p>\n<p><strong>Solicitud<\/strong><\/p>\n<ol>\n<li>Puede utilizarse como intermedio en s\u00edntesis arom\u00e1tica y org\u00e1nica.<\/li>\n<li>El alcohol fen\u00edlico se puede utilizar en refrescos, alimentos a base de agua, dulces, productos horneados; tambi\u00e9n se usa ampliamente en la preparaci\u00f3n de fragancias de hierbas, aromas de flores de tipo c\u00edtrico y cosm\u00e9ticos, y tambi\u00e9n se puede utilizar en suavizantes de telas y detergentes l\u00edquidos y otros productos qu\u00edmicos diarios.<\/li>\n<\/ol>\n<p><strong>Embalaje y almacenamiento<\/strong><\/p>\n<p>Mantener el envase bien cerrado. Conservar en el frigor\u00edfico. Mantener alejado de materiales incompatibles, como agentes oxidantes.<\/p>","protected":false},"excerpt":{"rendered":"<p>Nombre del producto: Alcohol fen\u00edlico<br \/>\nN.\u00ba CAS: 1632-73-1<br \/>\nMF: C10H18O<br \/>\nAspecto: l\u00edquido amarillo claro<\/p>","protected":false},"featured_media":3321,"template":"","meta":{"_acf_changed":false,"_gspb_post_css":""},"product_brand":[],"product_cat":[61],"product_tag":[],"class_list":{"0":"post-5385","1":"product","2":"type-product","3":"status-publish","4":"has-post-thumbnail","6":"product_cat-flavor-and-fragrance","8":"first","9":"instock","10":"shipping-taxable","11":"product-type-simple"},"acf":[],"_links":{"self":[{"href":"https:\/\/wpachem.com\/es\/wp-json\/wp\/v2\/product\/5385","targetHints":{"allow":["GET"]}}],"collection":[{"href":"https:\/\/wpachem.com\/es\/wp-json\/wp\/v2\/product"}],"about":[{"href":"https:\/\/wpachem.com\/es\/wp-json\/wp\/v2\/types\/product"}],"version-history":[{"count":0,"href":"https:\/\/wpachem.com\/es\/wp-json\/wp\/v2\/product\/5385\/revisions"}],"wp:featuredmedia":[{"embeddable":true,"href":"https:\/\/wpachem.com\/es\/wp-json\/wp\/v2\/media\/3321"}],"wp:attachment":[{"href":"https:\/\/wpachem.com\/es\/wp-json\/wp\/v2\/media?parent=5385"}],"wp:term":[{"taxonomy":"product_brand","embeddable":true,"href":"https:\/\/wpachem.com\/es\/wp-json\/wp\/v2\/product_brand?post=5385"},{"taxonomy":"product_cat","embeddable":true,"href":"https:\/\/wpachem.com\/es\/wp-json\/wp\/v2\/product_cat?post=5385"},{"taxonomy":"product_tag","embeddable":true,"href":"https:\/\/wpachem.com\/es\/wp-json\/wp\/v2\/product_tag?post=5385"}],"curies":[{"name":"wp","href":"https:\/\/api.w.org\/{rel}","templated":true}]}}